{"id":8698,"date":"2021-12-22T08:11:00","date_gmt":"2021-12-22T07:11:00","guid":{"rendered":"http:\/\/ecn.kielce.pl\/?page_id=8698"},"modified":"2021-12-23T15:16:16","modified_gmt":"2021-12-23T14:16:16","slug":"czy-sanie-swietego-mikolaja-sa-ekologicznym-srodkiem-transportu","status":"publish","type":"page","link":"https:\/\/ecn.kielce.pl\/index.php\/pl\/oferta\/ecn-on-line\/eco-friendly-z-projektem-green-thinking\/czy-sanie-swietego-mikolaja-sa-ekologicznym-srodkiem-transportu\/","title":{"rendered":"Czy sanie \u015awi\u0119tego Miko\u0142aja s\u0105 ekologicznym \u015brodkiem transportu?"},"content":{"rendered":"\n<p><strong>Profesor Phil Garnsworthy ze Szko\u0142y Nauk Biologicznych na University of Nottingham obliczy\u0142, ile dwutlenku w\u0119gla wytwarzaj\u0105 renifery w zaprz\u0119gu \u015awi\u0119tego Miko\u0142aja, lataj\u0105c nad Wielk\u0105 Brytani\u0105.<\/strong> <!--more--><\/p>\n<p>My, opieraj\u0105c si\u0119 na tych badaniach, obliczyli\u015bmy jak wygl\u0105da to na naszym niebie.<\/p>\n<p>Zak\u0142adamy, \u017ce \u015awi\u0119ty Miko\u0142aj, aby dotrze\u0107 do wszystkich dzieci w Polsce, musia\u0142by przejecha\u0107 540\u00a0300 km.<\/p>\n<p>Zaprz\u0119g \u015bwi\u0119tego Miko\u0142aja (a szczeg\u00f3lnie 9 renifer\u00f3w) wytworzy\u0142oby:\u00a028\u00a0ton CO2.<\/p>\n<p>Samoch\u00f3d hybrydowy typu plug-in: 24 tony CO2, samoch\u00f3d osobowy:\u00a0 57 ton CO2, samolot osobowy:\u00a0 7\u00a0480 ton CO2, ci\u0119\u017car\u00f3wka:\u00a0 64 tony CO2.<\/p>\n<p>\u00a0<\/p>\n<p>\u015awi\u0119ty Miko\u0142aj, udaj\u0105c si\u0119 na piechot\u0119, w wydychanym powietrzu wyemitowa\u0142by 1,5 tony CO2, tylko czy wtedy zd\u0105\u017cy\u0142by rozda\u0107 wszystkim prezenty?<\/p>\n<p>Chyba jednak sanie jako niskoemisyjny (i super szybki) \u015brodek transportu s\u0105 najlepszym rozwi\u0105zaniem na \u015awi\u0119ta.<\/p>\n<p>\u00a0<\/p>\n<p>Weso\u0142ych \u015awi\u0105t, Kochani!<\/p>\n","protected":false},"excerpt":{"rendered":"<p>Profesor Phil Garnsworthy ze Szko\u0142y Nauk Biologicznych na University of Nottingham obliczy\u0142, ile dwutlenku w\u0119gla wytwarzaj\u0105 renifery w zaprz\u0119gu \u015awi\u0119tego Miko\u0142aja, lataj\u0105c nad Wielk\u0105 Brytani\u0105.<\/p>\n","protected":false},"author":2,"featured_media":8699,"parent":7671,"menu_order":38,"comment_status":"closed","ping_status":"closed","template":"pt_oferta.php","meta":{"_links_to":"","_links_to_target":""},"_links":{"self":[{"href":"https:\/\/ecn.kielce.pl\/index.php\/wp-json\/wp\/v2\/pages\/8698"}],"collection":[{"href":"https:\/\/ecn.kielce.pl\/index.php\/wp-json\/wp\/v2\/pages"}],"about":[{"href":"https:\/\/ecn.kielce.pl\/index.php\/wp-json\/wp\/v2\/types\/page"}],"author":[{"embeddable":true,"href":"https:\/\/ecn.kielce.pl\/index.php\/wp-json\/wp\/v2\/users\/2"}],"replies":[{"embeddable":true,"href":"https:\/\/ecn.kielce.pl\/index.php\/wp-json\/wp\/v2\/comments?post=8698"}],"version-history":[{"count":1,"href":"https:\/\/ecn.kielce.pl\/index.php\/wp-json\/wp\/v2\/pages\/8698\/revisions"}],"predecessor-version":[{"id":8700,"href":"https:\/\/ecn.kielce.pl\/index.php\/wp-json\/wp\/v2\/pages\/8698\/revisions\/8700"}],"up":[{"embeddable":true,"href":"https:\/\/ecn.kielce.pl\/index.php\/wp-json\/wp\/v2\/pages\/7671"}],"wp:featuredmedia":[{"embeddable":true,"href":"https:\/\/ecn.kielce.pl\/index.php\/wp-json\/wp\/v2\/media\/8699"}],"wp:attachment":[{"href":"https:\/\/ecn.kielce.pl\/index.php\/wp-json\/wp\/v2\/media?parent=8698"}],"curies":[{"name":"wp","href":"https:\/\/api.w.org\/{rel}","templated":true}]}}