{"id":8666,"date":"2021-12-15T08:15:13","date_gmt":"2021-12-15T07:15:13","guid":{"rendered":"http:\/\/ecn.kielce.pl\/?page_id=8666"},"modified":"2021-12-15T09:44:47","modified_gmt":"2021-12-15T08:44:47","slug":"panele-sloneczne-w-kosmosie","status":"publish","type":"page","link":"https:\/\/ecn.kielce.pl\/index.php\/pl\/oferta\/ecn-on-line\/eco-friendly-z-projektem-green-thinking\/panele-sloneczne-w-kosmosie\/","title":{"rendered":"Panele s\u0142oneczne w kosmosie"},"content":{"rendered":"\n<p><strong>Gdyby nie ogniwa s\u0142oneczne, nie by\u0142oby mo\u017cliwe d\u0142ugotrwa\u0142e przebywanie w kosmosie.<\/strong> <!--more-->Przeci\u0105gni\u0119cie kabla z zasilaniem z Ziemi nie jest mo\u017cliwe i jedynym sposobem pozyskania energii elektrycznej, niezb\u0119dnej do podtrzymania \u017cycia w przestrzeni kosmicznej, s\u0105 fotoogniwa (panele s\u0142oneczne).<br>Jeden panel s\u0142oneczny Mi\u0119dzynarodowej Stacji Kosmicznej ma 35 m d\u0142ugo\u015bci i 12 m szeroko\u015bci. Wszystkie ogniwa na stacji maj\u0105 \u0142\u0105czn\u0105 powierzchni\u0119 2500 m2, czyli troch\u0119 wi\u0119ksz\u0105 ni\u017c p\u00f3\u0142 boiska do pi\u0142ki no\u017cnej. Generuj\u0105 oko\u0142o 100 kW (tysi\u0119cy wat\u00f3w) mocy, czyli tyle, ile potrzebuje 40 gospodarstw domowych. <\/p>\n","protected":false},"excerpt":{"rendered":"<p>Gdyby nie ogniwa s\u0142oneczne, nie by\u0142oby mo\u017cliwe d\u0142ugotrwa\u0142e przebywanie w kosmosie.<\/p>\n","protected":false},"author":2,"featured_media":8680,"parent":7671,"menu_order":36,"comment_status":"closed","ping_status":"closed","template":"pt_oferta.php","meta":{"_links_to":"","_links_to_target":""},"_links":{"self":[{"href":"https:\/\/ecn.kielce.pl\/index.php\/wp-json\/wp\/v2\/pages\/8666"}],"collection":[{"href":"https:\/\/ecn.kielce.pl\/index.php\/wp-json\/wp\/v2\/pages"}],"about":[{"href":"https:\/\/ecn.kielce.pl\/index.php\/wp-json\/wp\/v2\/types\/page"}],"author":[{"embeddable":true,"href":"https:\/\/ecn.kielce.pl\/index.php\/wp-json\/wp\/v2\/users\/2"}],"replies":[{"embeddable":true,"href":"https:\/\/ecn.kielce.pl\/index.php\/wp-json\/wp\/v2\/comments?post=8666"}],"version-history":[{"count":2,"href":"https:\/\/ecn.kielce.pl\/index.php\/wp-json\/wp\/v2\/pages\/8666\/revisions"}],"predecessor-version":[{"id":8681,"href":"https:\/\/ecn.kielce.pl\/index.php\/wp-json\/wp\/v2\/pages\/8666\/revisions\/8681"}],"up":[{"embeddable":true,"href":"https:\/\/ecn.kielce.pl\/index.php\/wp-json\/wp\/v2\/pages\/7671"}],"wp:featuredmedia":[{"embeddable":true,"href":"https:\/\/ecn.kielce.pl\/index.php\/wp-json\/wp\/v2\/media\/8680"}],"wp:attachment":[{"href":"https:\/\/ecn.kielce.pl\/index.php\/wp-json\/wp\/v2\/media?parent=8666"}],"curies":[{"name":"wp","href":"https:\/\/api.w.org\/{rel}","templated":true}]}}