{"id":8642,"date":"2021-12-01T07:48:00","date_gmt":"2021-12-01T06:48:00","guid":{"rendered":"http:\/\/ecn.kielce.pl\/?page_id=8642"},"modified":"2021-12-15T09:11:29","modified_gmt":"2021-12-15T08:11:29","slug":"biosolarne-panele-z-algami","status":"publish","type":"page","link":"https:\/\/ecn.kielce.pl\/index.php\/pl\/oferta\/ecn-on-line\/eco-friendly-z-projektem-green-thinking\/biosolarne-panele-z-algami\/","title":{"rendered":"Biosolarne panele z algami"},"content":{"rendered":"\n<p><strong>Czy wiecie, \u017ce powsta\u0142y biosolarne panele, kt\u00f3re za pomoc\u0105 alg oczyszczaj\u0105 powietrze w takim samym czasie jak 100 normalnych drzew?<\/strong><\/p>\n<p><!--more--><\/p>\n<p>Sztuczny Li\u015b\u0107 BioSolar umieszczony na bionicznym drzewie, na\u015bladuje prac\u0119 prawdziwego li\u015bcia, poch\u0142aniaj\u0105c dwutlenek w\u0119gla i uwalniaj\u0105c tlen w celu oczyszczenia powietrza.<\/p>\n<p>Du\u017ce miasta mog\u0105 czerpa\u0107 korzy\u015bci z posiadania tysi\u0119cy bionicznych drzew na dachach budynk\u00f3w.<\/p>\n<p>Takie drzewo opr\u00f3cz oczyszczania powietrza, przeprowadza jeszcze fotosyntez\u0119 z do\u0142adowaniem \u2013 dzi\u0119ki niemu wytwarzana jest zielona energia.<\/p>\n","protected":false},"excerpt":{"rendered":"<p>Czy wiecie, \u017ce powsta\u0142y biosolarne panele, kt\u00f3re za pomoc\u0105 alg oczyszczaj\u0105 powietrze w takim samym czasie jak 100 normalnych drzew?<\/p>\n","protected":false},"author":2,"featured_media":8643,"parent":7671,"menu_order":35,"comment_status":"closed","ping_status":"closed","template":"pt_oferta.php","meta":{"_links_to":"","_links_to_target":""},"_links":{"self":[{"href":"https:\/\/ecn.kielce.pl\/index.php\/wp-json\/wp\/v2\/pages\/8642"}],"collection":[{"href":"https:\/\/ecn.kielce.pl\/index.php\/wp-json\/wp\/v2\/pages"}],"about":[{"href":"https:\/\/ecn.kielce.pl\/index.php\/wp-json\/wp\/v2\/types\/page"}],"author":[{"embeddable":true,"href":"https:\/\/ecn.kielce.pl\/index.php\/wp-json\/wp\/v2\/users\/2"}],"replies":[{"embeddable":true,"href":"https:\/\/ecn.kielce.pl\/index.php\/wp-json\/wp\/v2\/comments?post=8642"}],"version-history":[{"count":2,"href":"https:\/\/ecn.kielce.pl\/index.php\/wp-json\/wp\/v2\/pages\/8642\/revisions"}],"predecessor-version":[{"id":8677,"href":"https:\/\/ecn.kielce.pl\/index.php\/wp-json\/wp\/v2\/pages\/8642\/revisions\/8677"}],"up":[{"embeddable":true,"href":"https:\/\/ecn.kielce.pl\/index.php\/wp-json\/wp\/v2\/pages\/7671"}],"wp:featuredmedia":[{"embeddable":true,"href":"https:\/\/ecn.kielce.pl\/index.php\/wp-json\/wp\/v2\/media\/8643"}],"wp:attachment":[{"href":"https:\/\/ecn.kielce.pl\/index.php\/wp-json\/wp\/v2\/media?parent=8642"}],"curies":[{"name":"wp","href":"https:\/\/api.w.org\/{rel}","templated":true}]}}