{"id":86,"date":"2016-02-21T17:06:37","date_gmt":"2016-02-21T16:06:37","guid":{"rendered":"http:\/\/ecn.dev\/?page_id=86"},"modified":"2025-07-07T14:04:37","modified_gmt":"2025-07-07T12:04:37","slug":"napisz-do-nas","status":"publish","type":"page","link":"https:\/\/ecn.kielce.pl\/index.php\/pl\/kontakt\/napisz-do-nas\/","title":{"rendered":"Napisz do nas"},"content":{"rendered":"<div role=\"form\" class=\"wpcf7\" id=\"wpcf7-f189-o1\" lang=\"pl-PL\" dir=\"ltr\">\n<div class=\"screen-reader-response\"><p role=\"status\" aria-live=\"polite\" aria-atomic=\"true\"><\/p> <ul><\/ul><\/div>\n<form action=\"\/index.php\/wp-json\/wp\/v2\/pages\/86#wpcf7-f189-o1\" method=\"post\" class=\"wpcf7-form init\" novalidate=\"novalidate\" data-status=\"init\">\n<div style=\"display: none;\">\n<input type=\"hidden\" name=\"_wpcf7\" value=\"189\" \/>\n<input type=\"hidden\" name=\"_wpcf7_version\" value=\"5.4\" \/>\n<input type=\"hidden\" name=\"_wpcf7_locale\" value=\"pl_PL\" \/>\n<input type=\"hidden\" name=\"_wpcf7_unit_tag\" value=\"wpcf7-f189-o1\" \/>\n<input type=\"hidden\" name=\"_wpcf7_container_post\" value=\"0\" \/>\n<input type=\"hidden\" name=\"_wpcf7_posted_data_hash\" value=\"\" \/>\n<\/div>\n<div action=\"\" class=\"row\">\n<div class=\"col-md-6\">\n<div class=\"form-group\">\n            <label for=\"your-name\" class=\"h4 text-uppercase\">Imi\u0119 i nazwisko <span class=\"text-danger\">*<\/span><\/label><br \/>\n            <span class=\"wpcf7-form-control-wrap your-name\"><input type=\"text\" name=\"your-name\" value=\"\" size=\"40\" class=\"wpcf7-form-control wpcf7-text wpcf7-validates-as-required form-control\" id=\"your-name\" aria-required=\"true\" aria-invalid=\"false\" \/><\/span>\n        <\/div>\n<div class=\"form-group\">\n            <label for=\"your-email\" class=\"h4 text-uppercase\">Adres e-mail <span class=\"text-danger\">*<\/span><\/label><br \/>\n            <span class=\"wpcf7-form-control-wrap your-email\"><input type=\"email\" name=\"your-email\" value=\"\" size=\"40\" class=\"wpcf7-form-control wpcf7-text wpcf7-email wpcf7-validates-as-required wpcf7-validates-as-email form-control\" id=\"your-email\" aria-required=\"true\" aria-invalid=\"false\" \/><\/span>\n        <\/div>\n<div class=\"form-group\">\n            <label for=\"tel-630\" class=\"h4 text-uppercase\">Telefon<\/label><br \/>\n            <span class=\"wpcf7-form-control-wrap tel-630\"><input type=\"tel\" name=\"tel-630\" value=\"\" size=\"40\" class=\"wpcf7-form-control wpcf7-text wpcf7-tel wpcf7-validates-as-tel form-control\" id=\"tel-630\" aria-invalid=\"false\" \/><\/span>\n        <\/div>\n<p class=\"text-danger\">* Pola obowi\u0105zkowe<\/p>\n<\/div>\n<div class=\"col-md-6\">\n<div class=\"form-group\">\n            <label for=\"your-subject\" class=\"h4 text-uppercase\">Temat <span class=\"text-danger\">*<\/span><\/label><br \/>\n            <span class=\"wpcf7-form-control-wrap your-subject\"><input type=\"text\" name=\"your-subject\" value=\"\" size=\"40\" class=\"wpcf7-form-control wpcf7-text form-control\" id=\"your-subject\" aria-invalid=\"false\" \/><\/span>\n        <\/div>\n<div class=\"form-group\">\n            <label for=\"your-message\" class=\"h4 text-uppercase\">Wiadomo\u015b\u0107 <span class=\"text-danger\">*<\/span><\/label><br \/>\n            <span class=\"wpcf7-form-control-wrap your-message\"><textarea name=\"your-message\" cols=\"40\" rows=\"10\" class=\"wpcf7-form-control wpcf7-textarea form-control\" id=\"your-message\" aria-invalid=\"false\"><\/textarea><\/span>\n        <\/div>\n<p>\t<a href=\"\" class=\"brand-btn brand-btn--red wpcf7-form-submit pull-right\"><br \/>\n\t\t<span class=\"brand-btn-action\">Wy\u015blij<\/span><span class=\"brand-btn-icon ecn-icon arrow-right\"><\/span><br \/>\n\t<\/a><\/p>\n<\/div>\n<\/div>\n<div class=\"wpcf7-response-output\" aria-hidden=\"true\"><\/div><\/form><\/div>\n<p style=\"text-align: justify;\">Podanie danych i wys\u0142anie formularza kontaktowego jest r\u00f3wnoznaczne z oczekiwaniem udzielenia odpowiedzi. Administratorem danych osobowych jest Kielecki Park Technologiczny z siedzib\u0105 w Kielcach, 25-663 Kielce, ul. Olszewskiego 6. Dane zebrane przez formularz przetwarzane s\u0105 wy\u0142\u0105cznie w celu udzielania odpowiedzi na zadane pytanie. Korzystanie z formularza jest dobrowolne. Wi\u0119cej informacji na temat przetwarzania danych osobowych znajduje si\u0119 w <a href=\"https:\/\/ecn.kielce.pl\/index.php\/pl\/zaplanuj-wizyte\/polityka-prywatnosci\/\">Polityce Prywatno\u015bci<\/a>.<\/p>\n","protected":false},"excerpt":{"rendered":"<p>Podanie danych i wys\u0142anie formularza kontaktowego jest r\u00f3wnoznaczne z oczekiwaniem udzielenia odpowiedzi. Administratorem danych osobowych jest Kielecki Park Technologiczny z siedzib\u0105 w Kielcach, 25-663 Kielce, ul. Olszewskiego 6. Dane zebrane przez formularz przetwarzane s\u0105 wy\u0142\u0105cznie w celu udzielania odpowiedzi na zadane pytanie. Korzystanie z formularza jest dobrowolne. Wi\u0119cej informacji na temat przetwarzania danych osobowych znajduje [&hellip;]<\/p>\n","protected":false},"author":1,"featured_media":0,"parent":74,"menu_order":7,"comment_status":"closed","ping_status":"closed","template":"pt_kontakt.php","meta":{"_links_to":"","_links_to_target":""},"_links":{"self":[{"href":"https:\/\/ecn.kielce.pl\/index.php\/wp-json\/wp\/v2\/pages\/86"}],"collection":[{"href":"https:\/\/ecn.kielce.pl\/index.php\/wp-json\/wp\/v2\/pages"}],"about":[{"href":"https:\/\/ecn.kielce.pl\/index.php\/wp-json\/wp\/v2\/types\/page"}],"author":[{"embeddable":true,"href":"https:\/\/ecn.kielce.pl\/index.php\/wp-json\/wp\/v2\/users\/1"}],"replies":[{"embeddable":true,"href":"https:\/\/ecn.kielce.pl\/index.php\/wp-json\/wp\/v2\/comments?post=86"}],"version-history":[{"count":7,"href":"https:\/\/ecn.kielce.pl\/index.php\/wp-json\/wp\/v2\/pages\/86\/revisions"}],"predecessor-version":[{"id":7846,"href":"https:\/\/ecn.kielce.pl\/index.php\/wp-json\/wp\/v2\/pages\/86\/revisions\/7846"}],"up":[{"embeddable":true,"href":"https:\/\/ecn.kielce.pl\/index.php\/wp-json\/wp\/v2\/pages\/74"}],"wp:attachment":[{"href":"https:\/\/ecn.kielce.pl\/index.php\/wp-json\/wp\/v2\/media?parent=86"}],"curies":[{"name":"wp","href":"https:\/\/api.w.org\/{rel}","templated":true}]}}