{"id":8584,"date":"2021-11-10T22:35:52","date_gmt":"2021-11-10T21:35:52","guid":{"rendered":"http:\/\/ecn.kielce.pl\/?page_id=8584"},"modified":"2021-11-10T22:35:54","modified_gmt":"2021-11-10T21:35:54","slug":"energetyczny-potencjal-alg","status":"publish","type":"page","link":"https:\/\/ecn.kielce.pl\/index.php\/pl\/oferta\/ecn-on-line\/eco-friendly-z-projektem-green-thinking\/energetyczny-potencjal-alg\/","title":{"rendered":"Energetyczny potencja\u0142 alg"},"content":{"rendered":"\n<p><strong>Algi to bardzo wytrzyma\u0142e ro\u015bliny, kt\u00f3re do \u017cycia potrzebuj\u0105 troch\u0119 s\u0142o\u0144ca, wody i ciep\u0142a.<\/strong> <!--more-->Rozmna\u017caj\u0105 si\u0119 szybko i od\u017cywiaj\u0105 nawet \u015bciekami. Martwe szcz\u0105tki alg mog\u0105 by\u0107 przerobione na paliwo. Entuzja\u015bci energii z alg szacuj\u0105, \u017ce pokrycie basenami z algami niespe\u0142na 0,5% powierzchni Stan\u00f3w Zjednoczonych pozwoli\u0142oby na zaspokojenie zapotrzebowania kraju na paliwa, kt\u00f3re dzi\u015b otrzymywane s\u0105 na drodze rafinacji ropy naftowej.<\/p>\n","protected":false},"excerpt":{"rendered":"<p>Algi to bardzo wytrzyma\u0142e ro\u015bliny, kt\u00f3re do \u017cycia potrzebuj\u0105 troch\u0119 s\u0142o\u0144ca, wody i ciep\u0142a.<\/p>\n","protected":false},"author":2,"featured_media":8585,"parent":7671,"menu_order":32,"comment_status":"closed","ping_status":"closed","template":"pt_oferta.php","meta":{"_links_to":"","_links_to_target":""},"_links":{"self":[{"href":"https:\/\/ecn.kielce.pl\/index.php\/wp-json\/wp\/v2\/pages\/8584"}],"collection":[{"href":"https:\/\/ecn.kielce.pl\/index.php\/wp-json\/wp\/v2\/pages"}],"about":[{"href":"https:\/\/ecn.kielce.pl\/index.php\/wp-json\/wp\/v2\/types\/page"}],"author":[{"embeddable":true,"href":"https:\/\/ecn.kielce.pl\/index.php\/wp-json\/wp\/v2\/users\/2"}],"replies":[{"embeddable":true,"href":"https:\/\/ecn.kielce.pl\/index.php\/wp-json\/wp\/v2\/comments?post=8584"}],"version-history":[{"count":2,"href":"https:\/\/ecn.kielce.pl\/index.php\/wp-json\/wp\/v2\/pages\/8584\/revisions"}],"predecessor-version":[{"id":8610,"href":"https:\/\/ecn.kielce.pl\/index.php\/wp-json\/wp\/v2\/pages\/8584\/revisions\/8610"}],"up":[{"embeddable":true,"href":"https:\/\/ecn.kielce.pl\/index.php\/wp-json\/wp\/v2\/pages\/7671"}],"wp:featuredmedia":[{"embeddable":true,"href":"https:\/\/ecn.kielce.pl\/index.php\/wp-json\/wp\/v2\/media\/8585"}],"wp:attachment":[{"href":"https:\/\/ecn.kielce.pl\/index.php\/wp-json\/wp\/v2\/media?parent=8584"}],"curies":[{"name":"wp","href":"https:\/\/api.w.org\/{rel}","templated":true}]}}