{"id":8580,"date":"2021-11-03T07:39:00","date_gmt":"2021-11-03T06:39:00","guid":{"rendered":"http:\/\/ecn.kielce.pl\/?page_id=8580"},"modified":"2021-11-02T11:45:05","modified_gmt":"2021-11-02T10:45:05","slug":"recykling-odziezy-a-woda","status":"publish","type":"page","link":"https:\/\/ecn.kielce.pl\/index.php\/pl\/oferta\/ecn-on-line\/eco-friendly-z-projektem-green-thinking\/recykling-odziezy-a-woda\/","title":{"rendered":"Recykling odzie\u017cy a woda"},"content":{"rendered":"\n<h2><strong>Czy wiecie, \u017ce do produkcji jednego T-shirta potrzeba a\u017c 2700 litr\u00f3w wody? Taka ilo\u015b\u0107 wody pitnej wystarczy jednej osobie doros\u0142ej a\u017c na 2,5 roku!<\/strong><\/h2>\n<p><!--more--><\/p>\n<p>W wyniku prania syntetyk\u00f3w co roku do m\u00f3rz i ocean\u00f3w trafia oko\u0142o p\u00f3\u0142 miliona ton mikrow\u0142\u00f3kien. Stanowi\u0105 one a\u017c 35% pierwotnych mikrodrobin plastiku uwalnianych do \u015brodowiska. Od 1996 roku z powodu spadku cen ilo\u015b\u0107 odzie\u017cy kupowanej w UE na osob\u0119 wzros\u0142a o 40%. Spowodowa\u0142o to znacznie skr\u00f3cony okres u\u017cytkowania ubra\u0144. Europejczycy rocznie kupuj\u0105 prawie 26 kg tekstyli\u00f3w, pozbywaj\u0105c si\u0119 przy tym oko\u0142o 11 kg. Do niedawna niechciane ubrania oddawano na cele charytatywne. Obecnie natomiast cz\u0119sto s\u0105 po prostu wyrzucane. Stanowi to powa\u017cny problem ekologiczny. Co mo\u017cemy z tym zrobi\u0107?<\/p>\n<p>&#8211; kupujmy odzie\u017c posiadaj\u0105c\u0105 oznakowanie ekologiczne UE (ograniczone stosowanie szkodliwych substancji, ograniczenie zanieczyszczenia wody i powietrza)<\/p>\n<p>&#8211; kupujmy odzie\u017c ze sk\u0142adem tkanin naturalnych (bawe\u0142na, len, we\u0142na, kaszmir, jedwab, alpaka), a nie syntetycznych (materia\u0142y pochodne ropy naftowej)<\/p>\n<p>&#8211; kupujmy odzie\u017c z rynku wt\u00f3rnego (second handy)<\/p>\n","protected":false},"excerpt":{"rendered":"<p>Czy wiecie, \u017ce do produkcji jednego T-shirta potrzeba a\u017c 2700 litr\u00f3w wody? Taka ilo\u015b\u0107 wody pitnej wystarczy jednej osobie doros\u0142ej a\u017c na 2,5 roku!<\/p>\n","protected":false},"author":2,"featured_media":8581,"parent":7671,"menu_order":31,"comment_status":"closed","ping_status":"closed","template":"pt_oferta.php","meta":{"_links_to":"","_links_to_target":""},"_links":{"self":[{"href":"https:\/\/ecn.kielce.pl\/index.php\/wp-json\/wp\/v2\/pages\/8580"}],"collection":[{"href":"https:\/\/ecn.kielce.pl\/index.php\/wp-json\/wp\/v2\/pages"}],"about":[{"href":"https:\/\/ecn.kielce.pl\/index.php\/wp-json\/wp\/v2\/types\/page"}],"author":[{"embeddable":true,"href":"https:\/\/ecn.kielce.pl\/index.php\/wp-json\/wp\/v2\/users\/2"}],"replies":[{"embeddable":true,"href":"https:\/\/ecn.kielce.pl\/index.php\/wp-json\/wp\/v2\/comments?post=8580"}],"version-history":[{"count":1,"href":"https:\/\/ecn.kielce.pl\/index.php\/wp-json\/wp\/v2\/pages\/8580\/revisions"}],"predecessor-version":[{"id":8582,"href":"https:\/\/ecn.kielce.pl\/index.php\/wp-json\/wp\/v2\/pages\/8580\/revisions\/8582"}],"up":[{"embeddable":true,"href":"https:\/\/ecn.kielce.pl\/index.php\/wp-json\/wp\/v2\/pages\/7671"}],"wp:featuredmedia":[{"embeddable":true,"href":"https:\/\/ecn.kielce.pl\/index.php\/wp-json\/wp\/v2\/media\/8581"}],"wp:attachment":[{"href":"https:\/\/ecn.kielce.pl\/index.php\/wp-json\/wp\/v2\/media?parent=8580"}],"curies":[{"name":"wp","href":"https:\/\/api.w.org\/{rel}","templated":true}]}}