{"id":8473,"date":"2021-09-29T14:21:09","date_gmt":"2021-09-29T12:21:09","guid":{"rendered":"http:\/\/ecn.kielce.pl\/?page_id=8473"},"modified":"2021-09-29T14:21:10","modified_gmt":"2021-09-29T12:21:10","slug":"eko-krzyzowka-2","status":"publish","type":"page","link":"https:\/\/ecn.kielce.pl\/index.php\/pl\/oferta\/ecn-on-line\/eco-friendly-z-projektem-green-thinking\/eko-krzyzowka-2\/","title":{"rendered":"EKO krzy\u017c\u00f3wka"},"content":{"rendered":"\n<p><strong>Jak dobrze znasz nasze ciekawostki, kt\u00f3re do tej pory publikowali\u015bmy? Rozwi\u0105\u017c eko krzy\u017c\u00f3wk\u0119 i poznaj has\u0142o. <br \/><\/strong><!--more--><\/p>\n<p><a href=\"http:\/\/ecn.kielce.pl\/wp-content\/uploads\/2021\/09\/krzyzowka_eko.pdf\">POBIERZ KRZY\u017b\u00d3WK\u0118 TUTAJ<\/a><\/p>\n","protected":false},"excerpt":{"rendered":"<p>Jak dobrze znasz nasze ciekawostki, kt\u00f3re do tej pory publikowali\u015bmy? Rozwi\u0105\u017c eko krzy\u017c\u00f3wk\u0119 i poznaj has\u0142o.<\/p>\n","protected":false},"author":2,"featured_media":8474,"parent":7671,"menu_order":27,"comment_status":"closed","ping_status":"closed","template":"pt_oferta.php","meta":{"_links_to":"","_links_to_target":""},"_links":{"self":[{"href":"https:\/\/ecn.kielce.pl\/index.php\/wp-json\/wp\/v2\/pages\/8473"}],"collection":[{"href":"https:\/\/ecn.kielce.pl\/index.php\/wp-json\/wp\/v2\/pages"}],"about":[{"href":"https:\/\/ecn.kielce.pl\/index.php\/wp-json\/wp\/v2\/types\/page"}],"author":[{"embeddable":true,"href":"https:\/\/ecn.kielce.pl\/index.php\/wp-json\/wp\/v2\/users\/2"}],"replies":[{"embeddable":true,"href":"https:\/\/ecn.kielce.pl\/index.php\/wp-json\/wp\/v2\/comments?post=8473"}],"version-history":[{"count":1,"href":"https:\/\/ecn.kielce.pl\/index.php\/wp-json\/wp\/v2\/pages\/8473\/revisions"}],"predecessor-version":[{"id":8476,"href":"https:\/\/ecn.kielce.pl\/index.php\/wp-json\/wp\/v2\/pages\/8473\/revisions\/8476"}],"up":[{"embeddable":true,"href":"https:\/\/ecn.kielce.pl\/index.php\/wp-json\/wp\/v2\/pages\/7671"}],"wp:featuredmedia":[{"embeddable":true,"href":"https:\/\/ecn.kielce.pl\/index.php\/wp-json\/wp\/v2\/media\/8474"}],"wp:attachment":[{"href":"https:\/\/ecn.kielce.pl\/index.php\/wp-json\/wp\/v2\/media?parent=8473"}],"curies":[{"name":"wp","href":"https:\/\/api.w.org\/{rel}","templated":true}]}}