{"id":8469,"date":"2021-09-22T10:48:00","date_gmt":"2021-09-22T08:48:00","guid":{"rendered":"http:\/\/ecn.kielce.pl\/?page_id=8469"},"modified":"2021-09-29T10:51:00","modified_gmt":"2021-09-29T08:51:00","slug":"dlaczego-pilka-nie-spada","status":"publish","type":"page","link":"https:\/\/ecn.kielce.pl\/index.php\/pl\/oferta\/ecn-on-line\/eco-friendly-z-projektem-green-thinking\/dlaczego-pilka-nie-spada\/","title":{"rendered":"Dlaczego pi\u0142ka nie spada?"},"content":{"rendered":"\n<p><strong>Intuicja podpowiada, \u017ce je\u015bli umie\u015bcisz pi\u0142eczk\u0119 w silnym strumieniu powietrza, to powinna zosta\u0107 z niego wypchni\u0119ta i upa\u015b\u0107 na ziemi\u0119. <\/strong><!--more--><\/p>\n<p>Tymczasem jest zupe\u0142nie odwrotnie: strumie\u0144 utrzymuje pi\u0142eczk\u0119 wewn\u0105trz siebie! Dlaczego? Okazuje si\u0119, \u017ce na mocy prawa Bernoulliego tam, gdzie powietrze porusza si\u0119 szybciej, panuje mniejsze ci\u015bnienie. Zatem strumie\u0144 pr\u0119dko p\u0142yn\u0105cego powietrza jest otoczony nieruchomym powietrzem o wy\u017cszym ci\u015bnieniu. To w\u0142a\u015bnie ono nie pozwala pi\u0142ce upa\u015b\u0107.<\/p>\n","protected":false},"excerpt":{"rendered":"<p>Intuicja podpowiada, \u017ce je\u015bli umie\u015bcisz pi\u0142eczk\u0119 w silnym strumieniu powietrza, to powinna zosta\u0107 z niego wypchni\u0119ta i upa\u015b\u0107 na ziemi\u0119.<\/p>\n","protected":false},"author":2,"featured_media":8470,"parent":7671,"menu_order":26,"comment_status":"closed","ping_status":"closed","template":"pt_oferta.php","meta":{"_links_to":"","_links_to_target":""},"_links":{"self":[{"href":"https:\/\/ecn.kielce.pl\/index.php\/wp-json\/wp\/v2\/pages\/8469"}],"collection":[{"href":"https:\/\/ecn.kielce.pl\/index.php\/wp-json\/wp\/v2\/pages"}],"about":[{"href":"https:\/\/ecn.kielce.pl\/index.php\/wp-json\/wp\/v2\/types\/page"}],"author":[{"embeddable":true,"href":"https:\/\/ecn.kielce.pl\/index.php\/wp-json\/wp\/v2\/users\/2"}],"replies":[{"embeddable":true,"href":"https:\/\/ecn.kielce.pl\/index.php\/wp-json\/wp\/v2\/comments?post=8469"}],"version-history":[{"count":1,"href":"https:\/\/ecn.kielce.pl\/index.php\/wp-json\/wp\/v2\/pages\/8469\/revisions"}],"predecessor-version":[{"id":8471,"href":"https:\/\/ecn.kielce.pl\/index.php\/wp-json\/wp\/v2\/pages\/8469\/revisions\/8471"}],"up":[{"embeddable":true,"href":"https:\/\/ecn.kielce.pl\/index.php\/wp-json\/wp\/v2\/pages\/7671"}],"wp:featuredmedia":[{"embeddable":true,"href":"https:\/\/ecn.kielce.pl\/index.php\/wp-json\/wp\/v2\/media\/8470"}],"wp:attachment":[{"href":"https:\/\/ecn.kielce.pl\/index.php\/wp-json\/wp\/v2\/media?parent=8469"}],"curies":[{"name":"wp","href":"https:\/\/api.w.org\/{rel}","templated":true}]}}