{"id":8420,"date":"2021-09-15T11:59:47","date_gmt":"2021-09-15T09:59:47","guid":{"rendered":"http:\/\/ecn.kielce.pl\/?page_id=8420"},"modified":"2021-09-16T18:11:42","modified_gmt":"2021-09-16T16:11:42","slug":"e-ferry-elektryczne-promy","status":"publish","type":"page","link":"https:\/\/ecn.kielce.pl\/index.php\/pl\/oferta\/ecn-on-line\/eco-friendly-z-projektem-green-thinking\/e-ferry-elektryczne-promy\/","title":{"rendered":"E-Ferry \u2013 elektryczne promy"},"content":{"rendered":"\n<p><strong>Czy wiecie, \u017ce istniej\u0105 ju\u017c promy w pe\u0142ni nap\u0119dzane silnikami elektrycznymi?<\/strong><\/p>\n<p><!--more--><\/p>\n<p>Pierwszy taki prom \u201eAmpere\u201d operuje od maja 2015 roku. Powsta\u0142 w norweskiej stoczni Fjellstarnd w Omstrand przy wsp\u00f3\u0142pracy z firm\u0105 Simens, kt\u00f3ra dostarczy\u0142a technologicznego rozwi\u0105zania zasilania nap\u0119dem elektrycznym. Ciekawostk\u0105 jest, \u017ce aluminiowy kad\u0142ub promu zosta\u0142 wykonany przez gda\u0144sk\u0105 firm\u0119 Aluship Technology. \u201eAmpere\u201d zaprojektowany jako katamaran ma 80 m d\u0142ugo\u015bci i 21 metr\u00f3w szeroko\u015bci. Na pok\u0142adzie mie\u015bci 360 pasa\u017cer\u00f3w oraz 120 samochod\u00f3w. Zu\u017cywa on rocznie 2 mln kwh, podczas gdy prom nap\u0119dzany dieslem, pokonuj\u0105cy t\u0119 sam\u0105 tras\u0119, musia\u0142by zu\u017cy\u0107 570 ton dwutlenku w\u0119gla oraz 15 ton tlenk\u00f3w azotu.<\/p>\n<p>Najwi\u0119kszym elektrycznym promem na \u015bwiecie jest \u201eBasto\u201d, mierz\u0105cy 139,2 m d\u0142ugo\u015bci i 21 m szeroko\u015bci. Zosta\u0142 zbudowany w tureckiej stoczni \u201eSelfine\u201d i jest w stanie pomie\u015bci\u0107 600 pasa\u017cer\u00f3w, 200 samochod\u00f3w i 24 ci\u0119\u017car\u00f3wki. Kursuje na dystansie 10 km po wodach Norwegii.<\/p>\n<p>Najmocniejszym na \u015bwiecie, w pe\u0142ni elektrycznym e-promem jest \u201eEllen\u201d. Jednostka kursuje na dystansie 40 km pomi\u0119dzy portami Fyshav i Soby w po\u0142udniowej Danii.<\/p>\n","protected":false},"excerpt":{"rendered":"<p>Czy wiecie, \u017ce istniej\u0105 ju\u017c promy w pe\u0142ni nap\u0119dzane silnikami elektrycznymi?<\/p>\n","protected":false},"author":2,"featured_media":8427,"parent":7671,"menu_order":25,"comment_status":"closed","ping_status":"closed","template":"pt_oferta.php","meta":{"_links_to":"","_links_to_target":""},"_links":{"self":[{"href":"https:\/\/ecn.kielce.pl\/index.php\/wp-json\/wp\/v2\/pages\/8420"}],"collection":[{"href":"https:\/\/ecn.kielce.pl\/index.php\/wp-json\/wp\/v2\/pages"}],"about":[{"href":"https:\/\/ecn.kielce.pl\/index.php\/wp-json\/wp\/v2\/types\/page"}],"author":[{"embeddable":true,"href":"https:\/\/ecn.kielce.pl\/index.php\/wp-json\/wp\/v2\/users\/2"}],"replies":[{"embeddable":true,"href":"https:\/\/ecn.kielce.pl\/index.php\/wp-json\/wp\/v2\/comments?post=8420"}],"version-history":[{"count":8,"href":"https:\/\/ecn.kielce.pl\/index.php\/wp-json\/wp\/v2\/pages\/8420\/revisions"}],"predecessor-version":[{"id":8434,"href":"https:\/\/ecn.kielce.pl\/index.php\/wp-json\/wp\/v2\/pages\/8420\/revisions\/8434"}],"up":[{"embeddable":true,"href":"https:\/\/ecn.kielce.pl\/index.php\/wp-json\/wp\/v2\/pages\/7671"}],"wp:featuredmedia":[{"embeddable":true,"href":"https:\/\/ecn.kielce.pl\/index.php\/wp-json\/wp\/v2\/media\/8427"}],"wp:attachment":[{"href":"https:\/\/ecn.kielce.pl\/index.php\/wp-json\/wp\/v2\/media?parent=8420"}],"curies":[{"name":"wp","href":"https:\/\/api.w.org\/{rel}","templated":true}]}}