{"id":8357,"date":"2021-09-01T18:14:23","date_gmt":"2021-09-01T16:14:23","guid":{"rendered":"http:\/\/ecn.kielce.pl\/?page_id=8357"},"modified":"2021-09-08T08:58:42","modified_gmt":"2021-09-08T06:58:42","slug":"zrownowazony-transport","status":"publish","type":"page","link":"https:\/\/ecn.kielce.pl\/index.php\/pl\/oferta\/ecn-on-line\/eco-friendly-z-projektem-green-thinking\/zrownowazony-transport\/","title":{"rendered":"Zr\u00f3wnowa\u017cony Transport"},"content":{"rendered":"\n<p><strong>Zr\u00f3wnowa\u017cony transport odnosi si\u0119 do ka\u017cdego \u015brodka transportu, kt\u00f3ry jest ekologiczny i ma niewielki wp\u0142yw na \u015brodowisko.<\/strong><\/p>\n<p>Idea ta polega r\u00f3wnie\u017c na efektywnej komunikacji oraz r\u00f3wnowa\u017ceniu naszych obecnych i przysz\u0142ych potrzeb. Nie jest to rewolucyjny pomys\u0142, jednak niewiele miast i miasteczek wydaje si\u0119 realizowa\u0107 go z ogromnym rozmachem, a mieszka\u0144cy nie przyk\u0142adaj\u0105 do tego du\u017cej wagi.<\/p>\n<p>Przyk\u0142adami zr\u00f3wnowa\u017conego transportu s\u0105: poruszanie si\u0119 pieszo, jazda na rowerze, korzystanie z komunikacji miejskiej, wsp\u00f3lne przejazdy (carpooling), wsp\u00f3lne korzystanie z samochodu (tzw. carsharing) i ekologiczne pojazdy, np. samochody je\u017cd\u017c\u0105ce na gaz ziemny, nap\u0119dzane elektrycznie lub wodorem.<\/p>\n<p>Pozostawienie samochodu w domu i korzystanie z bardziej zr\u00f3wnowa\u017conych \u015brodk\u00f3w transportu przyniesie korzy\u015bci zar\u00f3wno Tobie i jak i Twojemu miastu. Obejmuj\u0105 one, m.in.:<\/p>\n<p>&#8211; mniejsze zag\u0119szczenie ruchu<\/p>\n<p>&#8211; zmniejszenie zanieczyszczenie powietrza i zwi\u0105zanych z nim zagro\u017ce\u0144, takich jak astma, czy choroby p\u0142uc<\/p>\n<p>&#8211; zmniejszenie emisji gaz\u00f3w cieplarnianych<\/p>\n<p>&#8211; ni\u017csze koszty transportu<\/p>\n<p>&#8211; popraw\u0119 formy i kondycji w zwi\u0105zku ze zwi\u0119kszon\u0105 aktywno\u015b\u0107 fizyczn\u0105<\/p>\n<p>&#8211; polepszenie jako\u015bci \u017cycia<\/p>\n<p>&#8211; mniejsza zale\u017cno\u015b\u0107 od nieodnawialnych \u017ar\u00f3de\u0142 energii<\/p>\n","protected":false},"excerpt":{"rendered":"<p>Zr\u00f3wnowa\u017cony transport odnosi si\u0119 do ka\u017cdego \u015brodka transportu, kt\u00f3ry jest ekologiczny i ma niewielki wp\u0142yw na \u015brodowisko. Idea ta polega r\u00f3wnie\u017c na efektywnej komunikacji oraz r\u00f3wnowa\u017ceniu naszych obecnych i przysz\u0142ych potrzeb. Nie jest to rewolucyjny pomys\u0142, jednak niewiele miast i miasteczek wydaje si\u0119 realizowa\u0107 go z ogromnym rozmachem, a mieszka\u0144cy nie przyk\u0142adaj\u0105 do tego du\u017cej [&hellip;]<\/p>\n","protected":false},"author":2,"featured_media":8354,"parent":7671,"menu_order":23,"comment_status":"closed","ping_status":"closed","template":"pt_oferta.php","meta":{"_links_to":"","_links_to_target":""},"_links":{"self":[{"href":"https:\/\/ecn.kielce.pl\/index.php\/wp-json\/wp\/v2\/pages\/8357"}],"collection":[{"href":"https:\/\/ecn.kielce.pl\/index.php\/wp-json\/wp\/v2\/pages"}],"about":[{"href":"https:\/\/ecn.kielce.pl\/index.php\/wp-json\/wp\/v2\/types\/page"}],"author":[{"embeddable":true,"href":"https:\/\/ecn.kielce.pl\/index.php\/wp-json\/wp\/v2\/users\/2"}],"replies":[{"embeddable":true,"href":"https:\/\/ecn.kielce.pl\/index.php\/wp-json\/wp\/v2\/comments?post=8357"}],"version-history":[{"count":8,"href":"https:\/\/ecn.kielce.pl\/index.php\/wp-json\/wp\/v2\/pages\/8357\/revisions"}],"predecessor-version":[{"id":8391,"href":"https:\/\/ecn.kielce.pl\/index.php\/wp-json\/wp\/v2\/pages\/8357\/revisions\/8391"}],"up":[{"embeddable":true,"href":"https:\/\/ecn.kielce.pl\/index.php\/wp-json\/wp\/v2\/pages\/7671"}],"wp:featuredmedia":[{"embeddable":true,"href":"https:\/\/ecn.kielce.pl\/index.php\/wp-json\/wp\/v2\/media\/8354"}],"wp:attachment":[{"href":"https:\/\/ecn.kielce.pl\/index.php\/wp-json\/wp\/v2\/media?parent=8357"}],"curies":[{"name":"wp","href":"https:\/\/api.w.org\/{rel}","templated":true}]}}