{"id":82,"date":"2016-02-21T17:01:52","date_gmt":"2016-02-21T16:01:52","guid":{"rendered":"http:\/\/ecn.dev\/?page_id=82"},"modified":"2025-07-22T08:14:46","modified_gmt":"2025-07-22T06:14:46","slug":"parking","status":"publish","type":"page","link":"https:\/\/ecn.kielce.pl\/index.php\/pl\/kontakt\/parking\/","title":{"rendered":"Parking"},"content":{"rendered":"<p style=\"text-align: justify;\"><strong>Miejsca postojowe dla zwiedzaj\u0105cych indywidualnych<\/strong> znajduj\u0105 si\u0119 na parkingu usytuowanym obok czarnego budynku Inkubatora SKYE INC. ze szklan\u0105 elewacj\u0105, przy ulicy Olszewskiego 6.<\/p>\n<p style=\"text-align: justify;\">Po wje\u017adzie na parking nale\u017cy wybra\u0107 nieoznakowane miejsce nieoznakowane przez lokator\u00f3w Inkubatora.<\/p>\n<p style=\"text-align: justify;\">W przypadku braku dost\u0119pnych miejsc mo\u017cna tak\u017ce zaparkowa\u0107 samoch\u00f3d na parkingu MARINA BAY, kt\u00f3ry znajduje si\u0119 po lewej stronie ulicy Olszewskiego, naprzeciwko pomara\u0144czowego budynku Inkubatora Technologicznego ORANGE.<\/p>\n<hr \/>\n<p style=\"text-align: justify;\"><strong>Miejsca parkingowe dla autobus\u00f3w<\/strong> znajduj\u0105 si\u0119 w zatoce autobusowej przy ul. Olszewskiego 21, naprzeciwko budynku OULU TECH..<\/p>\n<p style=\"text-align: justify;\">Istnieje mo\u017cliwo\u015b\u0107 podjechania autokarem bezpo\u015brednio pod wej\u015bcie g\u0142\u00f3wne budynku, w kt\u00f3rym znajduje si\u0119 Energetyczne Centrum Nauki.\u00a0W przypadku z\u0142ej pogody kierowca wysadza dzieci przed g\u0142\u00f3wnym wej\u015bciem (na przystanku autobusowym), a nast\u0119pnie przeje\u017cd\u017ca na zatok\u0119 autobusow\u0105.<\/p>\n<hr \/>\n<p>Kilka miejsc parkingowych znajduje si\u0119 r\u00f3wnie\u017c na terenie Energetycznego Ogrodu Do\u015bwiadcze\u0144.<\/p>\n<p style=\"text-align: justify;\">\n","protected":false},"excerpt":{"rendered":"<p>Miejsca postojowe dla zwiedzaj\u0105cych indywidualnych znajduj\u0105 si\u0119 na parkingu usytuowanym obok czarnego budynku Inkubatora SKYE INC. ze szklan\u0105 elewacj\u0105, przy ulicy Olszewskiego 6. Po wje\u017adzie na parking nale\u017cy wybra\u0107 nieoznakowane miejsce nieoznakowane przez lokator\u00f3w Inkubatora. W przypadku braku dost\u0119pnych miejsc mo\u017cna tak\u017ce zaparkowa\u0107 samoch\u00f3d na parkingu MARINA BAY, kt\u00f3ry znajduje si\u0119 po lewej stronie ulicy [&hellip;]<\/p>\n","protected":false},"author":1,"featured_media":6121,"parent":74,"menu_order":5,"comment_status":"closed","ping_status":"closed","template":"pt_kontakt.php","meta":{"_links_to":"","_links_to_target":""},"_links":{"self":[{"href":"https:\/\/ecn.kielce.pl\/index.php\/wp-json\/wp\/v2\/pages\/82"}],"collection":[{"href":"https:\/\/ecn.kielce.pl\/index.php\/wp-json\/wp\/v2\/pages"}],"about":[{"href":"https:\/\/ecn.kielce.pl\/index.php\/wp-json\/wp\/v2\/types\/page"}],"author":[{"embeddable":true,"href":"https:\/\/ecn.kielce.pl\/index.php\/wp-json\/wp\/v2\/users\/1"}],"replies":[{"embeddable":true,"href":"https:\/\/ecn.kielce.pl\/index.php\/wp-json\/wp\/v2\/comments?post=82"}],"version-history":[{"count":5,"href":"https:\/\/ecn.kielce.pl\/index.php\/wp-json\/wp\/v2\/pages\/82\/revisions"}],"predecessor-version":[{"id":12104,"href":"https:\/\/ecn.kielce.pl\/index.php\/wp-json\/wp\/v2\/pages\/82\/revisions\/12104"}],"up":[{"embeddable":true,"href":"https:\/\/ecn.kielce.pl\/index.php\/wp-json\/wp\/v2\/pages\/74"}],"wp:featuredmedia":[{"embeddable":true,"href":"https:\/\/ecn.kielce.pl\/index.php\/wp-json\/wp\/v2\/media\/6121"}],"wp:attachment":[{"href":"https:\/\/ecn.kielce.pl\/index.php\/wp-json\/wp\/v2\/media?parent=82"}],"curies":[{"name":"wp","href":"https:\/\/api.w.org\/{rel}","templated":true}]}}