{"id":8103,"date":"2021-05-26T07:18:00","date_gmt":"2021-05-26T05:18:00","guid":{"rendered":"http:\/\/ecn.kielce.pl\/?page_id=8103"},"modified":"2021-10-04T13:01:48","modified_gmt":"2021-10-04T11:01:48","slug":"czy-instalacja-fotowoltaiczna-przestaje-pracowac-bez-slonca","status":"publish","type":"page","link":"https:\/\/ecn.kielce.pl\/index.php\/pl\/oferta\/ecn-on-line\/eco-friendly-z-projektem-green-thinking\/czy-instalacja-fotowoltaiczna-przestaje-pracowac-bez-slonca\/","title":{"rendered":"Energia ze s\u0142o\u0144ca"},"content":{"rendered":"\n<p><strong>Fotowoltaika to, najpro\u015bciej rzecz ujmuj\u0105c, pozyskiwanie energii ze s\u0142o\u0144ca.<\/strong><\/p>\n<p>Logicznym zatem wydaje si\u0119 fakt, \u017ce powstaje ona tylko w s\u0142oneczne dni. Czy tak jest naprawd\u0119? Ot\u00f3\u017c nie. Du\u017ce zachmurzenie wcale nie oznacza, \u017ce instalacja fotowoltaiczna przestaje pracowa\u0107. Zmniejsza si\u0119 jedynie ilo\u015b\u0107 wyprodukowanej energii elektrycznej. Cz\u0119\u015bciowe zachmurzenie przek\u0142ada si\u0119 na oko\u0142o 50 \u2013 60% efektywno\u015bci systemu, natomiast przy zachmurzeniu ca\u0142kowitym wynosi oko\u0142o 10 \u2013 20%. Zatem obawy, \u017ce w pochmurny dzie\u0144 mo\u017ce zabrakn\u0105\u0107 energii w Twoim domu, powinny zosta\u0107 raz na zawsze rozwiane. Dodatkowo, je\u015bli instalacja fotowoltaiczna jest podpi\u0119ta do sieci energetycznej, to z \u0142atwo\u015bci\u0105 mo\u017cna odebra\u0107 nadwy\u017cki energii, kt\u00f3ra zosta\u0142a wyprodukowana w s\u0142oneczne dni.<\/p>\n","protected":false},"excerpt":{"rendered":"<p>Fotowoltaika to, najpro\u015bciej rzecz ujmuj\u0105c, pozyskiwanie energii ze s\u0142o\u0144ca. Logicznym zatem wydaje si\u0119 fakt, \u017ce powstaje ona tylko w s\u0142oneczne dni. Czy tak jest naprawd\u0119? Ot\u00f3\u017c nie. Du\u017ce zachmurzenie wcale nie oznacza, \u017ce instalacja fotowoltaiczna przestaje pracowa\u0107. Zmniejsza si\u0119 jedynie ilo\u015b\u0107 wyprodukowanej energii elektrycznej. Cz\u0119\u015bciowe zachmurzenie przek\u0142ada si\u0119 na oko\u0142o 50 \u2013 60% efektywno\u015bci systemu, [&hellip;]<\/p>\n","protected":false},"author":2,"featured_media":8107,"parent":7671,"menu_order":22,"comment_status":"closed","ping_status":"closed","template":"pt_oferta.php","meta":{"_links_to":"","_links_to_target":""},"_links":{"self":[{"href":"https:\/\/ecn.kielce.pl\/index.php\/wp-json\/wp\/v2\/pages\/8103"}],"collection":[{"href":"https:\/\/ecn.kielce.pl\/index.php\/wp-json\/wp\/v2\/pages"}],"about":[{"href":"https:\/\/ecn.kielce.pl\/index.php\/wp-json\/wp\/v2\/types\/page"}],"author":[{"embeddable":true,"href":"https:\/\/ecn.kielce.pl\/index.php\/wp-json\/wp\/v2\/users\/2"}],"replies":[{"embeddable":true,"href":"https:\/\/ecn.kielce.pl\/index.php\/wp-json\/wp\/v2\/comments?post=8103"}],"version-history":[{"count":3,"href":"https:\/\/ecn.kielce.pl\/index.php\/wp-json\/wp\/v2\/pages\/8103\/revisions"}],"predecessor-version":[{"id":8486,"href":"https:\/\/ecn.kielce.pl\/index.php\/wp-json\/wp\/v2\/pages\/8103\/revisions\/8486"}],"up":[{"embeddable":true,"href":"https:\/\/ecn.kielce.pl\/index.php\/wp-json\/wp\/v2\/pages\/7671"}],"wp:featuredmedia":[{"embeddable":true,"href":"https:\/\/ecn.kielce.pl\/index.php\/wp-json\/wp\/v2\/media\/8107"}],"wp:attachment":[{"href":"https:\/\/ecn.kielce.pl\/index.php\/wp-json\/wp\/v2\/media?parent=8103"}],"curies":[{"name":"wp","href":"https:\/\/api.w.org\/{rel}","templated":true}]}}