{"id":8094,"date":"2021-05-13T15:21:13","date_gmt":"2021-05-13T13:21:13","guid":{"rendered":"http:\/\/ecn.kielce.pl\/?page_id=8094"},"modified":"2021-05-13T15:22:23","modified_gmt":"2021-05-13T13:22:23","slug":"jak-dziala-uklad-krazenia","status":"publish","type":"page","link":"https:\/\/ecn.kielce.pl\/index.php\/pl\/oferta\/ecn-on-line\/czlowiek-pod-lupa\/jak-dziala-uklad-krazenia\/","title":{"rendered":"Jak dzia\u0142a uk\u0142ad kr\u0105\u017cenia?"},"content":{"rendered":"\n<p><strong>Wykonaj do\u015bwiadczenie i sprawd\u017a sam.<\/strong><!--more--><\/p>\n<p><iframe title=\"Jak dzia\u0142a uk\u0142ad kr\u0105\u017cenia?\" width=\"500\" height=\"281\" src=\"https:\/\/www.youtube.com\/embed\/zANUxT3bfhs?feature=oembed\" frameborder=\"0\" allow=\"accelerometer; autoplay; clipboard-write; encrypted-media; gyroscope; picture-in-picture\" allowfullscreen><\/iframe><\/p>\n","protected":false},"excerpt":{"rendered":"<p>Wykonaj do\u015bwiadczenie i sprawd\u017a sam.<\/p>\n","protected":false},"author":2,"featured_media":8095,"parent":7975,"menu_order":6,"comment_status":"closed","ping_status":"closed","template":"pt_oferta.php","meta":{"_links_to":"","_links_to_target":""},"_links":{"self":[{"href":"https:\/\/ecn.kielce.pl\/index.php\/wp-json\/wp\/v2\/pages\/8094"}],"collection":[{"href":"https:\/\/ecn.kielce.pl\/index.php\/wp-json\/wp\/v2\/pages"}],"about":[{"href":"https:\/\/ecn.kielce.pl\/index.php\/wp-json\/wp\/v2\/types\/page"}],"author":[{"embeddable":true,"href":"https:\/\/ecn.kielce.pl\/index.php\/wp-json\/wp\/v2\/users\/2"}],"replies":[{"embeddable":true,"href":"https:\/\/ecn.kielce.pl\/index.php\/wp-json\/wp\/v2\/comments?post=8094"}],"version-history":[{"count":1,"href":"https:\/\/ecn.kielce.pl\/index.php\/wp-json\/wp\/v2\/pages\/8094\/revisions"}],"predecessor-version":[{"id":8096,"href":"https:\/\/ecn.kielce.pl\/index.php\/wp-json\/wp\/v2\/pages\/8094\/revisions\/8096"}],"up":[{"embeddable":true,"href":"https:\/\/ecn.kielce.pl\/index.php\/wp-json\/wp\/v2\/pages\/7975"}],"wp:featuredmedia":[{"embeddable":true,"href":"https:\/\/ecn.kielce.pl\/index.php\/wp-json\/wp\/v2\/media\/8095"}],"wp:attachment":[{"href":"https:\/\/ecn.kielce.pl\/index.php\/wp-json\/wp\/v2\/media?parent=8094"}],"curies":[{"name":"wp","href":"https:\/\/api.w.org\/{rel}","templated":true}]}}