{"id":8091,"date":"2021-05-13T15:06:09","date_gmt":"2021-05-13T13:06:09","guid":{"rendered":"http:\/\/ecn.kielce.pl\/?page_id=8091"},"modified":"2021-05-13T15:06:09","modified_gmt":"2021-05-13T13:06:09","slug":"kozlak","status":"publish","type":"page","link":"https:\/\/ecn.kielce.pl\/index.php\/pl\/oferta\/ecn-on-line\/eco-friendly-z-projektem-green-thinking\/kozlak\/","title":{"rendered":"Ko\u017alak"},"content":{"rendered":"\n<p><strong>Ko\u017alak to najstarszy typ wiatraka europejskiego, kt\u00f3rego pocz\u0105tki si\u0119gaj\u0105 XII wieku. <\/strong><!--more--><\/p>\n<hr \/>\n<p>Pojawi\u0142 si\u0119 w\u00f3wczas w Belgii lub p\u00f3\u0142nocnej Francji, jednak pierwowz\u00f3r tego modelu wywodzi si\u0119 z Chin i Persji. Pierwszy wiatrak koz\u0142owy na ziemiach polskich zago\u015bci\u0142 w XIV wieku. W kolejnym stuleciu by\u0142 ju\u017c powszechnie wykorzystywany i praktycznie bez wi\u0119kszych zmian konstrukcyjnych przetrwa\u0142 i by\u0142 u\u017cywany do drugiej po\u0142owy XX wieku. Materia\u0142 wykorzystywany do produkcji wiatraka to drewno, dodatkowo jego zewn\u0119trzn\u0105 stron\u0119 pokrywano gontem. W konstrukcji by\u0142 bardzo prosty \u2013 jego podstaw\u0105 by\u0142 kozio\u0142, od kt\u00f3rego wywodzi si\u0119 nazwa budowli, a na nim spoczywa\u0142 ca\u0142y korpus. Ich cech\u0105 charakterystyczn\u0105 by\u0142o to, \u017ce ca\u0142y wiatrak wraz ze skrzyd\u0142ami obraca\u0142 si\u0119 wok\u00f3\u0142 pionowego s\u0142upa, tzw. sztembra. \u015aciany budynku posiada\u0142y szkieletow\u0105 konstrukcj\u0119 i wisia\u0142y na ko\u017ale dzi\u0119ki odpowiednim belkom. Po\u0142\u0105czenie korpusu z koz\u0142em by\u0142o ruchome, poniewa\u017c pozycja wiatraka musia\u0142a by\u0107 dostosowywana do kierunku wiatru. Za pomoc\u0105 specjalnego dyszla m\u0119\u017cczy\u017ani lub ko\u0144 mogli obr\u00f3ci\u0107 go wok\u00f3\u0142 w\u0142asnej osi, dostosowuj\u0105c w ten spos\u00f3b ustawienie do po\u017c\u0105danego kierunku.<\/p>\n<p>\u00a0<\/p>\n","protected":false},"excerpt":{"rendered":"<p>Ko\u017alak to najstarszy typ wiatraka europejskiego, kt\u00f3rego pocz\u0105tki si\u0119gaj\u0105 XII wieku.<\/p>\n","protected":false},"author":2,"featured_media":8092,"parent":7671,"menu_order":20,"comment_status":"closed","ping_status":"closed","template":"pt_oferta.php","meta":{"_links_to":"","_links_to_target":""},"_links":{"self":[{"href":"https:\/\/ecn.kielce.pl\/index.php\/wp-json\/wp\/v2\/pages\/8091"}],"collection":[{"href":"https:\/\/ecn.kielce.pl\/index.php\/wp-json\/wp\/v2\/pages"}],"about":[{"href":"https:\/\/ecn.kielce.pl\/index.php\/wp-json\/wp\/v2\/types\/page"}],"author":[{"embeddable":true,"href":"https:\/\/ecn.kielce.pl\/index.php\/wp-json\/wp\/v2\/users\/2"}],"replies":[{"embeddable":true,"href":"https:\/\/ecn.kielce.pl\/index.php\/wp-json\/wp\/v2\/comments?post=8091"}],"version-history":[{"count":1,"href":"https:\/\/ecn.kielce.pl\/index.php\/wp-json\/wp\/v2\/pages\/8091\/revisions"}],"predecessor-version":[{"id":8093,"href":"https:\/\/ecn.kielce.pl\/index.php\/wp-json\/wp\/v2\/pages\/8091\/revisions\/8093"}],"up":[{"embeddable":true,"href":"https:\/\/ecn.kielce.pl\/index.php\/wp-json\/wp\/v2\/pages\/7671"}],"wp:featuredmedia":[{"embeddable":true,"href":"https:\/\/ecn.kielce.pl\/index.php\/wp-json\/wp\/v2\/media\/8092"}],"wp:attachment":[{"href":"https:\/\/ecn.kielce.pl\/index.php\/wp-json\/wp\/v2\/media?parent=8091"}],"curies":[{"name":"wp","href":"https:\/\/api.w.org\/{rel}","templated":true}]}}