{"id":8066,"date":"2021-05-06T12:21:50","date_gmt":"2021-05-06T10:21:50","guid":{"rendered":"http:\/\/ecn.kielce.pl\/?page_id=8066"},"modified":"2021-05-06T12:35:38","modified_gmt":"2021-05-06T10:35:38","slug":"dlaczego-serce-bije","status":"publish","type":"page","link":"https:\/\/ecn.kielce.pl\/index.php\/pl\/oferta\/ecn-on-line\/czlowiek-pod-lupa\/dlaczego-serce-bije\/","title":{"rendered":"Dlaczego serce bije?"},"content":{"rendered":"\n<p><strong>Cia\u0142o cz\u0142owieka przypomina skomplikowan\u0105 map\u0119 z g\u0119st\u0105 sieci\u0105 dr\u00f3g i autostrad. <\/strong><!--more--><\/p>\n<hr \/>\n<p>Nie s\u0105 to jednak asfaltowe ulice, czy polne dr\u00f3\u017cki, kt\u00f3re przemierzamy ka\u017cdego dnia, przemieszczaj\u0105c si\u0119 z miejsca na miejsce. Przygl\u0105daj\u0105c si\u0119 swojemu cia\u0142u, z \u0142atwo\u015bci\u0105 mo\u017cna dostrzec paj\u0119czynk\u0119 drobnych, niebieskich linii. S\u0105 to \u017cy\u0142y, kt\u00f3re wraz z t\u0119tnicami, naczyniami w\u0142osowatymi oraz sercem, tworz\u0105 uk\u0142ad krwiono\u015bny. Jest to system naczy\u0144, kt\u00f3rymi p\u0142ynie krew. Pe\u0142ni on tak\u0105 sam\u0105 funkcj\u0119, jak sie\u0107 dr\u00f3g w miastach, mianowicie odpowiada za transport bardzo wa\u017cnych substancji, niezb\u0119dnych do prawid\u0142owego funkcjonowania naszego organizmu. A jak wygl\u0105da ruch w tym nietypowym uk\u0142adzie, czy mog\u0105 zdarzy\u0107 si\u0119 w nim korki i czy serce musi ca\u0142y czas bi\u0107?<\/p>\n<p>Uk\u0142ad pokarmowy i oddechowy, o kt\u00f3rych mogli\u015bcie poczyta\u0107 we wcze\u015bniejszych ods\u0142onach cyklu \u201eCz\u0142owiek pod lup\u0105\u201d, odpowiadaj\u0105 za dostarczenie wszystkim kom\u00f3rkom naszego cia\u0142a niezb\u0119dnych do \u017cycia sk\u0142adnik\u00f3w od\u017cywczych oraz tlenu, a tak\u017ce usuni\u0119cie z nich zb\u0119dnych produkt\u00f3w przemiany materii. Do ich transportu s\u0142u\u017cy w\u0142a\u015bnie uk\u0142ad krwiono\u015bny. W\u0119dr\u00f3wka tych substancji do nawet najbardziej odleg\u0142ych zakamark\u00f3w cia\u0142a jest mo\u017cliwa dzi\u0119ki nieustannej pracy serca. Zbudowane jest ono z dw\u00f3ch przedsionk\u00f3w oraz dw\u00f3ch kom\u00f3r i ma wielko\u015b\u0107 pi\u0119\u015bci. Serce to g\u0142\u00f3wnie mi\u0119sie\u0144, taki jak w naszych r\u0119kach czy nogach, z t\u0105 jednak r\u00f3\u017cnic\u0105, \u017ce kurczy si\u0119 i rozkurcza nienale\u017cnie od naszej woli. Pe\u0142ni swego rodzaju funkcj\u0119 pompy, kt\u00f3ra pracuje przez ca\u0142\u0105 dob\u0119, aby do ka\u017cdej kom\u00f3rki cia\u0142a dotar\u0142a natlenowana krew. Zatem gdyby serce przesta\u0142o bi\u0107, kr\u0105\u017cenie r\u00f3wnie\u017c by usta\u0142o.<\/p>\n<p>Kiedy oddychamy, z powietrza pobieramy tlen, kt\u00f3ry w p\u0142ucach przenika do krwi. Z kolei ta &#8211;\u00a0 ju\u017c natlenowana &#8211; trafia do serca, przep\u0142ywaj\u0105c kolejno przez lewy przedsionek do jego lewej komory, sk\u0105d jest pompowana t\u0119tnicami do wszystkich kom\u00f3rek cia\u0142a. W ten spos\u00f3b dostarczany jest do nich \u017cyciodajny gaz. Nast\u0119pnie pozbawiona tlenu krew wraca \u017cy\u0142ami do prawego przedsionka serca, tym razem, transportuj\u0105c dwutlenek w\u0119gla. Stamt\u0105d wt\u0142aczana jest do prawej komory, a nast\u0119pnie do p\u0142uc. Robi\u0105c wydech, pozbywamy si\u0119 z organizmu zb\u0119dnego gazu. Ponadto krew rozprowadza po ciele substancje od\u017cywcze &#8211; z jelit oraz usuwa szkodliwe produkty przemiany materii &#8211; do nerek, sk\u0105d s\u0105 ostatecznie usuwane z organizmu wraz z moczem. Doro\u015bli posiadaj\u0105 od 4 do 5 litr\u00f3w krwi, kt\u00f3rej ca\u0142kowity czas przep\u0142ywu przez uk\u0142ad krwiono\u015bny wynosi od 25 sekund i wyd\u0142u\u017ca si\u0119 wraz z pogorszeniem stanu naczy\u0144.<\/p>\n<hr \/>\n<p><strong>Czy wiesz, \u017ce\u2026<\/strong><\/p>\n<p>1. Ludzkie serce przy wadze zaledwie 300 \u2013 350 gram\u00f3w u m\u0119\u017cczyzn i 230 \u2013 280 gram\u00f3w u kobiet wykonuje niezwykle ci\u0119\u017ck\u0105 prac\u0119, jak\u0105 jest pompowanie a\u017c 350 litr\u00f3w krwi w ci\u0105gu ka\u017cdej godziny. W ci\u0105gu ca\u0142ego \u017cycia uderza ono a\u017c 3,5 miliarda razy i jest tak mocne, \u017ce mog\u0142oby wyrzuci\u0107 krew na wysoko\u015b\u0107 9 metr\u00f3w.<\/p>\n<p>2. Krew wbrew pozorom nie jest jednolitym p\u0142ynem. To tkanka \u0142\u0105czna, w kt\u00f3rej sk\u0142ad wchodzi osocze oraz zawieszone w nim czerwone cia\u0142ka krwi \u2013 erytrocyty, bia\u0142e cia\u0142ka krwi \u2013 leukocyty praz p\u0142ytki krwi \u2013 trombocyty. Tych upostaciowionych sk\u0142adnik\u00f3w krwi w 1 mm<sup>3<\/sup> osocza znajduje si\u0119 odpowiednio: od 4 do 5 milion\u00f3w, od 6 do 8 tysi\u0119cy oraz oko\u0142o 250 tysi\u0119cy.<\/p>\n<p>3. Krew jest koloru jasnoczerwonego jedynie wtedy, gdy transportuje tlen. Gdy go nie zawiera staje si\u0119 ciemniejsza i ma fioletowy odcie\u0144. Dlatego te\u017c \u017cy\u0142y, kt\u00f3re prze\u015bwituj\u0105 przez sk\u00f3r\u0119 maj\u0105 w\u0142a\u015bnie tak\u0105 barw\u0119.<\/p>\n<p>4. T\u0119tnice prowadz\u0105ce krew z serca do p\u0142uc oraz \u017cy\u0142y, kt\u00f3rymi p\u0142ynie ona z powrotem do serca, tworz\u0105 ma\u0142y obieg krwi. Natomiast te naczynia krwiono\u015bne, kt\u00f3rymi krew p\u0142ynie do wszystkich narz\u0105d\u00f3w cia\u0142a (za wyj\u0105tkiem p\u0142uc) i z powrotem, tworz\u0105 du\u017cy obieg krwi.<\/p>\n<p>4. T\u0119tnice maj\u0105 grube i elastyczne \u015bciany. Krew p\u0142ynie w nich pod du\u017cym ci\u015bnieniem, dlatego musz\u0105 by\u0107 odpowiednio wytrzyma\u0142e. Natomiast w \u017cy\u0142ach ci\u015bnienie krwi jest du\u017co ni\u017csze, przez co ich \u015bciany s\u0105 cie\u0144sze i bardziej wiotkie. Dlatego te\u017c maj\u0105 one zastawki \u017cylne, kt\u00f3re uniemo\u017cliwiaj\u0105 cofanie si\u0119 wolno p\u0142yn\u0105cej krwi.<\/p>\n<hr \/>\n<p>\u0179r\u00f3d\u0142o:<\/p>\n<p><a href=\"https:\/\/www.youtube.com\/watch?v=ELqp2ZoSoE4\">https:\/\/www.youtube.com\/watch?v=ELqp2ZoSoE4<\/a><\/p>\n<p><a href=\"https:\/\/epodreczniki.pl\/a\/uklad-krwionosny\/D1EvM4VJ4\">https:\/\/epodreczniki.pl\/a\/uklad-krwionosny\/D1EvM4VJ4<\/a><\/p>\n<p><a href=\"https:\/\/www.youtube.com\/watch?v=iASvd2MzHyw\">https:\/\/www.youtube.com\/watch?v=iASvd2MzHyw<\/a><\/p>\n","protected":false},"excerpt":{"rendered":"<p>Cia\u0142o cz\u0142owieka przypomina skomplikowan\u0105 map\u0119 z g\u0119st\u0105 sieci\u0105 dr\u00f3g i autostrad.<\/p>\n","protected":false},"author":2,"featured_media":8065,"parent":7975,"menu_order":5,"comment_status":"closed","ping_status":"closed","template":"pt_oferta.php","meta":{"_links_to":"","_links_to_target":""},"_links":{"self":[{"href":"https:\/\/ecn.kielce.pl\/index.php\/wp-json\/wp\/v2\/pages\/8066"}],"collection":[{"href":"https:\/\/ecn.kielce.pl\/index.php\/wp-json\/wp\/v2\/pages"}],"about":[{"href":"https:\/\/ecn.kielce.pl\/index.php\/wp-json\/wp\/v2\/types\/page"}],"author":[{"embeddable":true,"href":"https:\/\/ecn.kielce.pl\/index.php\/wp-json\/wp\/v2\/users\/2"}],"replies":[{"embeddable":true,"href":"https:\/\/ecn.kielce.pl\/index.php\/wp-json\/wp\/v2\/comments?post=8066"}],"version-history":[{"count":4,"href":"https:\/\/ecn.kielce.pl\/index.php\/wp-json\/wp\/v2\/pages\/8066\/revisions"}],"predecessor-version":[{"id":8735,"href":"https:\/\/ecn.kielce.pl\/index.php\/wp-json\/wp\/v2\/pages\/8066\/revisions\/8735"}],"up":[{"embeddable":true,"href":"https:\/\/ecn.kielce.pl\/index.php\/wp-json\/wp\/v2\/pages\/7975"}],"wp:featuredmedia":[{"embeddable":true,"href":"https:\/\/ecn.kielce.pl\/index.php\/wp-json\/wp\/v2\/media\/8065"}],"wp:attachment":[{"href":"https:\/\/ecn.kielce.pl\/index.php\/wp-json\/wp\/v2\/media?parent=8066"}],"curies":[{"name":"wp","href":"https:\/\/api.w.org\/{rel}","templated":true}]}}