{"id":8057,"date":"2021-05-05T08:24:22","date_gmt":"2021-05-05T06:24:22","guid":{"rendered":"http:\/\/ecn.kielce.pl\/?page_id=8057"},"modified":"2021-05-05T08:24:22","modified_gmt":"2021-05-05T06:24:22","slug":"elektrownia-szczytowo-pompowa","status":"publish","type":"page","link":"https:\/\/ecn.kielce.pl\/index.php\/pl\/oferta\/ecn-on-line\/eco-friendly-z-projektem-green-thinking\/elektrownia-szczytowo-pompowa\/","title":{"rendered":"Elektrownia szczytowo-pompowa"},"content":{"rendered":"\n<p><strong>Jak dzia\u0142aj\u0105 elektrownie szczytowo-pompowe?<\/strong><!--more--><\/p>\n<hr \/>\n<p>Energia elektryczna jest ta\u0144sza w nocy ni\u017c w dzie\u0144. A to dlatego, \u017ce wi\u0119kszo\u015b\u0107 os\u00f3b w nocy \u015bpi i przez to zapotrzebowanie na pr\u0105d jest du\u017co mniejsze. Z tych r\u00f3\u017cnic cenowych korzystaj\u0105 elektrownie szczytowo-pompowe. Posiadaj\u0105 one dwa zbiornik wodne &#8211; jeden usytuowany jest wy\u017cej, za\u015b drugi ni\u017cej i po\u0142\u0105czone s\u0105 ze sob\u0105 systemem rur. W nich za\u015b znajduj\u0105 si\u0119 turbiny i pompy. W nocy tania energia elektryczna jest wykorzystywana do nap\u0119dzania pomp, kt\u00f3re wt\u0142aczaj\u0105 wod\u0119 z dolnego zbiornika do g\u00f3rnego. Natomiast w ci\u0105gu dnia woda pokonuje odwrotn\u0105 drog\u0119, nap\u0119dzaj\u0105c przy tym turbiny wodne. Pozyskana w ten spos\u00f3b energia sprzedawana jest w wy\u017cszych, dziennych cenach. W Polsce dzia\u0142a kilka elektrowni tego typu \u2013 najwi\u0119ksza z nich znajduje si\u0119 w \u017barnowcu\u00a0 na Pomorzu i dostarcza energi\u0119 pozwalaj\u0105c\u0105 zasili\u0107 np. 12 tysi\u0119cy lod\u00f3wek.<\/p>\n","protected":false},"excerpt":{"rendered":"<p>Jak dzia\u0142aj\u0105 elektrownie szczytowo-pompowe?<\/p>\n","protected":false},"author":2,"featured_media":8017,"parent":7671,"menu_order":19,"comment_status":"closed","ping_status":"closed","template":"pt_oferta.php","meta":{"_links_to":"","_links_to_target":""},"_links":{"self":[{"href":"https:\/\/ecn.kielce.pl\/index.php\/wp-json\/wp\/v2\/pages\/8057"}],"collection":[{"href":"https:\/\/ecn.kielce.pl\/index.php\/wp-json\/wp\/v2\/pages"}],"about":[{"href":"https:\/\/ecn.kielce.pl\/index.php\/wp-json\/wp\/v2\/types\/page"}],"author":[{"embeddable":true,"href":"https:\/\/ecn.kielce.pl\/index.php\/wp-json\/wp\/v2\/users\/2"}],"replies":[{"embeddable":true,"href":"https:\/\/ecn.kielce.pl\/index.php\/wp-json\/wp\/v2\/comments?post=8057"}],"version-history":[{"count":1,"href":"https:\/\/ecn.kielce.pl\/index.php\/wp-json\/wp\/v2\/pages\/8057\/revisions"}],"predecessor-version":[{"id":8058,"href":"https:\/\/ecn.kielce.pl\/index.php\/wp-json\/wp\/v2\/pages\/8057\/revisions\/8058"}],"up":[{"embeddable":true,"href":"https:\/\/ecn.kielce.pl\/index.php\/wp-json\/wp\/v2\/pages\/7671"}],"wp:featuredmedia":[{"embeddable":true,"href":"https:\/\/ecn.kielce.pl\/index.php\/wp-json\/wp\/v2\/media\/8017"}],"wp:attachment":[{"href":"https:\/\/ecn.kielce.pl\/index.php\/wp-json\/wp\/v2\/media?parent=8057"}],"curies":[{"name":"wp","href":"https:\/\/api.w.org\/{rel}","templated":true}]}}