{"id":8019,"date":"2021-04-29T10:27:12","date_gmt":"2021-04-29T08:27:12","guid":{"rendered":"http:\/\/ecn.kielce.pl\/?page_id=8019"},"modified":"2021-04-29T10:27:39","modified_gmt":"2021-04-29T08:27:39","slug":"co-laczy-drozdze-cukier-i-uklad-pokarmowy","status":"publish","type":"page","link":"https:\/\/ecn.kielce.pl\/index.php\/pl\/oferta\/ecn-on-line\/czlowiek-pod-lupa\/co-laczy-drozdze-cukier-i-uklad-pokarmowy\/","title":{"rendered":"Co \u0142\u0105czy dro\u017cd\u017ce, cukier i uk\u0142ad pokarmowy?"},"content":{"rendered":"\n<p><span class=\"style-scope yt-formatted-string\" dir=\"auto\"><strong>Zajrzyj i sprawd\u017a.<\/strong><br \/><\/span><!--more--><\/p>\n<p><span class=\"style-scope yt-formatted-string\" dir=\"auto\">Dro\u017cd\u017caki <em>Candida<\/em> wyst\u0119puj\u0105 naturalnie nawet u 80% ludzko\u015bci. Gdy spo\u017cywamy nadmiern\u0105 ilo\u015b\u0107 cukru zawart\u0105 np. w s\u0142odyczach, nasze jelita \u2013 niczym balon, wype\u0142niaj\u0105 si\u0119 gazem (dwutlenkiem w\u0119gla) i w\u00f3wczas do\u015bwiadczamy uczucia wzd\u0119cia. <\/span><\/p>\n<p><span class=\"style-scope yt-formatted-string\" dir=\"auto\">W jaki spos\u00f3b si\u0119 to dzieje? Wykonajcie eksperyment, aby si\u0119 przekona\u0107.<\/span><\/p>\n<p><iframe title=\"Co \u0142\u0105czy dro\u017cd\u017ce, cukier i uk\u0142ad pokarmowy?\" width=\"500\" height=\"281\" src=\"https:\/\/www.youtube.com\/embed\/MR0kmODFvCA?feature=oembed\" frameborder=\"0\" allow=\"accelerometer; autoplay; clipboard-write; encrypted-media; gyroscope; picture-in-picture\" allowfullscreen><\/iframe><\/p>\n<p>\u00a0<\/p>\n","protected":false},"excerpt":{"rendered":"<p>Zajrzyj i sprawd\u017a.<\/p>\n","protected":false},"author":2,"featured_media":8020,"parent":7975,"menu_order":4,"comment_status":"closed","ping_status":"closed","template":"pt_oferta.php","meta":{"_links_to":"","_links_to_target":""},"_links":{"self":[{"href":"https:\/\/ecn.kielce.pl\/index.php\/wp-json\/wp\/v2\/pages\/8019"}],"collection":[{"href":"https:\/\/ecn.kielce.pl\/index.php\/wp-json\/wp\/v2\/pages"}],"about":[{"href":"https:\/\/ecn.kielce.pl\/index.php\/wp-json\/wp\/v2\/types\/page"}],"author":[{"embeddable":true,"href":"https:\/\/ecn.kielce.pl\/index.php\/wp-json\/wp\/v2\/users\/2"}],"replies":[{"embeddable":true,"href":"https:\/\/ecn.kielce.pl\/index.php\/wp-json\/wp\/v2\/comments?post=8019"}],"version-history":[{"count":2,"href":"https:\/\/ecn.kielce.pl\/index.php\/wp-json\/wp\/v2\/pages\/8019\/revisions"}],"predecessor-version":[{"id":8022,"href":"https:\/\/ecn.kielce.pl\/index.php\/wp-json\/wp\/v2\/pages\/8019\/revisions\/8022"}],"up":[{"embeddable":true,"href":"https:\/\/ecn.kielce.pl\/index.php\/wp-json\/wp\/v2\/pages\/7975"}],"wp:featuredmedia":[{"embeddable":true,"href":"https:\/\/ecn.kielce.pl\/index.php\/wp-json\/wp\/v2\/media\/8020"}],"wp:attachment":[{"href":"https:\/\/ecn.kielce.pl\/index.php\/wp-json\/wp\/v2\/media?parent=8019"}],"curies":[{"name":"wp","href":"https:\/\/api.w.org\/{rel}","templated":true}]}}