{"id":801,"date":"2016-03-08T19:38:36","date_gmt":"2016-03-08T18:38:36","guid":{"rendered":"http:\/\/ecn.kielce.pl\/?page_id=801"},"modified":"2025-07-22T11:56:01","modified_gmt":"2025-07-22T09:56:01","slug":"sklepik-naukowy","status":"publish","type":"page","link":"https:\/\/ecn.kielce.pl\/index.php\/pl\/odkrywaj\/sklepik-naukowy\/","title":{"rendered":"Sklepik naukowy doktora Glutka"},"content":{"rendered":"<h1 class=\"site-heading\">Sklepik ECN \u2013 nauka, zabawa i pami\u0105tka w jednym!<\/h1>\n<div class=\"mt4\">\n<p class=\"\" data-start=\"258\" data-end=\"470\">Zatrzymaj energi\u0119 jeszcze na chwil\u0119! Tu\u017c przy wyj\u015bciu z wystawy czeka na Ciebie nasz <strong data-start=\"343\" data-end=\"393\">sklepik pe\u0142en odkry\u0107, pomys\u0142\u00f3w i dobrej zabawy<\/strong>. To miejsce, gdzie nauka spotyka si\u0119 z kolorem, u\u015bmiechem i odrobin\u0105 magii!<\/p>\n<h3 class=\"\" data-start=\"472\" data-end=\"499\">&#x1f50e; Co u nas znajdziesz?<\/h3>\n<p class=\"\" data-start=\"501\" data-end=\"1255\"><strong data-start=\"504\" data-end=\"527\">Maskotki Glutka<\/strong>\u00a0\u2013 urocze, niebieskie stworki z energi\u0105, kt\u00f3rych nie spos\u00f3b nie pokocha\u0107! Idealne na prezent lub pami\u0105tk\u0119 z wizyty.<br data-start=\"642\" data-end=\"645\" \/><strong data-start=\"648\" data-end=\"681\">Gry logiczne, quizy i zagadki<\/strong> \u2013 dla ma\u0142ych geniuszy i ciekawskich umys\u0142\u00f3w. Ksi\u0105\u017ceczki edukacyjne, kt\u00f3re ucz\u0105 przez zabaw\u0119.<br data-start=\"774\" data-end=\"777\" \/><strong data-start=\"780\" data-end=\"844\">Ksi\u0105\u017cki o kosmosie, recyklingu, pszczo\u0142ach i ciele cz\u0142owieka<\/strong> \u2013 wiedza podana lekko, kolorowo i przyst\u0119pnie.<br data-start=\"891\" data-end=\"894\" \/><strong data-start=\"897\" data-end=\"940\">Naklejki edukacyjne i zeszyty kreatywne<\/strong> \u2013 do pisania, liczenia, eksperymentowania i tworzenia w\u0142asnych projekt\u00f3w w domu.<br data-start=\"1148\" data-end=\"1151\" \/><strong data-start=\"1154\" data-end=\"1195\" data-is-only-node=\"\">Zabawki sensoryczne i eksperymentalne<\/strong> \u2013 kolorowe, szalone, czasem rozci\u0105gliwe, a zawsze anga\u017cuj\u0105ce!<\/p>\n<h3 class=\"\" data-start=\"1257\" data-end=\"1273\">&#x1f4ac; Dla kogo?<\/h3>\n<p class=\"\" data-start=\"1274\" data-end=\"1468\">Dla ma\u0142ych odkrywc\u00f3w, m\u0142odych naukowc\u00f3w i rodzic\u00f3w szukaj\u0105cych czego\u015b wi\u0119cej ni\u017c zwyk\u0142ego prezentu. Dla wszystkich, kt\u00f3rzy chc\u0105 wynie\u015b\u0107 z ECN <b>nie tylko wspania\u0142e wspomnienia, ale tak\u017ce cz\u0105stk\u0119 inspiracji.<\/b><\/p>\n<h3 class=\"\" data-start=\"1470\" data-end=\"1495\">&#x1f4cd; Gdzie nas znale\u017a\u0107?<\/h3>\n<p class=\"\" data-start=\"1496\" data-end=\"1609\">Zaraz przy wyj\u015bciu z wystawy g\u0142\u00f3wnej, wystarczy spojrze\u0107 w stron\u0119 \u015bciany z p\u00f3\u0142kami w kszta\u0142cie plastra miodu!\u00a0<\/p>\n<p><strong>Kasy Centrum oraz sklepik naukowy s\u0105 czynne:<\/strong><\/p>\n<div dir=\"auto\"><strong>Wtorek\u2013Pi\u0105tek: 8:30\u201315:00<\/strong><\/div>\n<div dir=\"auto\"><strong>Weekendy: 9:30\u201316:00<\/strong><\/div>\n<\/div>\n<p style=\"text-align: justify;\"><strong>Za zakupy mo\u017cna zap\u0142aci\u0107 got\u00f3wk\u0105 i kart\u0105 p\u0142atnicz\u0105.<\/strong><\/p>\n\n","protected":false},"excerpt":{"rendered":"<p>Sklepik ECN \u2013 nauka, zabawa i pami\u0105tka w jednym! Zatrzymaj energi\u0119 jeszcze na chwil\u0119! Tu\u017c przy wyj\u015bciu z wystawy czeka na Ciebie nasz sklepik pe\u0142en odkry\u0107, pomys\u0142\u00f3w i dobrej zabawy. To miejsce, gdzie nauka spotyka si\u0119 z kolorem, u\u015bmiechem i odrobin\u0105 magii! &#x1f50e; Co u nas znajdziesz? Maskotki Glutka\u00a0\u2013 urocze, niebieskie stworki z energi\u0105, kt\u00f3rych [&hellip;]<\/p>\n","protected":false},"author":2,"featured_media":11824,"parent":33,"menu_order":12,"comment_status":"closed","ping_status":"closed","template":"pt_zaplanuj.php","meta":{"_links_to":"","_links_to_target":""},"_links":{"self":[{"href":"https:\/\/ecn.kielce.pl\/index.php\/wp-json\/wp\/v2\/pages\/801"}],"collection":[{"href":"https:\/\/ecn.kielce.pl\/index.php\/wp-json\/wp\/v2\/pages"}],"about":[{"href":"https:\/\/ecn.kielce.pl\/index.php\/wp-json\/wp\/v2\/types\/page"}],"author":[{"embeddable":true,"href":"https:\/\/ecn.kielce.pl\/index.php\/wp-json\/wp\/v2\/users\/2"}],"replies":[{"embeddable":true,"href":"https:\/\/ecn.kielce.pl\/index.php\/wp-json\/wp\/v2\/comments?post=801"}],"version-history":[{"count":28,"href":"https:\/\/ecn.kielce.pl\/index.php\/wp-json\/wp\/v2\/pages\/801\/revisions"}],"predecessor-version":[{"id":12113,"href":"https:\/\/ecn.kielce.pl\/index.php\/wp-json\/wp\/v2\/pages\/801\/revisions\/12113"}],"up":[{"embeddable":true,"href":"https:\/\/ecn.kielce.pl\/index.php\/wp-json\/wp\/v2\/pages\/33"}],"wp:featuredmedia":[{"embeddable":true,"href":"https:\/\/ecn.kielce.pl\/index.php\/wp-json\/wp\/v2\/media\/11824"}],"wp:attachment":[{"href":"https:\/\/ecn.kielce.pl\/index.php\/wp-json\/wp\/v2\/media?parent=801"}],"curies":[{"name":"wp","href":"https:\/\/api.w.org\/{rel}","templated":true}]}}