{"id":8001,"date":"2021-04-21T10:31:43","date_gmt":"2021-04-21T08:31:43","guid":{"rendered":"http:\/\/ecn.kielce.pl\/?page_id=8001"},"modified":"2021-04-21T10:31:44","modified_gmt":"2021-04-21T08:31:44","slug":"biomasa-stany-skupienia","status":"publish","type":"page","link":"https:\/\/ecn.kielce.pl\/index.php\/pl\/oferta\/ecn-on-line\/eco-friendly-z-projektem-green-thinking\/biomasa-stany-skupienia\/","title":{"rendered":"Biomasa &#8211; stany skupienia"},"content":{"rendered":"\n<p><strong>Istnieje kilka sposob\u00f3w klasyfikacji biomasy, a tutaj przedstawiamy jedn\u0105 z nich, opart\u0105 na stanie skupienia.<\/strong><!--more--><\/p>\n<hr \/>\n<p><strong>Biomasa o sta\u0142ym stanie skupienia<\/strong> \u2013 jest to najcz\u0119\u015bciej wyst\u0119puj\u0105ca forma biopaliwa wykorzystywana do produkcji ciep\u0142a oraz energii elektrycznej w procesach bezpo\u015bredniego spalania, zgazowania i pirolizy. Zalicza si\u0119 do niej drewno z drzew, kt\u00f3re mo\u017ce by\u0107 u\u017cyte jako drewno opa\u0142owe lub trafi\u0107 do dalszej obr\u00f3bki, np. w fabryce papieru lub mebli. Najcz\u0119\u015bciej wykorzystywanymi formami obr\u00f3bki pozosta\u0142o\u015bci przemys\u0142owej jest brykiet (s\u0142oma oraz odpady drzewne, takie jak \u015bcinki, trociny, wi\u00f3ry oraz zr\u0119bki), pellet drzewny (kt\u00f3ry powstaje podczas prac w tartaku oraz innych prac zwi\u0105zanych z obr\u00f3bk\u0105 drzewn\u0105) oraz resztki z rolnictwa.<\/p>\n<p><strong>Biomasa o ciek\u0142ym stanie skupienia<\/strong> \u2013 biopaliwa ciek\u0142e wykorzystywane s\u0105 g\u0142\u00f3wnie w transporcie. Zalicza si\u0119 do nich przede wszystkim oleje ro\u015blinne, bioolej produkowany przy u\u017cyciu procesu szybkiej pirolizy, biodiesel oraz alkohole. Zdecydowanie najwi\u0119ksz\u0105 rol\u0119 odgrywa w tej kategorii biodiesel, czyli paliwo powstaj\u0105ce z ro\u015blin oleistych (np. rzepak czy s\u0142onecznik) oraz alkohole wytwarzane z ro\u015blin o du\u017cej zawarto\u015bci cukr\u00f3w (np. burak cukrowy, trzcina cukrowa, owoce, zbo\u017ca). Coraz cz\u0119\u015bciej wykorzystywane s\u0105 r\u00f3wnie\u017c biokomponenty.<\/p>\n<p><strong>Biomasa o gazowym stanie skupienia<\/strong> \u2013 biogaz najcz\u0119\u015bciej s\u0142u\u017c\u0105cy do produkcji ciep\u0142a i energii elektrycznej. Powstaje on w procesie fermentacji beztlenowej odpad\u00f3w pochodzenia organicznego, bowiem biomasa, kt\u00f3ra nie nadaje si\u0119 do brykietowania staje si\u0119 odpadem. Zaliczy\u0107 do niej mo\u017cna chocia\u017cby \u015bcieki cukrownicze, odpady komunalne, odchody zwierz\u0119ce, czy odpady przemys\u0142u rolno \u2013 spo\u017cywczego. Zostaj\u0105 one poddane fermentacji i w ten spos\u00f3b uzyskiwany jest biogaz, kt\u00f3ry sk\u0142ada si\u0119 g\u0142\u00f3wnie z metanu oraz dwutlenku w\u0119gla. Nast\u0119pnie poddaje si\u0119 go procesowi spalania, a uzyskana w ten spos\u00f3b energia wykorzystywana jest do ogrzewania lub zasilania generator\u00f3w pr\u0105du.<\/p>\n","protected":false},"excerpt":{"rendered":"<p>Istnieje kilka sposob\u00f3w klasyfikacji biomasy, a tutaj przedstawiamy jedn\u0105 z nich, opart\u0105 na stanie skupienia.<\/p>\n","protected":false},"author":2,"featured_media":8002,"parent":7671,"menu_order":17,"comment_status":"closed","ping_status":"closed","template":"pt_oferta.php","meta":{"_links_to":"","_links_to_target":""},"_links":{"self":[{"href":"https:\/\/ecn.kielce.pl\/index.php\/wp-json\/wp\/v2\/pages\/8001"}],"collection":[{"href":"https:\/\/ecn.kielce.pl\/index.php\/wp-json\/wp\/v2\/pages"}],"about":[{"href":"https:\/\/ecn.kielce.pl\/index.php\/wp-json\/wp\/v2\/types\/page"}],"author":[{"embeddable":true,"href":"https:\/\/ecn.kielce.pl\/index.php\/wp-json\/wp\/v2\/users\/2"}],"replies":[{"embeddable":true,"href":"https:\/\/ecn.kielce.pl\/index.php\/wp-json\/wp\/v2\/comments?post=8001"}],"version-history":[{"count":1,"href":"https:\/\/ecn.kielce.pl\/index.php\/wp-json\/wp\/v2\/pages\/8001\/revisions"}],"predecessor-version":[{"id":8003,"href":"https:\/\/ecn.kielce.pl\/index.php\/wp-json\/wp\/v2\/pages\/8001\/revisions\/8003"}],"up":[{"embeddable":true,"href":"https:\/\/ecn.kielce.pl\/index.php\/wp-json\/wp\/v2\/pages\/7671"}],"wp:featuredmedia":[{"embeddable":true,"href":"https:\/\/ecn.kielce.pl\/index.php\/wp-json\/wp\/v2\/media\/8002"}],"wp:attachment":[{"href":"https:\/\/ecn.kielce.pl\/index.php\/wp-json\/wp\/v2\/media?parent=8001"}],"curies":[{"name":"wp","href":"https:\/\/api.w.org\/{rel}","templated":true}]}}