{"id":80,"date":"2016-02-21T17:01:06","date_gmt":"2016-02-21T16:01:06","guid":{"rendered":"http:\/\/ecn.dev\/?page_id=80"},"modified":"2021-11-08T15:37:32","modified_gmt":"2021-11-08T14:37:32","slug":"dojazd-do-ecn","status":"publish","type":"page","link":"https:\/\/ecn.kielce.pl\/index.php\/pl\/kontakt\/dojazd-do-ecn\/","title":{"rendered":"Dojazd do ECN"},"content":{"rendered":"<p style=\"text-align: justify;\">Do Energetycznego Centrum Nauki mo\u017cna dojecha\u0107 autobusem miejskim linii:<\/p>\n<p style=\"text-align: justify;\"><!--more--><\/p>\n<p style=\"text-align: justify;\"><strong>36, 112<\/strong> &#8211; \u00a0przystanek \u201eKielecki Park Technologiczny\u201d<\/p>\n<hr \/>\n<p style=\"text-align: justify;\">Energetyczne Centrum Nauki mie\u015bci si\u0119 przy ul. Olszewskiego 6, w Inkubatorze SKYE INC. \u00a0w czarnym, nowoczesnym budynku ze szklan\u0105 elewacj\u0105, tu\u017c za przystankiem autobusowym &#8220;Kielecki Park Technologiczny&#8221;.<\/p>\n<p style=\"text-align: justify;\">Po wej\u015bciu do obiektu nale\u017cy skierowa\u0107 si\u0119 w praw\u0105 stron\u0119 do windy lub na klatk\u0119 schodow\u0105. Centrum jest po\u0142o\u017cone na drugim pi\u0119trze.<\/p>\n<p><strong>Wsp\u00f3\u0142rz\u0119dne dojazdowe:<\/strong><\/p>\n<p>50\u00b053&#8217;37.7&#8243;N 20\u00b037&#8217;18.7&#8243;E<br \/>\n50.893813, 20.621863<\/p>\n","protected":false},"excerpt":{"rendered":"<p>Do Energetycznego Centrum Nauki mo\u017cna dojecha\u0107 autobusem miejskim linii:<\/p>\n","protected":false},"author":1,"featured_media":751,"parent":74,"menu_order":2,"comment_status":"closed","ping_status":"closed","template":"pt_kontakt.php","meta":{"_links_to":"","_links_to_target":""},"_links":{"self":[{"href":"https:\/\/ecn.kielce.pl\/index.php\/wp-json\/wp\/v2\/pages\/80"}],"collection":[{"href":"https:\/\/ecn.kielce.pl\/index.php\/wp-json\/wp\/v2\/pages"}],"about":[{"href":"https:\/\/ecn.kielce.pl\/index.php\/wp-json\/wp\/v2\/types\/page"}],"author":[{"embeddable":true,"href":"https:\/\/ecn.kielce.pl\/index.php\/wp-json\/wp\/v2\/users\/1"}],"replies":[{"embeddable":true,"href":"https:\/\/ecn.kielce.pl\/index.php\/wp-json\/wp\/v2\/comments?post=80"}],"version-history":[{"count":16,"href":"https:\/\/ecn.kielce.pl\/index.php\/wp-json\/wp\/v2\/pages\/80\/revisions"}],"predecessor-version":[{"id":8608,"href":"https:\/\/ecn.kielce.pl\/index.php\/wp-json\/wp\/v2\/pages\/80\/revisions\/8608"}],"up":[{"embeddable":true,"href":"https:\/\/ecn.kielce.pl\/index.php\/wp-json\/wp\/v2\/pages\/74"}],"wp:featuredmedia":[{"embeddable":true,"href":"https:\/\/ecn.kielce.pl\/index.php\/wp-json\/wp\/v2\/media\/751"}],"wp:attachment":[{"href":"https:\/\/ecn.kielce.pl\/index.php\/wp-json\/wp\/v2\/media?parent=80"}],"curies":[{"name":"wp","href":"https:\/\/api.w.org\/{rel}","templated":true}]}}