{"id":7993,"date":"2021-04-15T08:44:00","date_gmt":"2021-04-15T06:44:00","guid":{"rendered":"http:\/\/ecn.kielce.pl\/?page_id=7993"},"modified":"2021-04-15T09:20:36","modified_gmt":"2021-04-15T07:20:36","slug":"jak-wykonac-model-pluc","status":"publish","type":"page","link":"https:\/\/ecn.kielce.pl\/index.php\/pl\/oferta\/ecn-on-line\/czlowiek-pod-lupa\/jak-wykonac-model-pluc\/","title":{"rendered":"Jak wykona\u0107 model p\u0142uc?"},"content":{"rendered":"\n<p><strong>Obejrzyj filmik, wykonaj model p\u0142uc i sprawd\u017a, jak oddycha cz\u0142owiek.<\/strong><!--more--><\/p>\n<p><iframe title=\"Jak wykona\u0107 model p\u0142uc?\" width=\"500\" height=\"281\" src=\"https:\/\/www.youtube.com\/embed\/g0DvLNz2CPA?feature=oembed\" frameborder=\"0\" allow=\"accelerometer; autoplay; clipboard-write; encrypted-media; gyroscope; picture-in-picture\" allowfullscreen><\/iframe><\/p>\n","protected":false},"excerpt":{"rendered":"<p>Obejrzyj filmik, wykonaj model p\u0142uc i sprawd\u017a, jak oddycha cz\u0142owiek.<\/p>\n","protected":false},"author":2,"featured_media":7995,"parent":7975,"menu_order":2,"comment_status":"closed","ping_status":"closed","template":"pt_oferta.php","meta":{"_links_to":"","_links_to_target":""},"_links":{"self":[{"href":"https:\/\/ecn.kielce.pl\/index.php\/wp-json\/wp\/v2\/pages\/7993"}],"collection":[{"href":"https:\/\/ecn.kielce.pl\/index.php\/wp-json\/wp\/v2\/pages"}],"about":[{"href":"https:\/\/ecn.kielce.pl\/index.php\/wp-json\/wp\/v2\/types\/page"}],"author":[{"embeddable":true,"href":"https:\/\/ecn.kielce.pl\/index.php\/wp-json\/wp\/v2\/users\/2"}],"replies":[{"embeddable":true,"href":"https:\/\/ecn.kielce.pl\/index.php\/wp-json\/wp\/v2\/comments?post=7993"}],"version-history":[{"count":3,"href":"https:\/\/ecn.kielce.pl\/index.php\/wp-json\/wp\/v2\/pages\/7993\/revisions"}],"predecessor-version":[{"id":7998,"href":"https:\/\/ecn.kielce.pl\/index.php\/wp-json\/wp\/v2\/pages\/7993\/revisions\/7998"}],"up":[{"embeddable":true,"href":"https:\/\/ecn.kielce.pl\/index.php\/wp-json\/wp\/v2\/pages\/7975"}],"wp:featuredmedia":[{"embeddable":true,"href":"https:\/\/ecn.kielce.pl\/index.php\/wp-json\/wp\/v2\/media\/7995"}],"wp:attachment":[{"href":"https:\/\/ecn.kielce.pl\/index.php\/wp-json\/wp\/v2\/media?parent=7993"}],"curies":[{"name":"wp","href":"https:\/\/api.w.org\/{rel}","templated":true}]}}