{"id":798,"date":"2016-03-08T19:37:08","date_gmt":"2016-03-08T18:37:08","guid":{"rendered":"http:\/\/ecn.kielce.pl\/?page_id=798"},"modified":"2025-07-22T11:56:43","modified_gmt":"2025-07-22T09:56:43","slug":"osoby-niepelnosprawne-w-ecn","status":"publish","type":"page","link":"https:\/\/ecn.kielce.pl\/index.php\/pl\/kontakt\/osoby-niepelnosprawne-w-ecn\/","title":{"rendered":"Osoby z niepe\u0142nosprawno\u015bciami w ECN"},"content":{"rendered":"<p style=\"text-align: justify;\"><strong>Zar\u00f3wno budynek SKYE INC. w kt\u00f3rym znajduje si\u0119 ekspozycja centrum nauki, jak i ca\u0142a przestrze\u0144 ECN s\u0105 przystosowane dla os\u00f3b z niepe\u0142nosprawno\u015bciami.<\/strong><\/p>\n<p style=\"text-align: justify;\"><!--more--><\/p>\n<hr \/>\n<p style=\"text-align: justify;\">Posiadamy platform\u0119 przyschodow\u0105, schodo\u0142az, windy oraz szerokie alejki \u015bcie\u017cek zwiedzania, przystosowane dla os\u00f3b poruszaj\u0105cych si\u0119 na w\u00f3zkach inwalidzkich. Osoby niepe\u0142nosprawne mog\u0105 korzysta\u0107 z urz\u0105dze\u0144 interaktywnych, bra\u0107 udzia\u0142 w zaj\u0119ciach popularnonaukowych prowadzonych w laboratorium oraz uczestniczy\u0107 w projekcjach filmowych, pokazach i spotkaniach organizowanych w kinie.<\/p>\n<hr \/>\n<p style=\"text-align: justify;\">Je\u015bli chcesz uzyska\u0107 wi\u0119cej informacji na ten temat lub masz jakie\u015b pytania, skontaktuj si\u0119 z nami.<\/p>\n","protected":false},"excerpt":{"rendered":"<p>Zar\u00f3wno budynek SKYE INC. w kt\u00f3rym znajduje si\u0119 ekspozycja centrum nauki, jak i ca\u0142a przestrze\u0144 ECN s\u0105 przystosowane dla os\u00f3b z niepe\u0142nosprawno\u015bciami.<\/p>\n","protected":false},"author":2,"featured_media":219,"parent":74,"menu_order":10,"comment_status":"closed","ping_status":"closed","template":"pt_zaplanuj.php","meta":{"_links_to":"","_links_to_target":""},"_links":{"self":[{"href":"https:\/\/ecn.kielce.pl\/index.php\/wp-json\/wp\/v2\/pages\/798"}],"collection":[{"href":"https:\/\/ecn.kielce.pl\/index.php\/wp-json\/wp\/v2\/pages"}],"about":[{"href":"https:\/\/ecn.kielce.pl\/index.php\/wp-json\/wp\/v2\/types\/page"}],"author":[{"embeddable":true,"href":"https:\/\/ecn.kielce.pl\/index.php\/wp-json\/wp\/v2\/users\/2"}],"replies":[{"embeddable":true,"href":"https:\/\/ecn.kielce.pl\/index.php\/wp-json\/wp\/v2\/comments?post=798"}],"version-history":[{"count":6,"href":"https:\/\/ecn.kielce.pl\/index.php\/wp-json\/wp\/v2\/pages\/798\/revisions"}],"predecessor-version":[{"id":11692,"href":"https:\/\/ecn.kielce.pl\/index.php\/wp-json\/wp\/v2\/pages\/798\/revisions\/11692"}],"up":[{"embeddable":true,"href":"https:\/\/ecn.kielce.pl\/index.php\/wp-json\/wp\/v2\/pages\/74"}],"wp:featuredmedia":[{"embeddable":true,"href":"https:\/\/ecn.kielce.pl\/index.php\/wp-json\/wp\/v2\/media\/219"}],"wp:attachment":[{"href":"https:\/\/ecn.kielce.pl\/index.php\/wp-json\/wp\/v2\/media?parent=798"}],"curies":[{"name":"wp","href":"https:\/\/api.w.org\/{rel}","templated":true}]}}