{"id":7975,"date":"2021-04-06T15:22:00","date_gmt":"2021-04-06T13:22:00","guid":{"rendered":"http:\/\/ecn.kielce.pl\/?page_id=7975"},"modified":"2021-04-07T14:41:12","modified_gmt":"2021-04-07T12:41:12","slug":"czlowiek-pod-lupa","status":"publish","type":"page","link":"https:\/\/ecn.kielce.pl\/index.php\/pl\/oferta\/ecn-on-line\/czlowiek-pod-lupa\/","title":{"rendered":"Cz\u0142owiek pod lup\u0105"},"content":{"rendered":"\n<p><strong>Z jak\u0105 pr\u0119dko\u015bci\u0105 p\u0142ynie krew? Ile kubk\u00f3w smakowych posiada ludzki j\u0119zyk? Po co nam \u0142zy?<\/strong><!--more--><\/p>\n<p><span style=\"font-size: inherit;\">\u201eCz\u0142owiek pod lup\u0105\u201d to kolejny projekt popularyzuj\u0105cy nauk\u0119, kt\u00f3ry Energetyczne Centrum Nauki Kieleckiego Parku Technologicznego przygotowa\u0142o w ramach edukacji zdalnej. Od 8 kwietnia, w ka\u017cdy czwartek, na stronie ECN, b\u0119d\u0105 publikowane zagadnienia zwi\u0105zane z ludzkim organizmem. Dlaczego oddychamy? W jaki spos\u00f3b s\u0142yszymy? Czy to, co widzimy jest prawdziwym obrazem? To tylko niekt\u00f3re z pyta\u0144, na kt\u00f3re ju\u017c wkr\u00f3tce mi\u0142o\u015bnicy nauki b\u0119d\u0105 mogli uzyska\u0107 odpowied\u017a. Nie zabraknie r\u00f3wnie\u017c wielu ciekawostek. <\/span><\/p>\n","protected":false},"excerpt":{"rendered":"<p>Z jak\u0105 pr\u0119dko\u015bci\u0105 p\u0142ynie krew? Ile kubk\u00f3w smakowych posiada ludzki j\u0119zyk? Po co nam \u0142zy?<\/p>\n","protected":false},"author":2,"featured_media":7961,"parent":6655,"menu_order":1,"comment_status":"closed","ping_status":"closed","template":"pt_oferta_kafelki.php","meta":{"_links_to":"","_links_to_target":""},"_links":{"self":[{"href":"https:\/\/ecn.kielce.pl\/index.php\/wp-json\/wp\/v2\/pages\/7975"}],"collection":[{"href":"https:\/\/ecn.kielce.pl\/index.php\/wp-json\/wp\/v2\/pages"}],"about":[{"href":"https:\/\/ecn.kielce.pl\/index.php\/wp-json\/wp\/v2\/types\/page"}],"author":[{"embeddable":true,"href":"https:\/\/ecn.kielce.pl\/index.php\/wp-json\/wp\/v2\/users\/2"}],"replies":[{"embeddable":true,"href":"https:\/\/ecn.kielce.pl\/index.php\/wp-json\/wp\/v2\/comments?post=7975"}],"version-history":[{"count":4,"href":"https:\/\/ecn.kielce.pl\/index.php\/wp-json\/wp\/v2\/pages\/7975\/revisions"}],"predecessor-version":[{"id":7982,"href":"https:\/\/ecn.kielce.pl\/index.php\/wp-json\/wp\/v2\/pages\/7975\/revisions\/7982"}],"up":[{"embeddable":true,"href":"https:\/\/ecn.kielce.pl\/index.php\/wp-json\/wp\/v2\/pages\/6655"}],"wp:featuredmedia":[{"embeddable":true,"href":"https:\/\/ecn.kielce.pl\/index.php\/wp-json\/wp\/v2\/media\/7961"}],"wp:attachment":[{"href":"https:\/\/ecn.kielce.pl\/index.php\/wp-json\/wp\/v2\/media?parent=7975"}],"curies":[{"name":"wp","href":"https:\/\/api.w.org\/{rel}","templated":true}]}}