{"id":7949,"date":"2021-04-01T17:32:58","date_gmt":"2021-04-01T15:32:58","guid":{"rendered":"http:\/\/ecn.kielce.pl\/?page_id=7949"},"modified":"2021-04-01T17:49:04","modified_gmt":"2021-04-01T15:49:04","slug":"energia-geotermalna","status":"publish","type":"page","link":"https:\/\/ecn.kielce.pl\/index.php\/pl\/oferta\/ecn-on-line\/eco-friendly-z-projektem-green-thinking\/energia-geotermalna\/","title":{"rendered":"Energia geotermalna"},"content":{"rendered":"\n<p><strong>Energia geotermalna, czyli ciep\u0142o pochodz\u0105ce z wn\u0119trza Ziemi, to kolejny przyk\u0142ad odnawialnych \u017ar\u00f3de\u0142 energii. I cho\u0107 nie cieszy si\u0119 przesadn\u0105 popularno\u015bci\u0105, to jej potencja\u0142 jest ogromny.<\/strong> <!--more--><\/p>\n<p>Na jakich zasadach opiera si\u0119 jej pozyskiwanie? Zacznijmy od pocz\u0105tku. Energia geotermalna swoje preludium ma w p\u0142aszczu Ziemi, gdzie powstaje w rezultacie rozpadu pierwiastk\u00f3w promieniotw\u00f3rczych. Procesowi temu towarzyszy wydzielanie du\u017cej ilo\u015bci ciep\u0142a, kt\u00f3re kumulowane jest w ska\u0142ach oraz wodach znajduj\u0105cych si\u0119 w szczelinach skalnych. Energi\u0119 geotermaln\u0105 pozyskuje si\u0119 poprzez wykonanie dw\u00f3ch odwiert\u00f3w o g\u0142\u0119boko\u015bci kilku kilometr\u00f3w. Jeden otw\u00f3r s\u0142u\u017cy do wydobywania gor\u0105cej wody lub pary wodnej, drugi za\u015b do wt\u0142aczania jej z powrotem pod powierzchni\u0119 Ziemi. Istniej\u0105 dwie mo\u017cliwo\u015bci wykorzystania tak gor\u0105cej wody. Pierwsza z nich to ogrzanie naszych mieszka\u0144, za\u015b druga pozwala na przekszta\u0142cenie energii cieplnej w mechaniczn\u0105, kt\u00f3ra w generatorze zamieniana jest w energi\u0119 elektryczn\u0105, czyli finalnie nast\u0119puje wytworzenie pr\u0105du.<\/p>\n","protected":false},"excerpt":{"rendered":"<p>Energia geotermalna, czyli ciep\u0142o pochodz\u0105ce z wn\u0119trza Ziemi, to kolejny przyk\u0142ad odnawialnych \u017ar\u00f3de\u0142 energii. I cho\u0107 nie cieszy si\u0119 przesadn\u0105 popularno\u015bci\u0105, to jej potencja\u0142 jest ogromny.<\/p>\n","protected":false},"author":2,"featured_media":7950,"parent":7671,"menu_order":14,"comment_status":"closed","ping_status":"closed","template":"pt_oferta.php","meta":{"_links_to":"","_links_to_target":""},"_links":{"self":[{"href":"https:\/\/ecn.kielce.pl\/index.php\/wp-json\/wp\/v2\/pages\/7949"}],"collection":[{"href":"https:\/\/ecn.kielce.pl\/index.php\/wp-json\/wp\/v2\/pages"}],"about":[{"href":"https:\/\/ecn.kielce.pl\/index.php\/wp-json\/wp\/v2\/types\/page"}],"author":[{"embeddable":true,"href":"https:\/\/ecn.kielce.pl\/index.php\/wp-json\/wp\/v2\/users\/2"}],"replies":[{"embeddable":true,"href":"https:\/\/ecn.kielce.pl\/index.php\/wp-json\/wp\/v2\/comments?post=7949"}],"version-history":[{"count":2,"href":"https:\/\/ecn.kielce.pl\/index.php\/wp-json\/wp\/v2\/pages\/7949\/revisions"}],"predecessor-version":[{"id":7952,"href":"https:\/\/ecn.kielce.pl\/index.php\/wp-json\/wp\/v2\/pages\/7949\/revisions\/7952"}],"up":[{"embeddable":true,"href":"https:\/\/ecn.kielce.pl\/index.php\/wp-json\/wp\/v2\/pages\/7671"}],"wp:featuredmedia":[{"embeddable":true,"href":"https:\/\/ecn.kielce.pl\/index.php\/wp-json\/wp\/v2\/media\/7950"}],"wp:attachment":[{"href":"https:\/\/ecn.kielce.pl\/index.php\/wp-json\/wp\/v2\/media?parent=7949"}],"curies":[{"name":"wp","href":"https:\/\/api.w.org\/{rel}","templated":true}]}}