{"id":7941,"date":"2021-03-31T21:06:01","date_gmt":"2021-03-31T19:06:01","guid":{"rendered":"http:\/\/ecn.kielce.pl\/?page_id=7941"},"modified":"2021-03-31T21:06:01","modified_gmt":"2021-03-31T19:06:01","slug":"wielkanocny-zajaczek-origami","status":"publish","type":"page","link":"https:\/\/ecn.kielce.pl\/index.php\/pl\/oferta\/ecn-on-line\/wielkanocne-przygotowania-z-druzynamocy\/wielkanocny-zajaczek-origami\/","title":{"rendered":"Wielkanocny zaj\u0105czek origami"},"content":{"rendered":"\n<p><strong>Obejrzyj filmik i wykonaj \u015bwi\u0105teczn\u0105 dekoracj\u0119 w postaci wielkanocnego zaj\u0105czka origami.<\/strong><!--more--><\/p>\n<p><iframe title=\"Wielkanocny zaj\u0105czek origami\" width=\"500\" height=\"281\" src=\"https:\/\/www.youtube.com\/embed\/0bo48Uh10Lo?feature=oembed\" frameborder=\"0\" allow=\"accelerometer; autoplay; clipboard-write; encrypted-media; gyroscope; picture-in-picture\" allowfullscreen><\/iframe><\/p>\n","protected":false},"excerpt":{"rendered":"<p>Obejrzyj filmik i wykonaj \u015bwi\u0105teczn\u0105 dekoracj\u0119 w postaci wielkanocnego zaj\u0105czka origami.<\/p>\n","protected":false},"author":2,"featured_media":7942,"parent":7925,"menu_order":2,"comment_status":"closed","ping_status":"closed","template":"pt_oferta.php","meta":{"_links_to":"","_links_to_target":""},"_links":{"self":[{"href":"https:\/\/ecn.kielce.pl\/index.php\/wp-json\/wp\/v2\/pages\/7941"}],"collection":[{"href":"https:\/\/ecn.kielce.pl\/index.php\/wp-json\/wp\/v2\/pages"}],"about":[{"href":"https:\/\/ecn.kielce.pl\/index.php\/wp-json\/wp\/v2\/types\/page"}],"author":[{"embeddable":true,"href":"https:\/\/ecn.kielce.pl\/index.php\/wp-json\/wp\/v2\/users\/2"}],"replies":[{"embeddable":true,"href":"https:\/\/ecn.kielce.pl\/index.php\/wp-json\/wp\/v2\/comments?post=7941"}],"version-history":[{"count":1,"href":"https:\/\/ecn.kielce.pl\/index.php\/wp-json\/wp\/v2\/pages\/7941\/revisions"}],"predecessor-version":[{"id":7943,"href":"https:\/\/ecn.kielce.pl\/index.php\/wp-json\/wp\/v2\/pages\/7941\/revisions\/7943"}],"up":[{"embeddable":true,"href":"https:\/\/ecn.kielce.pl\/index.php\/wp-json\/wp\/v2\/pages\/7925"}],"wp:featuredmedia":[{"embeddable":true,"href":"https:\/\/ecn.kielce.pl\/index.php\/wp-json\/wp\/v2\/media\/7942"}],"wp:attachment":[{"href":"https:\/\/ecn.kielce.pl\/index.php\/wp-json\/wp\/v2\/media?parent=7941"}],"curies":[{"name":"wp","href":"https:\/\/api.w.org\/{rel}","templated":true}]}}