{"id":7935,"date":"2021-03-31T18:24:32","date_gmt":"2021-03-31T16:24:32","guid":{"rendered":"http:\/\/ecn.kielce.pl\/?page_id=7935"},"modified":"2021-03-31T18:25:17","modified_gmt":"2021-03-31T16:25:17","slug":"naturalne-barwienie-jajek-wielkanocnych","status":"publish","type":"page","link":"https:\/\/ecn.kielce.pl\/index.php\/pl\/oferta\/ecn-on-line\/wielkanocne-przygotowania-z-druzynamocy\/naturalne-barwienie-jajek-wielkanocnych\/","title":{"rendered":"Naturalne barwienie jajek wielkanocnych"},"content":{"rendered":"\n<p><strong>Nie potrzeba sztucznych barwnik\u00f3w, aby nada\u0107 kolor\u00f3w jajkom, kt\u00f3re znajd\u0105 si\u0119 w wielkanocnych koszyczkach.<\/strong><!--more--><\/p>\n\n\n\n<p>\u00a0<\/p>\n<p><iframe title=\"Eksperymentuj z nami: Naturalne barwienie jajek wielkanocnych\" width=\"500\" height=\"281\" src=\"https:\/\/www.youtube.com\/embed\/XTccvsOKMl0?feature=oembed\" frameborder=\"0\" allow=\"accelerometer; autoplay; clipboard-write; encrypted-media; gyroscope; picture-in-picture\" allowfullscreen><\/iframe><\/p>\n","protected":false},"excerpt":{"rendered":"<p>Nie potrzeba sztucznych barwnik\u00f3w, aby nada\u0107 kolor\u00f3w jajkom, kt\u00f3re znajd\u0105 si\u0119 w wielkanocnych koszyczkach.<\/p>\n","protected":false},"author":2,"featured_media":5956,"parent":7925,"menu_order":3,"comment_status":"closed","ping_status":"closed","template":"pt_oferta.php","meta":{"_links_to":"","_links_to_target":""},"_links":{"self":[{"href":"https:\/\/ecn.kielce.pl\/index.php\/wp-json\/wp\/v2\/pages\/7935"}],"collection":[{"href":"https:\/\/ecn.kielce.pl\/index.php\/wp-json\/wp\/v2\/pages"}],"about":[{"href":"https:\/\/ecn.kielce.pl\/index.php\/wp-json\/wp\/v2\/types\/page"}],"author":[{"embeddable":true,"href":"https:\/\/ecn.kielce.pl\/index.php\/wp-json\/wp\/v2\/users\/2"}],"replies":[{"embeddable":true,"href":"https:\/\/ecn.kielce.pl\/index.php\/wp-json\/wp\/v2\/comments?post=7935"}],"version-history":[{"count":2,"href":"https:\/\/ecn.kielce.pl\/index.php\/wp-json\/wp\/v2\/pages\/7935\/revisions"}],"predecessor-version":[{"id":7937,"href":"https:\/\/ecn.kielce.pl\/index.php\/wp-json\/wp\/v2\/pages\/7935\/revisions\/7937"}],"up":[{"embeddable":true,"href":"https:\/\/ecn.kielce.pl\/index.php\/wp-json\/wp\/v2\/pages\/7925"}],"wp:featuredmedia":[{"embeddable":true,"href":"https:\/\/ecn.kielce.pl\/index.php\/wp-json\/wp\/v2\/media\/5956"}],"wp:attachment":[{"href":"https:\/\/ecn.kielce.pl\/index.php\/wp-json\/wp\/v2\/media?parent=7935"}],"curies":[{"name":"wp","href":"https:\/\/api.w.org\/{rel}","templated":true}]}}