{"id":7867,"date":"2021-03-10T15:47:49","date_gmt":"2021-03-10T14:47:49","guid":{"rendered":"http:\/\/ecn.kielce.pl\/?page_id=7867"},"modified":"2021-03-11T14:49:31","modified_gmt":"2021-03-11T13:49:31","slug":"najwieksze-elektrownie-fotowoltaiczne","status":"publish","type":"page","link":"https:\/\/ecn.kielce.pl\/index.php\/pl\/oferta\/ecn-on-line\/eco-friendly-z-projektem-green-thinking\/najwieksze-elektrownie-fotowoltaiczne\/","title":{"rendered":"Najwi\u0119ksze elektrownie fotowoltaiczne"},"content":{"rendered":"\n<p>Najwi\u0119ksza na \u015bwiecie elektrownia fotowoltaiczna to Bhadla Solar Park po\u0142o\u017cona w Rad\u017castanie w p\u00f3\u0142nocno-zachodnich Indiach. Zosta\u0142a otwarta w marcu 2020 roku i zajmuje powierzchni\u0119 57 km<sup>2<\/sup><sub>,\u00a0 <\/sub>a \u0142\u0105czna moc paneli to 2245 MW. Jest ona najta\u0144szym w Indiach producentem energii elektrycznej z instalacji PV<strong>. <\/strong><\/p>\n<p>Najwi\u0119ksza farma fotowoltaiczna w Europie i znajduje si\u0119 w Hiszpanii, a jej moc to 500 MW.<\/p>\n<p>Najwi\u0119ksz\u0105 dotychczas farm\u0105 fotowoltaiczn\u0105 w Polsce jest farma w Czernikowie ko\u0142o Torunia uruchomiona przez grup\u0119 Energa. Zajmuje ona powierzchni\u0119 7,7 ha i ma moc 3,77 MW. Niebawem ma si\u0119 to zmieni\u0107, gdy\u017c w planach jest uruchomienie jeszcze wi\u0119kszej farmy fotowoltaicznej, w Zwartowie na Pomorzu (moc 350 MW).<\/p>\n","protected":false},"excerpt":{"rendered":"<p>Najwi\u0119ksza na \u015bwiecie elektrownia fotowoltaiczna to Bhadla Solar Park po\u0142o\u017cona w Rad\u017castanie w p\u00f3\u0142nocno-zachodnich Indiach. Zosta\u0142a otwarta w marcu 2020 roku i zajmuje powierzchni\u0119 57 km2,\u00a0 a \u0142\u0105czna moc paneli to 2245 MW. Jest ona najta\u0144szym w Indiach producentem energii elektrycznej z instalacji PV. Najwi\u0119ksza farma fotowoltaiczna w Europie i znajduje si\u0119 w Hiszpanii, a [&hellip;]<\/p>\n","protected":false},"author":2,"featured_media":7866,"parent":7671,"menu_order":11,"comment_status":"closed","ping_status":"closed","template":"pt_oferta.php","meta":{"_links_to":"","_links_to_target":""},"_links":{"self":[{"href":"https:\/\/ecn.kielce.pl\/index.php\/wp-json\/wp\/v2\/pages\/7867"}],"collection":[{"href":"https:\/\/ecn.kielce.pl\/index.php\/wp-json\/wp\/v2\/pages"}],"about":[{"href":"https:\/\/ecn.kielce.pl\/index.php\/wp-json\/wp\/v2\/types\/page"}],"author":[{"embeddable":true,"href":"https:\/\/ecn.kielce.pl\/index.php\/wp-json\/wp\/v2\/users\/2"}],"replies":[{"embeddable":true,"href":"https:\/\/ecn.kielce.pl\/index.php\/wp-json\/wp\/v2\/comments?post=7867"}],"version-history":[{"count":2,"href":"https:\/\/ecn.kielce.pl\/index.php\/wp-json\/wp\/v2\/pages\/7867\/revisions"}],"predecessor-version":[{"id":7875,"href":"https:\/\/ecn.kielce.pl\/index.php\/wp-json\/wp\/v2\/pages\/7867\/revisions\/7875"}],"up":[{"embeddable":true,"href":"https:\/\/ecn.kielce.pl\/index.php\/wp-json\/wp\/v2\/pages\/7671"}],"wp:featuredmedia":[{"embeddable":true,"href":"https:\/\/ecn.kielce.pl\/index.php\/wp-json\/wp\/v2\/media\/7866"}],"wp:attachment":[{"href":"https:\/\/ecn.kielce.pl\/index.php\/wp-json\/wp\/v2\/media?parent=7867"}],"curies":[{"name":"wp","href":"https:\/\/api.w.org\/{rel}","templated":true}]}}