{"id":7859,"date":"2021-03-08T15:32:53","date_gmt":"2021-03-08T14:32:53","guid":{"rendered":"http:\/\/ecn.kielce.pl\/?page_id=7859"},"modified":"2021-03-31T18:27:25","modified_gmt":"2021-03-31T16:27:25","slug":"kobietynauka","status":"publish","type":"page","link":"https:\/\/ecn.kielce.pl\/index.php\/pl\/oferta\/ecn-on-line\/kobietynauka\/","title":{"rendered":"#kobietynauka"},"content":{"rendered":"\n<p><strong>Wynalazki i odkrycia naukowe zmieniaj\u0105 \u015bwiat, a wszystko to za spraw\u0105 pracy naukowc\u00f3w, kt\u00f3rzy w laboratoriach prowadz\u0105 \u017cmudne i d\u0142ugotrwa\u0142e badania.<\/strong> <!--more--><\/p>\n<hr>\n<p>Wszystko po to, by \u017cy\u0142o nam si\u0119 lepiej, \u0142atwiej, wygodniej. Obecnie, w dobie nowych technologii, wynalazki, kt\u00f3re jeszcze niedawno wydawa\u0142y si\u0119 przysz\u0142o\u015bciowe, sta\u0142y si\u0119 dzi\u015b bezu\u017cyteczne. S\u0105 jednak i takie pomys\u0142y, kt\u00f3re zrewolucjonizowa\u0142y \u015bwiat i bez kt\u00f3rych nie byliby\u015bmy w stanie osi\u0105gn\u0105\u0107 tego, czym ludzko\u015b\u0107 aktualnie dysponuje. Za wieloma z tych odkry\u0107 stoj\u0105 kobiety.<\/p>\n<p><strong>Josephine Cochrane<\/strong> opatentowa\u0142a w 1886 roku zmywark\u0119, kt\u00f3ra nakierowywa\u0142a wod\u0119 pod wysokim ci\u015bnieniem na stojak z brudnymi naczyniami. Na pocz\u0105tku maszyna u\u017cywana by\u0142a g\u0142\u00f3wnie w hotelach i restauracjach, a to dlatego, \u017ce wi\u0119kszo\u015b\u0107 dom\u00f3w nie mia\u0142a dost\u0119pu do ciep\u0142ej wody. Sytuacja ta zmieni\u0142a si\u0119, gdy wi\u0119kszo\u015b\u0107 kobiet rozpocz\u0119\u0142a prac\u0119 zawodow\u0105.<\/p>\n<p><strong>Mary Anderson<\/strong> wykaza\u0142a si\u0119 du\u017c\u0105 innowacyjno\u015bci\u0105, gdy\u017c sw\u00f3j wynalazek \u2013 wycieraczk\u0119 samochodow\u0105, stworzy\u0142a w chwili, gdy nie m\u00f3g\u0142 on by\u0107 powszechnie wykorzystywany. A to dlatego, \u017ce na pocz\u0105tku XX wieku auta by\u0142y rzadko\u015bci\u0105. Gumowe wycieraczki umocowane by\u0142y na pr\u0119cie przyczepionym do r\u0105czki wewn\u0105trz pojazdu. Gdy pada\u0142 deszcz lub \u015bnieg kierowca musia\u0142 jedynie za ni\u0105 poci\u0105gn\u0105\u0107. Mimo, i\u017c na pocz\u0105tku sceptycznie podchodzono do wynalazku Mary Anderson, to po 10 latach sta\u0142 si\u0119 on nieod\u0142\u0105cznym elementem wyposa\u017cenia samochod\u00f3w, kt\u00f3rego u\u017cywamy po dzi\u015b.<\/p>\n<p><strong>Marion Donovan<\/strong> zas\u0142yn\u0119\u0142a dwoma wynalazkami, pierwszy z nich \u2013 wodoodporna pow\u0142oka na pieluchy dla dzieci zapobiegaj\u0105ca powstawaniu wysypki \u2013 mia\u0142 sw\u00f3j debiut w 1949 roku. Dwana\u015bcie lat p\u00f3\u017aniej Amerykanka dzi\u0119ki nieustaj\u0105cej pomys\u0142owo\u015bci stworzy\u0142a jednorazowe pieluszki Pampers, tym samym odmieniaj\u0105c \u017cycie wszystkich m\u0142odych rodzic\u00f3w.<\/p>\n<p><strong>Mary Phelps Jacob<\/strong> pochyli\u0142a si\u0119 nad problemem niewygodnej kobiecej bielizny. Modele posiadaj\u0105ce pr\u0119ty z wielorybich fiszbin i stali, by\u0142y dla pa\u0144 mocno uci\u0105\u017cliwe, a projekt Mary by\u0142 ich zupe\u0142nym przeciwie\u0144stwem. By\u0142 mi\u0119kki, lekki oraz rozdziela\u0142 piersi, dzi\u0119ki czemu idealnie dopasowywa\u0142 si\u0119 do anatomii kobiecych cia\u0142. S\u0142awy przysporzy\u0142a mu I wojna \u015bwiatowa i zakaz kupowania gorset\u00f3w, maj\u0105cy na celu oszcz\u0119dzanie tak potrzebnego materia\u0142u.<\/p>\n<p><strong>Stephanie Kwolek<\/strong> zapisa\u0142a si\u0119 na kartach historii wynalezieniem polimeru z grupy poliamid\u00f3w o nazwie kevlar. Jest to bardzo mocny i niezwykle wytrzyma\u0142y materia\u0142, kt\u00f3ry wykorzystuje si\u0119 do produkcji kamizelek kuloodpornych. Poprzeczne ustawienie w\u0142\u00f3kien polimeru w jednym kierunku pozwoli\u0142o opracowa\u0107 tworzywo silne, niczym stal. Sporz\u0105dzona technologia wsp\u00f3\u0142cze\u015bnie u\u017cywana jest r\u00f3wnie\u017c do produkcji he\u0142m\u00f3w, klock\u00f3w hamulcowych, nart oraz sprz\u0119tu turystycznego. <br>Alice H. Parker by\u0142a afroameryka\u0144sk\u0105 wynalazczyni\u0105 znan\u0105 z patentu na piec gazowy, opracowanego w 1919 roku. Jej system pozwala\u0142 na regulowanie temperatury budynku i przenoszenie ciep\u0142a do r\u00f3\u017cnych jego cz\u0119\u015bci, dzi\u0119ki zastosowaniu niezale\u017cnie sterowanych palnik\u00f3w. Jej wynalazek pom\u00f3g\u0142 w wyeliminowaniu niebezpiecze\u0144stwa wynikaj\u0105cego z pozostawionego na noc kominka.<\/p>\n<p><strong>Dr Maria Telkes<\/strong>, s\u0142ynna biofizyczka, ma na swoim koncie nie lada wynalazek. Wymy\u015bli\u0142a bowiem pierwszy system ogrzewania dom\u00f3w energi\u0105 s\u0142oneczn\u0105. Ponadto dzi\u0119ki odkryciu systemu magazynowania tej\u017ce energii zdoby\u0142a przydomek \u201eKr\u00f3lowa S\u0142o\u0144ca\u201d. Jakby tego by\u0142o jeszcze ma\u0142o Maria stoi za odkryciem szeregu urz\u0105dze\u0144 termicznych, takich jak: urz\u0105dzenie do odsalania wody na \u0142odziach ratunkowych, czy lod\u00f3wka termoelektryczna wykorzystuj\u0105ca zasady termoelektryczno\u015bci p\u00f3\u0142przewodnik\u00f3w.<\/p>\n<p>Cho\u0107 <strong>Hedy Lamarr<\/strong> znana jest szerszej publiczno\u015bci jako aktorka, to ma\u0142o kto wie, \u017ce jako wynalazczyni osi\u0105gn\u0119\u0142a znacznie wi\u0119cej. W 1941 roku opatentowa\u0142a system tajnej komunikacji, kt\u00f3ry pozwala\u0142 na manipulowanie cz\u0119stotliwo\u015bciami radiowymi i uniemo\u017cliwia\u0142 przechwyt tajnych informacji przez wroga. Urz\u0105dzenie to mia\u0142o by\u0107 wykorzystywane przeciw nazistom podczas II wojny \u015bwiatowej, uznano jednak, i\u017c jest ono zbyt skomplikowane i ostatecznie zosta\u0142o u\u017cyte dopiero 20 lat p\u00f3\u017aniej. Co dla nas jest szalenie istotne, to fakt, \u017ce pomys\u0142 ten stanowi\u0142 fundament pod dobrze nam obecnie znan\u0105 sie\u0107 bezprzewodow\u0105 &#8211; WiFi.<\/p>\n","protected":false},"excerpt":{"rendered":"<p>Wynalazki i odkrycia naukowe zmieniaj\u0105 \u015bwiat, a wszystko to za spraw\u0105 pracy naukowc\u00f3w, kt\u00f3rzy w laboratoriach prowadz\u0105 \u017cmudne i d\u0142ugotrwa\u0142e badania.<\/p>\n","protected":false},"author":2,"featured_media":7860,"parent":6655,"menu_order":3,"comment_status":"closed","ping_status":"closed","template":"pt_oferta.php","meta":{"_links_to":"","_links_to_target":""},"_links":{"self":[{"href":"https:\/\/ecn.kielce.pl\/index.php\/wp-json\/wp\/v2\/pages\/7859"}],"collection":[{"href":"https:\/\/ecn.kielce.pl\/index.php\/wp-json\/wp\/v2\/pages"}],"about":[{"href":"https:\/\/ecn.kielce.pl\/index.php\/wp-json\/wp\/v2\/types\/page"}],"author":[{"embeddable":true,"href":"https:\/\/ecn.kielce.pl\/index.php\/wp-json\/wp\/v2\/users\/2"}],"replies":[{"embeddable":true,"href":"https:\/\/ecn.kielce.pl\/index.php\/wp-json\/wp\/v2\/comments?post=7859"}],"version-history":[{"count":4,"href":"https:\/\/ecn.kielce.pl\/index.php\/wp-json\/wp\/v2\/pages\/7859\/revisions"}],"predecessor-version":[{"id":7940,"href":"https:\/\/ecn.kielce.pl\/index.php\/wp-json\/wp\/v2\/pages\/7859\/revisions\/7940"}],"up":[{"embeddable":true,"href":"https:\/\/ecn.kielce.pl\/index.php\/wp-json\/wp\/v2\/pages\/6655"}],"wp:featuredmedia":[{"embeddable":true,"href":"https:\/\/ecn.kielce.pl\/index.php\/wp-json\/wp\/v2\/media\/7860"}],"wp:attachment":[{"href":"https:\/\/ecn.kielce.pl\/index.php\/wp-json\/wp\/v2\/media?parent=7859"}],"curies":[{"name":"wp","href":"https:\/\/api.w.org\/{rel}","templated":true}]}}