{"id":7831,"date":"2021-03-03T15:50:24","date_gmt":"2021-03-03T14:50:24","guid":{"rendered":"http:\/\/ecn.kielce.pl\/?page_id=7831"},"modified":"2021-03-03T15:50:25","modified_gmt":"2021-03-03T14:50:25","slug":"najwieksza-farma-wiatrowa","status":"publish","type":"page","link":"https:\/\/ecn.kielce.pl\/index.php\/pl\/oferta\/ecn-on-line\/eco-friendly-z-projektem-green-thinking\/najwieksza-farma-wiatrowa\/","title":{"rendered":"Najwi\u0119ksza farma wiatrowa"},"content":{"rendered":"\n<p><strong>Czy wiecie, \u017ce najwi\u0119ksza na \u015bwiecie farma wiatrowa znajduje si\u0119 w Chinach?<\/strong><!--more--><\/p>\n<hr \/>\n<p>Obejmuje 7 000 turbin o ca\u0142kowitej mocy 7 900 MW. Jednak w\u015br\u00f3d 10 najwi\u0119kszych farm, a\u017c 7 znajduje si\u0119 na terytorium USA, a ich \u0142\u0105czna moc to prawie 5 000 MW.<\/p>\n<p>W Europie najwi\u0119ksz\u0105 l\u0105dow\u0105 farm\u0105 wiatrow\u0105 jest F\u00e2nt\u00e2nele \u2013 Cogealac Wind Farm w Rumunii. Obejmuje ona 150 turbin o ca\u0142kowitej\u00a0 mocy\u00a0 600 MW. Jej operatorem jest czeski operator i producent energii elektrycznej &#8211; CEZ Group.<\/p>\n<p>Najwi\u0119ksza morska farma wiatrowa w Europie to Atlas Wind Farm wybudowana na wodach terytorialnych Wielkiej Brytanii. W jej sk\u0142ad wchodzi \u00a0175 turbin, a ich \u0142\u0105czna moc ca\u0142kowita to 630 MW.<\/p>\n<p>W Polsce najwi\u0119ksze farmy wiatrowe to Farma Wiatrowa Margonin o mocy 120 MW (woj. wielkopolskie), Farma Wiatrowa Banie o mocy 106 MW (woj. zachodniopomorskie), Farma Wiatrowa Korsze \u00a0o mocy ca\u0142kowitej 90 MW (woj. warmi\u0144sko-mazurskie), Farma Wiatrowa Lotnisko o mocy ca\u0142kowitej 94,5 MW (Kopaniewo woj. pomorskie) oraz Farma Wiatrowa Kar\u015bcino-Mo\u0142towo o mocy ca\u0142kowitej 90 MW (woj. zachodniopomorskie).<\/p>\n","protected":false},"excerpt":{"rendered":"<p>Czy wiecie, \u017ce najwi\u0119ksza na \u015bwiecie farma wiatrowa znajduje si\u0119 w Chinach?<\/p>\n","protected":false},"author":2,"featured_media":7832,"parent":7671,"menu_order":10,"comment_status":"closed","ping_status":"closed","template":"pt_oferta.php","meta":{"_links_to":"","_links_to_target":""},"_links":{"self":[{"href":"https:\/\/ecn.kielce.pl\/index.php\/wp-json\/wp\/v2\/pages\/7831"}],"collection":[{"href":"https:\/\/ecn.kielce.pl\/index.php\/wp-json\/wp\/v2\/pages"}],"about":[{"href":"https:\/\/ecn.kielce.pl\/index.php\/wp-json\/wp\/v2\/types\/page"}],"author":[{"embeddable":true,"href":"https:\/\/ecn.kielce.pl\/index.php\/wp-json\/wp\/v2\/users\/2"}],"replies":[{"embeddable":true,"href":"https:\/\/ecn.kielce.pl\/index.php\/wp-json\/wp\/v2\/comments?post=7831"}],"version-history":[{"count":1,"href":"https:\/\/ecn.kielce.pl\/index.php\/wp-json\/wp\/v2\/pages\/7831\/revisions"}],"predecessor-version":[{"id":7833,"href":"https:\/\/ecn.kielce.pl\/index.php\/wp-json\/wp\/v2\/pages\/7831\/revisions\/7833"}],"up":[{"embeddable":true,"href":"https:\/\/ecn.kielce.pl\/index.php\/wp-json\/wp\/v2\/pages\/7671"}],"wp:featuredmedia":[{"embeddable":true,"href":"https:\/\/ecn.kielce.pl\/index.php\/wp-json\/wp\/v2\/media\/7832"}],"wp:attachment":[{"href":"https:\/\/ecn.kielce.pl\/index.php\/wp-json\/wp\/v2\/media?parent=7831"}],"curies":[{"name":"wp","href":"https:\/\/api.w.org\/{rel}","templated":true}]}}