{"id":78,"date":"2016-02-21T17:00:39","date_gmt":"2016-02-21T16:00:39","guid":{"rendered":"http:\/\/ecn.dev\/?page_id=78"},"modified":"2026-03-13T11:55:56","modified_gmt":"2026-03-13T10:55:56","slug":"jak-trafic","status":"publish","type":"page","link":"https:\/\/ecn.kielce.pl\/index.php\/pl\/kontakt\/jak-trafic\/","title":{"rendered":"Jak trafi\u0107"},"content":{"rendered":"<div class=\"embed-container\"><iframe style=\"border: 0;\" tabindex=\"0\" src=\"https:\/\/www.google.com\/maps\/embed?pb=!1m18!1m12!1m3!1d7326.844205020787!2d20.617002186905133!3d50.89251988516404!2m3!1f0!2f0!3f0!3m2!1i1024!2i768!4f13.1!3m3!1m2!1s0x471827d72d68966d%3A0x66d3bc3d6544fb2a!2sEnergetyczne%20Centrum%20Nauki!5e0!3m2!1spl!2spl!4v1600435599746!5m2!1spl!2spl\" width=\"100%\" height=\"450\" frameborder=\"0\" allowfullscreen=\"allowfullscreen\" aria-hidden=\"false\"><\/iframe><\/div>\n<div class=\"mt4\">\n<div class=\"row\">\n<div class=\"col-md-4 clearfix\">\n<h2 class=\"h4\">Wsp\u00f3\u0142rz\u0119dne dojazdowe:<\/h2>\n<p>50\u00b053&#8217;37.7&#8243;N 20\u00b037&#8217;18.7&#8243;E<br \/>\n50.893813, 20.621863<\/p>\n<h2 class=\"h4\">Dane kontaktowe:<\/h2>\n<p class=\"lead mb1 mt3\">Energetyczne Centrum Nauki<\/p>\n<p class=\"mt0\"><a href=\"http:\/\/www.technopark.kielce.pl\/\">Kielecki Park Technologiczny<\/a><\/p>\n<p class=\"mt3\">ul. Olszewskiego 6<br \/>\n(budynek SKYE INC.) 2 pi\u0119tro<br \/>\n25-663 Kielce<br \/>\nNIP: 959-181-50-51<\/p>\n<p>E-MAIL:<\/p>\n<p>BIURO: ecn@technopark.kielce.pl<\/p>\n<p>REZERWACJE: rezerwacjeecn@technopark.kielce.pl<\/p>\n<p class=\"mt3\"><span class=\"gray\">TEL:<\/span><span class=\"mr4 brand-red\">(41) 278 72 50<\/span><br \/>\n<small class=\"gray\">(w godzinach pracy Centrum)<\/small><\/p>\n<\/div>\n<\/div>\n<\/div>\n","protected":false},"excerpt":{"rendered":"<p>Wsp\u00f3\u0142rz\u0119dne dojazdowe: 50\u00b053&#8217;37.7&#8243;N 20\u00b037&#8217;18.7&#8243;E 50.893813, 20.621863 Dane kontaktowe: Energetyczne Centrum Nauki Kielecki Park Technologiczny ul. Olszewskiego 6 (budynek SKYE INC.) 2 pi\u0119tro 25-663 Kielce NIP: 959-181-50-51 E-MAIL: BIURO: ecn@technopark.kielce.pl REZERWACJE: rezerwacjeecn@technopark.kielce.pl TEL:(41) 278 72 50 (w godzinach pracy Centrum)<\/p>\n","protected":false},"author":1,"featured_media":0,"parent":74,"menu_order":1,"comment_status":"closed","ping_status":"closed","template":"pt_kontakt.php","meta":{"_links_to":"","_links_to_target":""},"_links":{"self":[{"href":"https:\/\/ecn.kielce.pl\/index.php\/wp-json\/wp\/v2\/pages\/78"}],"collection":[{"href":"https:\/\/ecn.kielce.pl\/index.php\/wp-json\/wp\/v2\/pages"}],"about":[{"href":"https:\/\/ecn.kielce.pl\/index.php\/wp-json\/wp\/v2\/types\/page"}],"author":[{"embeddable":true,"href":"https:\/\/ecn.kielce.pl\/index.php\/wp-json\/wp\/v2\/users\/1"}],"replies":[{"embeddable":true,"href":"https:\/\/ecn.kielce.pl\/index.php\/wp-json\/wp\/v2\/comments?post=78"}],"version-history":[{"count":34,"href":"https:\/\/ecn.kielce.pl\/index.php\/wp-json\/wp\/v2\/pages\/78\/revisions"}],"predecessor-version":[{"id":12720,"href":"https:\/\/ecn.kielce.pl\/index.php\/wp-json\/wp\/v2\/pages\/78\/revisions\/12720"}],"up":[{"embeddable":true,"href":"https:\/\/ecn.kielce.pl\/index.php\/wp-json\/wp\/v2\/pages\/74"}],"wp:attachment":[{"href":"https:\/\/ecn.kielce.pl\/index.php\/wp-json\/wp\/v2\/media?parent=78"}],"curies":[{"name":"wp","href":"https:\/\/api.w.org\/{rel}","templated":true}]}}