{"id":7743,"date":"2021-01-22T11:23:12","date_gmt":"2021-01-22T10:23:12","guid":{"rendered":"http:\/\/ecn.kielce.pl\/?page_id=7743"},"modified":"2021-01-22T11:23:46","modified_gmt":"2021-01-22T10:23:46","slug":"cukierkowa-tecza","status":"publish","type":"page","link":"https:\/\/ecn.kielce.pl\/index.php\/pl\/oferta\/ecn-on-line\/eksperymentuj-z-ecn\/cukierkowa-tecza\/","title":{"rendered":"Cukierkowa t\u0119cza"},"content":{"rendered":"\n<p><strong>Sprawd\u017a, jak dzi\u0119ki kolorowym cukierkom o ka\u017cdej porze roku mo\u017cesz wykona\u0107 t\u0119cz\u0119.<\/strong><\/p>\n<p><iframe title=\"Cukierkowa t\u0119cza\" width=\"500\" height=\"281\" src=\"https:\/\/www.youtube.com\/embed\/u1JJdfCy4OI?feature=oembed\" frameborder=\"0\" allow=\"accelerometer; autoplay; clipboard-write; encrypted-media; gyroscope; picture-in-picture\" allowfullscreen><\/iframe><\/p>\n","protected":false},"excerpt":{"rendered":"<p>Sprawd\u017a, jak dzi\u0119ki kolorowym cukierkom o ka\u017cdej porze roku mo\u017cesz wykona\u0107 t\u0119cz\u0119.<\/p>\n","protected":false},"author":2,"featured_media":7744,"parent":7272,"menu_order":28,"comment_status":"closed","ping_status":"closed","template":"pt_oferta.php","meta":{"_links_to":"","_links_to_target":""},"_links":{"self":[{"href":"https:\/\/ecn.kielce.pl\/index.php\/wp-json\/wp\/v2\/pages\/7743"}],"collection":[{"href":"https:\/\/ecn.kielce.pl\/index.php\/wp-json\/wp\/v2\/pages"}],"about":[{"href":"https:\/\/ecn.kielce.pl\/index.php\/wp-json\/wp\/v2\/types\/page"}],"author":[{"embeddable":true,"href":"https:\/\/ecn.kielce.pl\/index.php\/wp-json\/wp\/v2\/users\/2"}],"replies":[{"embeddable":true,"href":"https:\/\/ecn.kielce.pl\/index.php\/wp-json\/wp\/v2\/comments?post=7743"}],"version-history":[{"count":2,"href":"https:\/\/ecn.kielce.pl\/index.php\/wp-json\/wp\/v2\/pages\/7743\/revisions"}],"predecessor-version":[{"id":7746,"href":"https:\/\/ecn.kielce.pl\/index.php\/wp-json\/wp\/v2\/pages\/7743\/revisions\/7746"}],"up":[{"embeddable":true,"href":"https:\/\/ecn.kielce.pl\/index.php\/wp-json\/wp\/v2\/pages\/7272"}],"wp:featuredmedia":[{"embeddable":true,"href":"https:\/\/ecn.kielce.pl\/index.php\/wp-json\/wp\/v2\/media\/7744"}],"wp:attachment":[{"href":"https:\/\/ecn.kielce.pl\/index.php\/wp-json\/wp\/v2\/media?parent=7743"}],"curies":[{"name":"wp","href":"https:\/\/api.w.org\/{rel}","templated":true}]}}