{"id":7733,"date":"2021-01-20T08:15:38","date_gmt":"2021-01-20T07:15:38","guid":{"rendered":"http:\/\/ecn.kielce.pl\/?page_id=7733"},"modified":"2021-01-27T08:55:17","modified_gmt":"2021-01-27T07:55:17","slug":"energia-fal","status":"publish","type":"page","link":"https:\/\/ecn.kielce.pl\/index.php\/pl\/oferta\/ecn-on-line\/eco-friendly-z-projektem-green-thinking\/energia-fal\/","title":{"rendered":"Energia fal wodnych"},"content":{"rendered":"\n<p><strong>Faluj\u0105ce morze to no\u015bnik du\u017cych zasob\u00f3w energii, kt\u00f3ry od niedawna uczymy si\u0119 wykorzystywa\u0107.<\/strong> <!--more--><\/p>\n<p>Istnieje wiele sposob\u00f3w wykorzystania energii fal, przy czym wi\u0119kszo\u015b\u0107 jest w fazie testowej. Fale wodne mog\u0105 np. porusza\u0107 specjalnie ukszta\u0142towanym skrzyd\u0142em, zwanym kaczk\u0105. Grubsza cz\u0119\u015b\u0107 skrzyd\u0142a przymocowana jest do nieruchomej osi, za\u015b p\u0142etwa skrzyd\u0142a unosi si\u0119 i opada na falach. Obracaj\u0105ca si\u0119 w ten spos\u00f3b, o\u015b skrzyd\u0142a pod\u0142\u0105czona jest do specjalnych uk\u0142ad\u00f3w wytwarzaj\u0105cych pr\u0105d elektryczny.<\/p>\n<p>Innym ciekawym przyk\u0142adem jest elektrownia Pelamis, zbudowana z d\u0142ugich na ponad 100 m elastycznych w\u0119\u017cy. Pod wp\u0142ywem fal w\u0119\u017ce wyginaj\u0105 si\u0119 i ruch ten zamieniany jest na energi\u0119 elektryczn\u0105.<\/p>\n","protected":false},"excerpt":{"rendered":"<p>Faluj\u0105ce morze to no\u015bnik du\u017cych zasob\u00f3w energii, kt\u00f3ry od niedawna uczymy si\u0119 wykorzystywa\u0107.<\/p>\n","protected":false},"author":2,"featured_media":7735,"parent":7671,"menu_order":4,"comment_status":"closed","ping_status":"closed","template":"pt_oferta.php","meta":{"_links_to":"","_links_to_target":""},"_links":{"self":[{"href":"https:\/\/ecn.kielce.pl\/index.php\/wp-json\/wp\/v2\/pages\/7733"}],"collection":[{"href":"https:\/\/ecn.kielce.pl\/index.php\/wp-json\/wp\/v2\/pages"}],"about":[{"href":"https:\/\/ecn.kielce.pl\/index.php\/wp-json\/wp\/v2\/types\/page"}],"author":[{"embeddable":true,"href":"https:\/\/ecn.kielce.pl\/index.php\/wp-json\/wp\/v2\/users\/2"}],"replies":[{"embeddable":true,"href":"https:\/\/ecn.kielce.pl\/index.php\/wp-json\/wp\/v2\/comments?post=7733"}],"version-history":[{"count":4,"href":"https:\/\/ecn.kielce.pl\/index.php\/wp-json\/wp\/v2\/pages\/7733\/revisions"}],"predecessor-version":[{"id":7753,"href":"https:\/\/ecn.kielce.pl\/index.php\/wp-json\/wp\/v2\/pages\/7733\/revisions\/7753"}],"up":[{"embeddable":true,"href":"https:\/\/ecn.kielce.pl\/index.php\/wp-json\/wp\/v2\/pages\/7671"}],"wp:featuredmedia":[{"embeddable":true,"href":"https:\/\/ecn.kielce.pl\/index.php\/wp-json\/wp\/v2\/media\/7735"}],"wp:attachment":[{"href":"https:\/\/ecn.kielce.pl\/index.php\/wp-json\/wp\/v2\/media?parent=7733"}],"curies":[{"name":"wp","href":"https:\/\/api.w.org\/{rel}","templated":true}]}}