{"id":7722,"date":"2021-01-13T10:12:32","date_gmt":"2021-01-13T09:12:32","guid":{"rendered":"http:\/\/ecn.kielce.pl\/?page_id=7722"},"modified":"2021-01-20T08:16:41","modified_gmt":"2021-01-20T07:16:41","slug":"eko-krzyzowka","status":"publish","type":"page","link":"https:\/\/ecn.kielce.pl\/index.php\/pl\/oferta\/ecn-on-line\/eco-friendly-z-projektem-green-thinking\/eko-krzyzowka\/","title":{"rendered":"EKO krzy\u017c\u00f3wka"},"content":{"rendered":"\n<p><strong>Rozwi\u0105\u017c eko krzy\u017c\u00f3wk\u0119 i poznaj has\u0142o. Co za nim si\u0119 kryje?<\/strong> <!--more--><\/p>\n<p><a href=\"http:\/\/ecn.kielce.pl\/wp-content\/uploads\/2021\/01\/krzyzowka_eko.pdf\">Pobierz<\/a><\/p>\n","protected":false},"excerpt":{"rendered":"<p>Rozwi\u0105\u017c eko krzy\u017c\u00f3wk\u0119 i poznaj has\u0142o. Co za nim si\u0119 kryje?<\/p>\n","protected":false},"author":2,"featured_media":7723,"parent":7671,"menu_order":3,"comment_status":"closed","ping_status":"closed","template":"pt_oferta.php","meta":{"_links_to":"","_links_to_target":""},"_links":{"self":[{"href":"https:\/\/ecn.kielce.pl\/index.php\/wp-json\/wp\/v2\/pages\/7722"}],"collection":[{"href":"https:\/\/ecn.kielce.pl\/index.php\/wp-json\/wp\/v2\/pages"}],"about":[{"href":"https:\/\/ecn.kielce.pl\/index.php\/wp-json\/wp\/v2\/types\/page"}],"author":[{"embeddable":true,"href":"https:\/\/ecn.kielce.pl\/index.php\/wp-json\/wp\/v2\/users\/2"}],"replies":[{"embeddable":true,"href":"https:\/\/ecn.kielce.pl\/index.php\/wp-json\/wp\/v2\/comments?post=7722"}],"version-history":[{"count":3,"href":"https:\/\/ecn.kielce.pl\/index.php\/wp-json\/wp\/v2\/pages\/7722\/revisions"}],"predecessor-version":[{"id":7739,"href":"https:\/\/ecn.kielce.pl\/index.php\/wp-json\/wp\/v2\/pages\/7722\/revisions\/7739"}],"up":[{"embeddable":true,"href":"https:\/\/ecn.kielce.pl\/index.php\/wp-json\/wp\/v2\/pages\/7671"}],"wp:featuredmedia":[{"embeddable":true,"href":"https:\/\/ecn.kielce.pl\/index.php\/wp-json\/wp\/v2\/media\/7723"}],"wp:attachment":[{"href":"https:\/\/ecn.kielce.pl\/index.php\/wp-json\/wp\/v2\/media?parent=7722"}],"curies":[{"name":"wp","href":"https:\/\/api.w.org\/{rel}","templated":true}]}}