{"id":7711,"date":"2021-01-07T08:25:07","date_gmt":"2021-01-07T07:25:07","guid":{"rendered":"http:\/\/ecn.kielce.pl\/?page_id=7711"},"modified":"2021-01-27T08:55:57","modified_gmt":"2021-01-27T07:55:57","slug":"2_energia-wodna","status":"publish","type":"page","link":"https:\/\/ecn.kielce.pl\/index.php\/pl\/oferta\/ecn-on-line\/eco-friendly-z-projektem-green-thinking\/2_energia-wodna\/","title":{"rendered":"Energia wodna i elektrownie"},"content":{"rendered":"\n<p><strong>P\u0142yn\u0105ca woda, jak ka\u017cda materia w ruchu, jest no\u015bnikiem energii kinetycznej.\u00a0<\/strong><!--more--><\/p>\n<p>Ta energia mo\u017ce by\u0107 przekazana dalej i wykorzystana na wiele sposob\u00f3w.\u00a0Ju\u017c w\u00a0III w. p.n.e.\u00a0wod\u0105 ze strumieni zacz\u0119to nap\u0119dza\u0107 ko\u0142a wodne nawadniaj\u0105ce pola uprawne czy nap\u0119dzaj\u0105ce m\u0142yny.\u00a0Strumie\u0144 wody mo\u017ce te\u017c zasila\u0107 elektrowni\u0119 wodn\u0105, nap\u0119dzaj\u0105c turbin\u0119 po\u0142\u0105czon\u0105 z generatorem pr\u0105du elektrycznego. Pierwsze takie elektrownie zacz\u0119\u0142y powstawa\u0107 w Europie pod koniec XIX w. Pocz\u0105tkowo sta\u0142y one przy niewielkich strumieniach i by\u0142y ma\u0142o wydajne. Z czasem jednak nauczono si\u0119 stawia\u0107 tamy na wielkich rzekach, dzi\u0119ki czemu mo\u017cliwe sta\u0142o si\u0119 wykorzystanie hydroelektryczno\u015bci na szerok\u0105 skal\u0119.\u00a0Elektrownie te, cho\u0107 ingeruj\u0105 w krajobraz i ekosystem, s\u0105 ekologicznie czyste, bowiem nie emituj\u0105 spalin.<\/p>\n","protected":false},"excerpt":{"rendered":"<p>P\u0142yn\u0105ca woda, jak ka\u017cda materia w ruchu, jest no\u015bnikiem energii kinetycznej.\u00a0<\/p>\n","protected":false},"author":2,"featured_media":7712,"parent":7671,"menu_order":2,"comment_status":"closed","ping_status":"closed","template":"pt_oferta.php","meta":{"_links_to":"","_links_to_target":""},"_links":{"self":[{"href":"https:\/\/ecn.kielce.pl\/index.php\/wp-json\/wp\/v2\/pages\/7711"}],"collection":[{"href":"https:\/\/ecn.kielce.pl\/index.php\/wp-json\/wp\/v2\/pages"}],"about":[{"href":"https:\/\/ecn.kielce.pl\/index.php\/wp-json\/wp\/v2\/types\/page"}],"author":[{"embeddable":true,"href":"https:\/\/ecn.kielce.pl\/index.php\/wp-json\/wp\/v2\/users\/2"}],"replies":[{"embeddable":true,"href":"https:\/\/ecn.kielce.pl\/index.php\/wp-json\/wp\/v2\/comments?post=7711"}],"version-history":[{"count":4,"href":"https:\/\/ecn.kielce.pl\/index.php\/wp-json\/wp\/v2\/pages\/7711\/revisions"}],"predecessor-version":[{"id":7755,"href":"https:\/\/ecn.kielce.pl\/index.php\/wp-json\/wp\/v2\/pages\/7711\/revisions\/7755"}],"up":[{"embeddable":true,"href":"https:\/\/ecn.kielce.pl\/index.php\/wp-json\/wp\/v2\/pages\/7671"}],"wp:featuredmedia":[{"embeddable":true,"href":"https:\/\/ecn.kielce.pl\/index.php\/wp-json\/wp\/v2\/media\/7712"}],"wp:attachment":[{"href":"https:\/\/ecn.kielce.pl\/index.php\/wp-json\/wp\/v2\/media?parent=7711"}],"curies":[{"name":"wp","href":"https:\/\/api.w.org\/{rel}","templated":true}]}}