{"id":7643,"date":"2020-12-23T09:00:00","date_gmt":"2020-12-23T08:00:00","guid":{"rendered":"http:\/\/ecn.kielce.pl\/?page_id=7643"},"modified":"2020-12-23T08:46:02","modified_gmt":"2020-12-23T07:46:02","slug":"23-grudnia","status":"publish","type":"page","link":"https:\/\/ecn.kielce.pl\/index.php\/pl\/oferta\/ecn-on-line\/naukowy-kalendarz-adwentowy-ecn\/23-grudnia\/","title":{"rendered":"23 grudnia"},"content":{"rendered":"\n<p><strong>Z obchodami \u015awi\u0105t Bo\u017cego Narodzenia wi\u0105\u017ce si\u0119 te\u017c zwyczaj kol\u0119dowania.<\/strong><!--more-->Od Wigilii do Trzech Kr\u00f3li po wsiach w\u0119drowali kol\u0119dnicy. Byli to ch\u0142opcy, kt\u00f3rzy przebierali si\u0119 za r\u00f3\u017cne postaci, m.in. koz\u0119, bociana, nied\u017awiedzia, \u017curawia, turonia czy te\u017c konia, odgrywali r\u00f3\u017cnorodne scenki i nosili gwiazdy oraz szopki. Udaj\u0105c si\u0119 od domu do domu, sk\u0142adali gospodarzom \u017cyczenia, kt\u00f3re przybiera\u0142y wierszowan\u0105 form\u0119, a tak\u017ce \u015bpiewali kol\u0119dy. \u017byczenia te mia\u0142y wielk\u0105 moc, gdy\u017c zapewnia\u0142y domostwu powodzenie, urodzaj oraz zdrowie. W podzi\u0119kowaniu kol\u0119dnicy otrzymywali dary: jedzenie czy te\u017c pieni\u0105dze.<\/p>\n","protected":false},"excerpt":{"rendered":"<p>Z obchodami \u015awi\u0105t Bo\u017cego Narodzenia wi\u0105\u017ce si\u0119 te\u017c zwyczaj kol\u0119dowania.<\/p>\n","protected":false},"author":2,"featured_media":7636,"parent":7483,"menu_order":23,"comment_status":"closed","ping_status":"closed","template":"pt_oferta.php","meta":{"_links_to":"","_links_to_target":""},"_links":{"self":[{"href":"https:\/\/ecn.kielce.pl\/index.php\/wp-json\/wp\/v2\/pages\/7643"}],"collection":[{"href":"https:\/\/ecn.kielce.pl\/index.php\/wp-json\/wp\/v2\/pages"}],"about":[{"href":"https:\/\/ecn.kielce.pl\/index.php\/wp-json\/wp\/v2\/types\/page"}],"author":[{"embeddable":true,"href":"https:\/\/ecn.kielce.pl\/index.php\/wp-json\/wp\/v2\/users\/2"}],"replies":[{"embeddable":true,"href":"https:\/\/ecn.kielce.pl\/index.php\/wp-json\/wp\/v2\/comments?post=7643"}],"version-history":[{"count":1,"href":"https:\/\/ecn.kielce.pl\/index.php\/wp-json\/wp\/v2\/pages\/7643\/revisions"}],"predecessor-version":[{"id":7668,"href":"https:\/\/ecn.kielce.pl\/index.php\/wp-json\/wp\/v2\/pages\/7643\/revisions\/7668"}],"up":[{"embeddable":true,"href":"https:\/\/ecn.kielce.pl\/index.php\/wp-json\/wp\/v2\/pages\/7483"}],"wp:featuredmedia":[{"embeddable":true,"href":"https:\/\/ecn.kielce.pl\/index.php\/wp-json\/wp\/v2\/media\/7636"}],"wp:attachment":[{"href":"https:\/\/ecn.kielce.pl\/index.php\/wp-json\/wp\/v2\/media?parent=7643"}],"curies":[{"name":"wp","href":"https:\/\/api.w.org\/{rel}","templated":true}]}}