{"id":7632,"date":"2020-12-20T09:00:00","date_gmt":"2020-12-20T08:00:00","guid":{"rendered":"http:\/\/ecn.kielce.pl\/?page_id=7632"},"modified":"2020-12-19T20:25:36","modified_gmt":"2020-12-19T19:25:36","slug":"20-grudnia","status":"publish","type":"page","link":"https:\/\/ecn.kielce.pl\/index.php\/pl\/oferta\/ecn-on-line\/naukowy-kalendarz-adwentowy-ecn\/20-grudnia\/","title":{"rendered":"20 grudnia"},"content":{"rendered":"\n<p><strong>24 grudnia, Wigilia, to jeden z najpi\u0119kniejszych i najwa\u017cniejszych dni w roku, na kt\u00f3ry wszyscy czekamy. Dzielenie si\u0119 op\u0142atkiem, choinka, a pod ni\u0105 prezenty i 12 postnych da\u0144 na wieczerzy wigilijnej to najwa\u017cniejsze elementy obchod\u00f3w \u015awi\u0105t Bo\u017cego Narodzenia w Polsce. A jak \u015bwi\u0119tuje si\u0119 w innych krajach?\u00a0<\/strong><!--more--><strong>Hiszpania<\/strong><br \/>Okres \u015bwi\u0105teczny rozpoczyna odbywaj\u0105ca si\u0119 22 grudnia loteria \u015bwi\u0105teczna El Gordo. Na kolacji wigilijnej nie obowi\u0105zuje post. Je si\u0119 pieczonego indyka, jagni\u0119cin\u0119 i szynk\u0119 (jam\u00f3n ib\u00e9rico i jam\u00f3n serrano), a tak\u017ce owoce morza. Najwa\u017cniejszym elementem dekoracyjnym nie jest choinka, ale szopka bo\u017conarodzeniowa (bel\u00e9n). Nie ma zwyczaju dzielenia si\u0119 op\u0142atkiem, a popularny jest deser o nazwie turr\u00f3n, czyli rodzaj nugatu, sk\u0142adaj\u0105cy si\u0119 mi\u0119dzy innymi z miodu, orzech\u00f3w i migda\u0142\u00f3w. <br \/>Hiszpa\u0144skie dzieci na prezenty czekaj\u0105 a\u017c do 6 stycznia, a przynosz\u0105 je Trzej Kr\u00f3lowie (Reyes Magos).<\/p>\n<p><strong>Francja<\/strong><br \/>Bardzo wa\u017cn\u0105 tradycj\u0105 s\u0105 jarmarki bo\u017conarodzeniowe (march\u00e9 de No\u00ebl) otwierane ju\u017c pierwszego dnia adwentu. W Wigili\u0119 nie ma zwyczaju dzielenia si\u0119 op\u0142atkiem ani \u015bpiewania kol\u0119d, nie zachowuje si\u0119 te\u017c postu. Posi\u0142ek rozpoczyna si\u0119 cz\u0119sto od toastu lampk\u0105 szampana, a g\u0142\u00f3wne dania to indyk nadziewany jadalnymi kasztanami i owoce morza. Najwa\u017cniejszy jest jednak tradycyjny deser \u2013 rolada z kremem o nazwie b\u00fbche de No\u00ebl, czyli \u015bwi\u0105teczna k\u0142oda. Nazwa ta nawi\u0105zuje do tradycji, wed\u0142ug kt\u00f3rej do domu przynoszono polano, kt\u00f3re pali\u0142o si\u0119 w kominku przez ca\u0142y \u015bwi\u0105teczny wiecz\u00f3r. Na stole ustawia si\u0119 trzy \u015bwieczniki, kt\u00f3re symbolizuj\u0105 Tr\u00f3jc\u0119 \u015awi\u0119t\u0105, a tak\u017ce zwi\u0105zuje si\u0119 ko\u0144ce obrusu, aby diabe\u0142 nie dosta\u0142 si\u0119 pod st\u00f3\u0142. Dzieci otrzymuj\u0105 prezenty w noc wigilijn\u0105 do but\u00f3w ustawionych pod choink\u0105.<\/p>\n<p>Grecja<br \/>Nie \u015bwi\u0119tuje si\u0119 tu Wigilii, a najwa\u017cniejszy jest dzie\u0144 25 XII \u2013 Bo\u017ce Narodzenie. G\u0142owa rodziny dzieli si\u0119 ze wszystkimi tzw. Christopsomo (Chlebem Chrystusa) &#8211; to bochenek chleba ozdobiony na g\u00f3rze krzy\u017cem. W\u015br\u00f3d \u015bwi\u0105tecznych przysmak\u00f3w znajduj\u0105 si\u0119 te\u017c kourambiedes, migda\u0142owe ciasteczka posypane cukrem pudrem, melomakarona &#8211; ciasteczka maczane w s\u0142odkim syropie, a z mi\u0119s jagni\u0119cina, wieprzowina i indyk. Tradycyjn\u0105 ozdob\u0105 w niekt\u00f3rych przybrze\u017cnych miastach i na wyspach s\u0105 przystrojone kolorowymi \u015bwiate\u0142kami statki, a w domach choinki dekorowane ju\u017c na prze\u0142omie listopada i grudnia. Prezenty przynosi nie \u015awi\u0119ty Miko\u0142aj, a \u015awi\u0119ty Bazyli (Agios Vasilis) 1 stycznia, w Nowy Rok, czyli dzie\u0144 jego \u015bwi\u0119ta.<\/p>\n","protected":false},"excerpt":{"rendered":"<p>24 grudnia, Wigilia, to jeden z najpi\u0119kniejszych i najwa\u017cniejszych dni w roku, na kt\u00f3ry wszyscy czekamy. Dzielenie si\u0119 op\u0142atkiem, choinka, a pod ni\u0105 prezenty i 12 postnych da\u0144 na wieczerzy wigilijnej to najwa\u017cniejsze elementy obchod\u00f3w \u015awi\u0105t Bo\u017cego Narodzenia w Polsce. A jak \u015bwi\u0119tuje si\u0119 w innych krajach?\u00a0<\/p>\n","protected":false},"author":2,"featured_media":7633,"parent":7483,"menu_order":20,"comment_status":"closed","ping_status":"closed","template":"pt_oferta.php","meta":{"_links_to":"","_links_to_target":""},"_links":{"self":[{"href":"https:\/\/ecn.kielce.pl\/index.php\/wp-json\/wp\/v2\/pages\/7632"}],"collection":[{"href":"https:\/\/ecn.kielce.pl\/index.php\/wp-json\/wp\/v2\/pages"}],"about":[{"href":"https:\/\/ecn.kielce.pl\/index.php\/wp-json\/wp\/v2\/types\/page"}],"author":[{"embeddable":true,"href":"https:\/\/ecn.kielce.pl\/index.php\/wp-json\/wp\/v2\/users\/2"}],"replies":[{"embeddable":true,"href":"https:\/\/ecn.kielce.pl\/index.php\/wp-json\/wp\/v2\/comments?post=7632"}],"version-history":[{"count":1,"href":"https:\/\/ecn.kielce.pl\/index.php\/wp-json\/wp\/v2\/pages\/7632\/revisions"}],"predecessor-version":[{"id":7638,"href":"https:\/\/ecn.kielce.pl\/index.php\/wp-json\/wp\/v2\/pages\/7632\/revisions\/7638"}],"up":[{"embeddable":true,"href":"https:\/\/ecn.kielce.pl\/index.php\/wp-json\/wp\/v2\/pages\/7483"}],"wp:featuredmedia":[{"embeddable":true,"href":"https:\/\/ecn.kielce.pl\/index.php\/wp-json\/wp\/v2\/media\/7633"}],"wp:attachment":[{"href":"https:\/\/ecn.kielce.pl\/index.php\/wp-json\/wp\/v2\/media?parent=7632"}],"curies":[{"name":"wp","href":"https:\/\/api.w.org\/{rel}","templated":true}]}}