{"id":7629,"date":"2020-12-19T09:00:00","date_gmt":"2020-12-19T08:00:00","guid":{"rendered":"http:\/\/ecn.kielce.pl\/?page_id=7629"},"modified":"2020-12-18T23:23:28","modified_gmt":"2020-12-18T22:23:28","slug":"19-grudnia","status":"publish","type":"page","link":"https:\/\/ecn.kielce.pl\/index.php\/pl\/oferta\/ecn-on-line\/naukowy-kalendarz-adwentowy-ecn\/19-grudnia\/","title":{"rendered":"19 grudnia"},"content":{"rendered":"\n<p><strong>Wigilijna wieczerza to czas wsp\u00f3lnego posi\u0142ku i celebrowania wsp\u00f3lnie sp\u0119dzonego czasu. Co dawniej znajdowa\u0142o si\u0119 na wigilijnych sto\u0142ach?<\/strong><!--more-->Dania, kt\u00f3re spo\u017cywano r\u00f3\u017cni\u0142y si\u0119 w zale\u017cno\u015bci od regionu Polski. Pojawia\u0142y si\u0119 m.in. takie potrawy jak:<br \/>&#8211; barszcz z m\u0105ki \u017cytniej b\u0105d\u017a czerwonych burak\u00f3w<br \/>&#8211; zupy: z siemienia lnianego (tzw. siemieniec), grzybowa, groch\u00f3wka, rybna, migda\u0142owa<br \/>&#8211; pierogi z kapust\u0105, grzybami lub owocami<br \/>&#8211; kluski z makiem i miodem<br \/>&#8211; kapusta kiszona <br \/>&#8211; kasza gryczana z sosem grzybowym <br \/>&#8211; ryby <br \/>&#8211; groch<br \/>&#8211; fasola<br \/>&#8211; na s\u0142odko: pierniki, pierniczki, strucla z makiem, kutia, mak\u00f3wki<br \/>&#8211; kompot z suszonych owoc\u00f3w<br \/>&#8211; kisiel \u017curawinowy lub owsiany<\/p>\n","protected":false},"excerpt":{"rendered":"<p>Wigilijna wieczerza to czas wsp\u00f3lnego posi\u0142ku i celebrowania wsp\u00f3lnie sp\u0119dzonego czasu. Co dawniej znajdowa\u0142o si\u0119 na wigilijnych sto\u0142ach?<\/p>\n","protected":false},"author":2,"featured_media":7630,"parent":7483,"menu_order":19,"comment_status":"closed","ping_status":"closed","template":"pt_oferta.php","meta":{"_links_to":"","_links_to_target":""},"_links":{"self":[{"href":"https:\/\/ecn.kielce.pl\/index.php\/wp-json\/wp\/v2\/pages\/7629"}],"collection":[{"href":"https:\/\/ecn.kielce.pl\/index.php\/wp-json\/wp\/v2\/pages"}],"about":[{"href":"https:\/\/ecn.kielce.pl\/index.php\/wp-json\/wp\/v2\/types\/page"}],"author":[{"embeddable":true,"href":"https:\/\/ecn.kielce.pl\/index.php\/wp-json\/wp\/v2\/users\/2"}],"replies":[{"embeddable":true,"href":"https:\/\/ecn.kielce.pl\/index.php\/wp-json\/wp\/v2\/comments?post=7629"}],"version-history":[{"count":1,"href":"https:\/\/ecn.kielce.pl\/index.php\/wp-json\/wp\/v2\/pages\/7629\/revisions"}],"predecessor-version":[{"id":7631,"href":"https:\/\/ecn.kielce.pl\/index.php\/wp-json\/wp\/v2\/pages\/7629\/revisions\/7631"}],"up":[{"embeddable":true,"href":"https:\/\/ecn.kielce.pl\/index.php\/wp-json\/wp\/v2\/pages\/7483"}],"wp:featuredmedia":[{"embeddable":true,"href":"https:\/\/ecn.kielce.pl\/index.php\/wp-json\/wp\/v2\/media\/7630"}],"wp:attachment":[{"href":"https:\/\/ecn.kielce.pl\/index.php\/wp-json\/wp\/v2\/media?parent=7629"}],"curies":[{"name":"wp","href":"https:\/\/api.w.org\/{rel}","templated":true}]}}