{"id":7627,"date":"2020-12-19T11:00:45","date_gmt":"2020-12-19T10:00:45","guid":{"rendered":"http:\/\/ecn.kielce.pl\/?page_id=7627"},"modified":"2020-12-18T23:03:14","modified_gmt":"2020-12-18T22:03:14","slug":"sniezna-kula-wykonanie","status":"publish","type":"page","link":"https:\/\/ecn.kielce.pl\/index.php\/pl\/oferta\/ecn-on-line\/swiateczne-domowe-laboratorium\/sniezna-kula-wykonanie\/","title":{"rendered":"\u015anie\u017cna kula &#8211; wykonanie"},"content":{"rendered":"\n<p><strong>Zamknij \u015bwi\u0105teczny klimat w \u015bnie\u017cnej kuli.\u00a0<\/strong> <!--more--><a href=\"https:\/\/www.youtube.com\/watch?v=gkK_tlSJ_DU\">https:\/\/www.youtube.com\/watch?v=gkK_tlSJ_DU<\/a><\/p>\n","protected":false},"excerpt":{"rendered":"<p>Zamknij \u015bwi\u0105teczny klimat w \u015bnie\u017cnej kuli.\u00a0<\/p>\n","protected":false},"author":2,"featured_media":7610,"parent":7566,"menu_order":1,"comment_status":"closed","ping_status":"closed","template":"pt_oferta.php","meta":{"_links_to":"","_links_to_target":""},"_links":{"self":[{"href":"https:\/\/ecn.kielce.pl\/index.php\/wp-json\/wp\/v2\/pages\/7627"}],"collection":[{"href":"https:\/\/ecn.kielce.pl\/index.php\/wp-json\/wp\/v2\/pages"}],"about":[{"href":"https:\/\/ecn.kielce.pl\/index.php\/wp-json\/wp\/v2\/types\/page"}],"author":[{"embeddable":true,"href":"https:\/\/ecn.kielce.pl\/index.php\/wp-json\/wp\/v2\/users\/2"}],"replies":[{"embeddable":true,"href":"https:\/\/ecn.kielce.pl\/index.php\/wp-json\/wp\/v2\/comments?post=7627"}],"version-history":[{"count":1,"href":"https:\/\/ecn.kielce.pl\/index.php\/wp-json\/wp\/v2\/pages\/7627\/revisions"}],"predecessor-version":[{"id":7628,"href":"https:\/\/ecn.kielce.pl\/index.php\/wp-json\/wp\/v2\/pages\/7627\/revisions\/7628"}],"up":[{"embeddable":true,"href":"https:\/\/ecn.kielce.pl\/index.php\/wp-json\/wp\/v2\/pages\/7566"}],"wp:featuredmedia":[{"embeddable":true,"href":"https:\/\/ecn.kielce.pl\/index.php\/wp-json\/wp\/v2\/media\/7610"}],"wp:attachment":[{"href":"https:\/\/ecn.kielce.pl\/index.php\/wp-json\/wp\/v2\/media?parent=7627"}],"curies":[{"name":"wp","href":"https:\/\/api.w.org\/{rel}","templated":true}]}}