{"id":7624,"date":"2020-12-18T09:00:15","date_gmt":"2020-12-18T08:00:15","guid":{"rendered":"http:\/\/ecn.kielce.pl\/?page_id=7624"},"modified":"2020-12-18T08:07:28","modified_gmt":"2020-12-18T07:07:28","slug":"18-grudnia","status":"publish","type":"page","link":"https:\/\/ecn.kielce.pl\/index.php\/pl\/oferta\/ecn-on-line\/naukowy-kalendarz-adwentowy-ecn\/18-grudnia\/","title":{"rendered":"18 grudnia"},"content":{"rendered":"\n<p><strong>Dekorowanie choinki to bardzo mi\u0142a tradycja, bez kt\u00f3rej nie wyobra\u017camy sobie \u015awi\u0105t Bo\u017cego Narodzenia. Cho\u0107 bogactwo ozd\u00f3b pozwala ka\u017cdemu spe\u0142ni\u0107 marzenie o jedynym, niepowtarzalnym drzewku, to niekt\u00f3re elementy dekoracji pozostaj\u0105 niezmienne od lat. Warto pozna\u0107 ich znaczenie.<\/strong><!--more--><strong>Choinka<\/strong> \u2013 drzewo iglaste, jest symbolem \u017cycia i odradzania si\u0119. W chrze\u015bcija\u0144stwie, \u017cywe drzewko symbolizuje Chrystusa jako \u017ar\u00f3d\u0142a \u017cycia.<br \/>\u015awiate\u0142ka chroni\u0105 przed z\u0142em kryj\u0105cym si\u0119 w ciemno\u015bciach i odwracaj\u0105 nie\u017cyczliwe ludzkie spojrzenia. W chrze\u015bcija\u0144skiej symbolice religijnej oznaczaj\u0105 Chrystusa, kt\u00f3ry mia\u0142 by\u0107 \u015bwiat\u0142em dla pogan.<\/p>\n<p><strong>Gwiazda<\/strong> na czubku choinki nawi\u0105zuje do Gwiazdy Betlejemskiej, kt\u00f3ra zaprowadzi\u0142a Trzech Kr\u00f3li do Jezusa. Ma ona zapewni\u0107 domownikom bezpieczny powr\u00f3t do domu.<\/p>\n<p><strong>Bombki<\/strong> w kszta\u0142cie kuli s\u0105 symbolem ci\u0105g\u0142o\u015bci i powtarzalno\u015bci ludzkiego \u017cycia, odradzania si\u0119 i niesko\u0144czono\u015bci, a tak\u017ce wiecznej natury Boga.<\/p>\n<p><strong>\u0141a\u0144cuchy<\/strong> symbolizuj\u0105 wzmacnianie wi\u0119zi rodzinnych oraz chroni\u0105 dom przed k\u0142opotami.<\/p>\n<p><strong>Dzwonki<\/strong> oznaczaj\u0105 rado\u015b\u0107 oraz dobr\u0105 nowin\u0119, jak\u0105 jest narodzenie Jezusa.<br \/><strong>Anio\u0142ki<\/strong> opiekuj\u0105 si\u0119 domem.<\/p>\n<p><strong>Rajskie jab\u0142uszka<\/strong> to symbol zdrowia i urody.<\/p>\n<p><strong>Pierniki<\/strong> maj\u0105 przynie\u015b\u0107 domownikom dostatek w nadchodz\u0105cym roku.<\/p>\n<p><strong>Orzechy\/szyszki<\/strong> zapewniaj\u0105 dobrobyt i si\u0142\u0119.<\/p>\n","protected":false},"excerpt":{"rendered":"<p>Dekorowanie choinki to bardzo mi\u0142a tradycja, bez kt\u00f3rej nie wyobra\u017camy sobie \u015awi\u0105t Bo\u017cego Narodzenia. Cho\u0107 bogactwo ozd\u00f3b pozwala ka\u017cdemu spe\u0142ni\u0107 marzenie o jedynym, niepowtarzalnym drzewku, to niekt\u00f3re elementy dekoracji pozostaj\u0105 niezmienne od lat. Warto pozna\u0107 ich znaczenie.<\/p>\n","protected":false},"author":2,"featured_media":7599,"parent":7483,"menu_order":18,"comment_status":"closed","ping_status":"closed","template":"pt_oferta.php","meta":{"_links_to":"","_links_to_target":""},"_links":{"self":[{"href":"https:\/\/ecn.kielce.pl\/index.php\/wp-json\/wp\/v2\/pages\/7624"}],"collection":[{"href":"https:\/\/ecn.kielce.pl\/index.php\/wp-json\/wp\/v2\/pages"}],"about":[{"href":"https:\/\/ecn.kielce.pl\/index.php\/wp-json\/wp\/v2\/types\/page"}],"author":[{"embeddable":true,"href":"https:\/\/ecn.kielce.pl\/index.php\/wp-json\/wp\/v2\/users\/2"}],"replies":[{"embeddable":true,"href":"https:\/\/ecn.kielce.pl\/index.php\/wp-json\/wp\/v2\/comments?post=7624"}],"version-history":[{"count":1,"href":"https:\/\/ecn.kielce.pl\/index.php\/wp-json\/wp\/v2\/pages\/7624\/revisions"}],"predecessor-version":[{"id":7625,"href":"https:\/\/ecn.kielce.pl\/index.php\/wp-json\/wp\/v2\/pages\/7624\/revisions\/7625"}],"up":[{"embeddable":true,"href":"https:\/\/ecn.kielce.pl\/index.php\/wp-json\/wp\/v2\/pages\/7483"}],"wp:featuredmedia":[{"embeddable":true,"href":"https:\/\/ecn.kielce.pl\/index.php\/wp-json\/wp\/v2\/media\/7599"}],"wp:attachment":[{"href":"https:\/\/ecn.kielce.pl\/index.php\/wp-json\/wp\/v2\/media?parent=7624"}],"curies":[{"name":"wp","href":"https:\/\/api.w.org\/{rel}","templated":true}]}}