{"id":7608,"date":"2020-12-14T13:24:10","date_gmt":"2020-12-14T12:24:10","guid":{"rendered":"http:\/\/ecn.kielce.pl\/?page_id=7608"},"modified":"2020-12-14T13:24:44","modified_gmt":"2020-12-14T12:24:44","slug":"sniezna-kula-potrzebne-materialy","status":"publish","type":"page","link":"https:\/\/ecn.kielce.pl\/index.php\/pl\/oferta\/ecn-on-line\/swiateczne-domowe-laboratorium\/sniezna-kula-potrzebne-materialy\/","title":{"rendered":"\u015anie\u017cna kula &#8211; potrzebne materia\u0142y"},"content":{"rendered":"\n<p><strong>Do wykonania \u015bnie\u017cnej kuli b\u0119d\u0105 potrzebne:<\/strong><!--more--><\/p>\n<p>&#8211; s\u0142oik z zakr\u0119tk\u0105<br \/>&#8211; woda<br \/>&#8211; gliceryna (1 \u0142y\u017ceczka)<br \/>&#8211; \u0142y\u017ceczka<br \/>&#8211; zielona plastelina (2 kawa\u0142ki)<br \/>&#8211; kolorowa plastelina <br \/>&#8211; malutkie ozdoby (np. cekiny, koraliki)<br \/>&#8211; bia\u0142y brokat<br \/>&#8211; wst\u0105\u017ceczka (ok. 50 cm)<br \/>&#8211; \u015bwi\u0105teczna zawieszka<br \/>&#8211; kredka\/flamaster<\/p>\n","protected":false},"excerpt":{"rendered":"<p>Do wykonania \u015bnie\u017cnej kuli b\u0119d\u0105 potrzebne:<\/p>\n","protected":false},"author":2,"featured_media":7609,"parent":7566,"menu_order":2,"comment_status":"closed","ping_status":"closed","template":"pt_oferta.php","meta":{"_links_to":"","_links_to_target":""},"_links":{"self":[{"href":"https:\/\/ecn.kielce.pl\/index.php\/wp-json\/wp\/v2\/pages\/7608"}],"collection":[{"href":"https:\/\/ecn.kielce.pl\/index.php\/wp-json\/wp\/v2\/pages"}],"about":[{"href":"https:\/\/ecn.kielce.pl\/index.php\/wp-json\/wp\/v2\/types\/page"}],"author":[{"embeddable":true,"href":"https:\/\/ecn.kielce.pl\/index.php\/wp-json\/wp\/v2\/users\/2"}],"replies":[{"embeddable":true,"href":"https:\/\/ecn.kielce.pl\/index.php\/wp-json\/wp\/v2\/comments?post=7608"}],"version-history":[{"count":3,"href":"https:\/\/ecn.kielce.pl\/index.php\/wp-json\/wp\/v2\/pages\/7608\/revisions"}],"predecessor-version":[{"id":7613,"href":"https:\/\/ecn.kielce.pl\/index.php\/wp-json\/wp\/v2\/pages\/7608\/revisions\/7613"}],"up":[{"embeddable":true,"href":"https:\/\/ecn.kielce.pl\/index.php\/wp-json\/wp\/v2\/pages\/7566"}],"wp:featuredmedia":[{"embeddable":true,"href":"https:\/\/ecn.kielce.pl\/index.php\/wp-json\/wp\/v2\/media\/7609"}],"wp:attachment":[{"href":"https:\/\/ecn.kielce.pl\/index.php\/wp-json\/wp\/v2\/media?parent=7608"}],"curies":[{"name":"wp","href":"https:\/\/api.w.org\/{rel}","templated":true}]}}