{"id":7606,"date":"2020-12-14T09:00:49","date_gmt":"2020-12-14T08:00:49","guid":{"rendered":"http:\/\/ecn.kielce.pl\/?page_id=7606"},"modified":"2020-12-14T09:12:23","modified_gmt":"2020-12-14T08:12:23","slug":"14-grudnia","status":"publish","type":"page","link":"https:\/\/ecn.kielce.pl\/index.php\/pl\/oferta\/ecn-on-line\/naukowy-kalendarz-adwentowy-ecn\/14-grudnia\/","title":{"rendered":"14 grudnia"},"content":{"rendered":"\n<p><strong>Jak nasze oczy postrzegaj\u0105 obrazy widziane przez wod\u0119? Wykonaj eksperyment.<\/strong><!--more--><\/p>\n<p><strong>ZWODNICZE OKO<\/strong><br \/>Potrzebne b\u0119d\u0105: kartka papieru, flamaster, szklanka<\/p>\n<p><strong>INSTRUKCJA WYKONANIA<\/strong><br \/>1. Zegnij ma\u0142\u0105 kartk\u0119 papieru tak, \u017ceby samodzielnie sta\u0142a.<br \/>2. Narysuj na niej w strza\u0142k\u0119 w lewo lub w prawo.<br \/>3. Przed kartk\u0105 papieru postaw pust\u0105 szklank\u0119 tak, \u017ceby ca\u0142a strza\u0142ka by\u0142a przez ni\u0105 niewidoczna.<br \/>4. Obserwuj\u0105c strza\u0142k\u0119 przez szklank\u0119, nape\u0142nij naczynie wod\u0105. Jaki kierunek pokazuje strza\u0142ka?<\/p>\n<p><br \/><strong>NAUKOWE WYJA\u015aNIENIE<\/strong><br \/>&#8211; Kierunek strza\u0142ki zmieni\u0142 si\u0119, gdy\u017c przez szklank\u0119 z wod\u0105 widzisz obraz odwr\u00f3cony. Obrazy odwr\u00f3cone powstaj\u0105 dzi\u0119ki zjawisku refrakcji \u2013 zmianie za\u0142amania wi\u0105zki \u015bwiat\u0142a pod wp\u0142ywem zmiany \u015brodowiska, w kt\u00f3rym si\u0119 rozchodzi.<br \/>&#8211; Inny przyk\u0142ad refrakcji, gdy w\u0142o\u017cysz \u0142y\u017ceczk\u0119 do szklanki z wod\u0105 \u2013 wygl\u0105da jakby by\u0142a w dw\u00f3ch cz\u0119\u015bciach, bo inaczej za\u0142amuje si\u0119 \u015bwiat\u0142o w wodzie, a inaczej w powietrzu.<\/p>\n<p><br \/><strong>RADY DLA M\u0141ODEGO NAUKOWCA<\/strong><br \/>&#8211; Je\u017celi eksperyment nie zadzia\u0142a\u0142, oddal albo przybli\u017c szklank\u0119 z wod\u0105.<br \/>&#8211; Narysuj niesymetryczny obrazek np. posta\u0107 trzymaj\u0105c\u0105 z prawej r\u0119ce kwiatek \u2013 przez szklank\u0119 zobaczysz, \u017ce trzymasz go z lewej strony.<br \/>&#8211; Ustaw w rz\u0119dzie dwie, trzy, cztery wype\u0142nione wod\u0105 szklanki \u2013 jak zmienia si\u0119 obraz przez nie widoczny?<\/p>\n","protected":false},"excerpt":{"rendered":"<p>Jak nasze oczy postrzegaj\u0105 obrazy widziane przez wod\u0119? Wykonaj eksperyment.<\/p>\n","protected":false},"author":2,"featured_media":7595,"parent":7483,"menu_order":14,"comment_status":"closed","ping_status":"closed","template":"pt_oferta.php","meta":{"_links_to":"","_links_to_target":""},"_links":{"self":[{"href":"https:\/\/ecn.kielce.pl\/index.php\/wp-json\/wp\/v2\/pages\/7606"}],"collection":[{"href":"https:\/\/ecn.kielce.pl\/index.php\/wp-json\/wp\/v2\/pages"}],"about":[{"href":"https:\/\/ecn.kielce.pl\/index.php\/wp-json\/wp\/v2\/types\/page"}],"author":[{"embeddable":true,"href":"https:\/\/ecn.kielce.pl\/index.php\/wp-json\/wp\/v2\/users\/2"}],"replies":[{"embeddable":true,"href":"https:\/\/ecn.kielce.pl\/index.php\/wp-json\/wp\/v2\/comments?post=7606"}],"version-history":[{"count":1,"href":"https:\/\/ecn.kielce.pl\/index.php\/wp-json\/wp\/v2\/pages\/7606\/revisions"}],"predecessor-version":[{"id":7607,"href":"https:\/\/ecn.kielce.pl\/index.php\/wp-json\/wp\/v2\/pages\/7606\/revisions\/7607"}],"up":[{"embeddable":true,"href":"https:\/\/ecn.kielce.pl\/index.php\/wp-json\/wp\/v2\/pages\/7483"}],"wp:featuredmedia":[{"embeddable":true,"href":"https:\/\/ecn.kielce.pl\/index.php\/wp-json\/wp\/v2\/media\/7595"}],"wp:attachment":[{"href":"https:\/\/ecn.kielce.pl\/index.php\/wp-json\/wp\/v2\/media?parent=7606"}],"curies":[{"name":"wp","href":"https:\/\/api.w.org\/{rel}","templated":true}]}}