{"id":7592,"date":"2020-12-13T09:00:00","date_gmt":"2020-12-13T08:00:00","guid":{"rendered":"http:\/\/ecn.kielce.pl\/?page_id=7592"},"modified":"2020-12-11T15:52:02","modified_gmt":"2020-12-11T14:52:02","slug":"13-grudnia","status":"publish","type":"page","link":"https:\/\/ecn.kielce.pl\/index.php\/pl\/oferta\/ecn-on-line\/naukowy-kalendarz-adwentowy-ecn\/13-grudnia\/","title":{"rendered":"13 grudnia"},"content":{"rendered":"\n<p><strong>Czy wszystkie p\u0142atki \u015bniegu s\u0105 takie same?<\/strong><!--more--><\/p>\n<p>Nie ma dw\u00f3ch identycznych p\u0142atk\u00f3w. Dzieje si\u0119 tak, poniewa\u017c pomi\u0119dzy ziemi\u0105 a chmurami panuj\u0105 zmienne warunki\u00a0 atmosferyczne \u2013 ci\u015bnienie, temperatura, si\u0142a wiatru i wilgotno\u015b\u0107. Ka\u017cdy zatem p\u0142atek spadaj\u0105cy na ziemi\u0119 pokonuje inn\u0105 drog\u0119 i w r\u00f3\u017cnych, niepowtarzalnych warunkach. Poza tym, \u00a0j\u0105dro kondensacji ka\u017cdego p\u0142atka mo\u017ce mie\u0107 r\u00f3\u017cne po\u0142o\u017cenie, kszta\u0142t i wielko\u015b\u0107. Tak\u017ce d\u0142ugo\u015b\u0107 drogi p\u0142atk\u00f3w \u015bniegu do powierzchni ziemi jest r\u00f3\u017cna. Mimo \u017ce wszystkie p\u0142atki \u015bniegu z danej chmury odbywaj\u0105 podobn\u0105 drog\u0119 w podobnych warunkach, to wkraczaj\u0105 w nie w r\u00f3\u017cnym czasie. St\u0105d wp\u0142yw czynnik\u00f3w atmosferycznych na wszystkie p\u0142atki nie jest taki sam i ostateczny kszta\u0142t gwiazdek \u015bniegu jest zupe\u0142nie inny.<\/p>\n","protected":false},"excerpt":{"rendered":"<p>Czy wszystkie p\u0142atki \u015bniegu s\u0105 takie same?<\/p>\n","protected":false},"author":2,"featured_media":7594,"parent":7483,"menu_order":13,"comment_status":"closed","ping_status":"closed","template":"pt_oferta.php","meta":{"_links_to":"","_links_to_target":""},"_links":{"self":[{"href":"https:\/\/ecn.kielce.pl\/index.php\/wp-json\/wp\/v2\/pages\/7592"}],"collection":[{"href":"https:\/\/ecn.kielce.pl\/index.php\/wp-json\/wp\/v2\/pages"}],"about":[{"href":"https:\/\/ecn.kielce.pl\/index.php\/wp-json\/wp\/v2\/types\/page"}],"author":[{"embeddable":true,"href":"https:\/\/ecn.kielce.pl\/index.php\/wp-json\/wp\/v2\/users\/2"}],"replies":[{"embeddable":true,"href":"https:\/\/ecn.kielce.pl\/index.php\/wp-json\/wp\/v2\/comments?post=7592"}],"version-history":[{"count":3,"href":"https:\/\/ecn.kielce.pl\/index.php\/wp-json\/wp\/v2\/pages\/7592\/revisions"}],"predecessor-version":[{"id":7602,"href":"https:\/\/ecn.kielce.pl\/index.php\/wp-json\/wp\/v2\/pages\/7592\/revisions\/7602"}],"up":[{"embeddable":true,"href":"https:\/\/ecn.kielce.pl\/index.php\/wp-json\/wp\/v2\/pages\/7483"}],"wp:featuredmedia":[{"embeddable":true,"href":"https:\/\/ecn.kielce.pl\/index.php\/wp-json\/wp\/v2\/media\/7594"}],"wp:attachment":[{"href":"https:\/\/ecn.kielce.pl\/index.php\/wp-json\/wp\/v2\/media?parent=7592"}],"curies":[{"name":"wp","href":"https:\/\/api.w.org\/{rel}","templated":true}]}}