{"id":7587,"date":"2020-12-11T09:00:08","date_gmt":"2020-12-11T08:00:08","guid":{"rendered":"http:\/\/ecn.kielce.pl\/?page_id=7587"},"modified":"2020-12-11T08:41:51","modified_gmt":"2020-12-11T07:41:51","slug":"11-grudnia","status":"publish","type":"page","link":"https:\/\/ecn.kielce.pl\/index.php\/pl\/oferta\/ecn-on-line\/naukowy-kalendarz-adwentowy-ecn\/11-grudnia\/","title":{"rendered":"11 grudnia"},"content":{"rendered":"\n<p><strong>Gwiazda betlejemska zwana r\u00f3wnie\u017c poinsecj\u0105 lub wilczomleczem pi\u0119knym to ro\u015blina doniczkowa, kt\u00f3ra dla wielu os\u00f3b jest symbolem \u015awi\u0105t Bo\u017cego Narodzenia.<\/strong> <!--more--><\/p>\n<p>Zwyczaj dekorowania ni\u0105 domu przyw\u0119drowa\u0142 do nas z Ameryki P\u00f3\u0142nocnej. Barwny kwiat poinsecji to przebarwione li\u015bcie przykwiatowe, tzw. przykwiatki, kt\u00f3re otaczaj\u0105 bardzo drobne, \u017c\u00f3\u0142tawe kwiaty w\u0142a\u015bciwe.<\/p>\n<p>Nazwa wilczomlecz pochodzi od silnie dra\u017cni\u0105cego sk\u00f3r\u0119 mlecznego soku, kt\u00f3ry wycieka z uszkodzonych p\u0119d\u00f3w ro\u015bliny. Popularna nazwa &#8211; poinsecja &#8211; pochodzi od nazwiska pierwszego ambasadora USA w Meksyku Joel\u2019a Poinsett\u2019a, kt\u00f3ry by\u0142 nie tylko dyplomat\u0105, ale te\u017c botanikiem i to on jako pierwszy, w latach dwudziestych XIX wieku, sprowadzi\u0142 t\u0119 ro\u015blin\u0119 do Stan\u00f3w Zjednoczonych. Nazwa Gwiazda Betlejemska zwi\u0105zana jest z kszta\u0142tem jaki tworz\u0105 jej li\u015bcie oraz z okresem kwitnienia poinsecji &#8211; czasem Bo\u017cego Narodzenia. <\/p>\n","protected":false},"excerpt":{"rendered":"<p>Gwiazda betlejemska zwana r\u00f3wnie\u017c poinsecj\u0105 lub wilczomleczem pi\u0119knym to ro\u015blina doniczkowa, kt\u00f3ra dla wielu os\u00f3b jest symbolem \u015awi\u0105t Bo\u017cego Narodzenia.<\/p>\n","protected":false},"author":2,"featured_media":7526,"parent":7483,"menu_order":11,"comment_status":"closed","ping_status":"closed","template":"pt_oferta.php","meta":{"_links_to":"","_links_to_target":""},"_links":{"self":[{"href":"https:\/\/ecn.kielce.pl\/index.php\/wp-json\/wp\/v2\/pages\/7587"}],"collection":[{"href":"https:\/\/ecn.kielce.pl\/index.php\/wp-json\/wp\/v2\/pages"}],"about":[{"href":"https:\/\/ecn.kielce.pl\/index.php\/wp-json\/wp\/v2\/types\/page"}],"author":[{"embeddable":true,"href":"https:\/\/ecn.kielce.pl\/index.php\/wp-json\/wp\/v2\/users\/2"}],"replies":[{"embeddable":true,"href":"https:\/\/ecn.kielce.pl\/index.php\/wp-json\/wp\/v2\/comments?post=7587"}],"version-history":[{"count":1,"href":"https:\/\/ecn.kielce.pl\/index.php\/wp-json\/wp\/v2\/pages\/7587\/revisions"}],"predecessor-version":[{"id":7588,"href":"https:\/\/ecn.kielce.pl\/index.php\/wp-json\/wp\/v2\/pages\/7587\/revisions\/7588"}],"up":[{"embeddable":true,"href":"https:\/\/ecn.kielce.pl\/index.php\/wp-json\/wp\/v2\/pages\/7483"}],"wp:featuredmedia":[{"embeddable":true,"href":"https:\/\/ecn.kielce.pl\/index.php\/wp-json\/wp\/v2\/media\/7526"}],"wp:attachment":[{"href":"https:\/\/ecn.kielce.pl\/index.php\/wp-json\/wp\/v2\/media?parent=7587"}],"curies":[{"name":"wp","href":"https:\/\/api.w.org\/{rel}","templated":true}]}}