{"id":7572,"date":"2020-12-10T11:19:12","date_gmt":"2020-12-10T10:19:12","guid":{"rendered":"http:\/\/ecn.kielce.pl\/?page_id=7572"},"modified":"2020-12-10T11:24:21","modified_gmt":"2020-12-10T10:24:21","slug":"bombka-swiateczna-potrzebne-materialy","status":"publish","type":"page","link":"https:\/\/ecn.kielce.pl\/index.php\/pl\/oferta\/ecn-on-line\/swiateczne-domowe-laboratorium\/bombka-swiateczna-potrzebne-materialy\/","title":{"rendered":"Bombka \u015bwi\u0105teczna \u2013 potrzebne materia\u0142y"},"content":{"rendered":"\n<p><strong>Do wykonania \u015bwi\u0105tecznej bombki b\u0119d\u0105 potrzebne:<\/strong><!--more--><\/p>\n<p>\u2013 bombka akrylowa<br \/>\u2013 1 \u0142y\u017cka poliakrylanu sodu (znajdziemy go w pampersach) lub gotowy sztuczny \u015bnieg<br \/>\u2013 ga\u0142\u0105zka igliwia<br \/>\u2013 ostrokrzew<br \/>\u2013 szyszka<br \/>\u2013 bia\u0142y brokat sypki oraz w p\u0142atkach<br \/>\u2013 wst\u0105\u017cka o d\u0142ugo\u015bci ok. 20 cm<br \/>\u2013 no\u017cyczki<\/p>\n","protected":false},"excerpt":{"rendered":"<p>Do wykonania \u015bwi\u0105tecznej bombki b\u0119d\u0105 potrzebne:<\/p>\n","protected":false},"author":2,"featured_media":7538,"parent":7566,"menu_order":4,"comment_status":"closed","ping_status":"closed","template":"pt_oferta.php","meta":{"_links_to":"","_links_to_target":""},"_links":{"self":[{"href":"https:\/\/ecn.kielce.pl\/index.php\/wp-json\/wp\/v2\/pages\/7572"}],"collection":[{"href":"https:\/\/ecn.kielce.pl\/index.php\/wp-json\/wp\/v2\/pages"}],"about":[{"href":"https:\/\/ecn.kielce.pl\/index.php\/wp-json\/wp\/v2\/types\/page"}],"author":[{"embeddable":true,"href":"https:\/\/ecn.kielce.pl\/index.php\/wp-json\/wp\/v2\/users\/2"}],"replies":[{"embeddable":true,"href":"https:\/\/ecn.kielce.pl\/index.php\/wp-json\/wp\/v2\/comments?post=7572"}],"version-history":[{"count":3,"href":"https:\/\/ecn.kielce.pl\/index.php\/wp-json\/wp\/v2\/pages\/7572\/revisions"}],"predecessor-version":[{"id":7584,"href":"https:\/\/ecn.kielce.pl\/index.php\/wp-json\/wp\/v2\/pages\/7572\/revisions\/7584"}],"up":[{"embeddable":true,"href":"https:\/\/ecn.kielce.pl\/index.php\/wp-json\/wp\/v2\/pages\/7566"}],"wp:featuredmedia":[{"embeddable":true,"href":"https:\/\/ecn.kielce.pl\/index.php\/wp-json\/wp\/v2\/media\/7538"}],"wp:attachment":[{"href":"https:\/\/ecn.kielce.pl\/index.php\/wp-json\/wp\/v2\/media?parent=7572"}],"curies":[{"name":"wp","href":"https:\/\/api.w.org\/{rel}","templated":true}]}}