{"id":7570,"date":"2020-12-10T11:17:58","date_gmt":"2020-12-10T10:17:58","guid":{"rendered":"http:\/\/ecn.kielce.pl\/?page_id=7570"},"modified":"2020-12-10T11:24:37","modified_gmt":"2020-12-10T10:24:37","slug":"kartka-swiateczna-wykonanie","status":"publish","type":"page","link":"https:\/\/ecn.kielce.pl\/index.php\/pl\/oferta\/ecn-on-line\/swiateczne-domowe-laboratorium\/kartka-swiateczna-wykonanie\/","title":{"rendered":"Kartka \u015bwi\u0105teczna \u2013 wykonanie"},"content":{"rendered":"\n<p><strong>Zobacz, jak wykona\u0107 \u015bwiec\u0105c\u0105 kartk\u0119 \u015bwi\u0105teczn\u0105.<\/strong><!--more--><\/p>\n<p><iframe title=\"Kartka \u015bwi\u0105teczna\" width=\"500\" height=\"281\" src=\"https:\/\/www.youtube.com\/embed\/IPlRwGGdoHQ?feature=oembed\" frameborder=\"0\" allow=\"accelerometer; autoplay; clipboard-write; encrypted-media; gyroscope; picture-in-picture\" allowfullscreen><\/iframe><\/p>\n","protected":false},"excerpt":{"rendered":"<p>Zobacz, jak wykona\u0107 \u015bwiec\u0105c\u0105 kartk\u0119 \u015bwi\u0105teczn\u0105.<\/p>\n","protected":false},"author":2,"featured_media":7508,"parent":7566,"menu_order":5,"comment_status":"closed","ping_status":"closed","template":"pt_oferta.php","meta":{"_links_to":"","_links_to_target":""},"_links":{"self":[{"href":"https:\/\/ecn.kielce.pl\/index.php\/wp-json\/wp\/v2\/pages\/7570"}],"collection":[{"href":"https:\/\/ecn.kielce.pl\/index.php\/wp-json\/wp\/v2\/pages"}],"about":[{"href":"https:\/\/ecn.kielce.pl\/index.php\/wp-json\/wp\/v2\/types\/page"}],"author":[{"embeddable":true,"href":"https:\/\/ecn.kielce.pl\/index.php\/wp-json\/wp\/v2\/users\/2"}],"replies":[{"embeddable":true,"href":"https:\/\/ecn.kielce.pl\/index.php\/wp-json\/wp\/v2\/comments?post=7570"}],"version-history":[{"count":3,"href":"https:\/\/ecn.kielce.pl\/index.php\/wp-json\/wp\/v2\/pages\/7570\/revisions"}],"predecessor-version":[{"id":7585,"href":"https:\/\/ecn.kielce.pl\/index.php\/wp-json\/wp\/v2\/pages\/7570\/revisions\/7585"}],"up":[{"embeddable":true,"href":"https:\/\/ecn.kielce.pl\/index.php\/wp-json\/wp\/v2\/pages\/7566"}],"wp:featuredmedia":[{"embeddable":true,"href":"https:\/\/ecn.kielce.pl\/index.php\/wp-json\/wp\/v2\/media\/7508"}],"wp:attachment":[{"href":"https:\/\/ecn.kielce.pl\/index.php\/wp-json\/wp\/v2\/media?parent=7570"}],"curies":[{"name":"wp","href":"https:\/\/api.w.org\/{rel}","templated":true}]}}