{"id":7566,"date":"2020-12-10T11:14:12","date_gmt":"2020-12-10T10:14:12","guid":{"rendered":"http:\/\/ecn.kielce.pl\/?page_id=7566"},"modified":"2021-01-18T11:36:27","modified_gmt":"2021-01-18T10:36:27","slug":"swiateczne-domowe-laboratorium","status":"publish","type":"page","link":"https:\/\/ecn.kielce.pl\/index.php\/pl\/oferta\/ecn-on-line\/swiateczne-domowe-laboratorium\/","title":{"rendered":"\u015awi\u0105teczne domowe laboratorium"},"content":{"rendered":"\n<p><strong>Zapraszamy na cykl \u015bwi\u0105tecznych eksperyment\u00f3w online, kt\u00f3re nie tylko wprowadz\u0105 w wyj\u0105tkowy klimat, ale r\u00f3wnie\u017c pozwol\u0105 zrozumie\u0107 rozmaite zjawiska naukowe.<\/strong><!--more--><\/p>\n<p>W ka\u017cd\u0105 sobot\u0119 grudnia, a\u017c do 19.12, b\u0119dziemy publikowa\u0107 eksperymenty, zwi\u0105zane z okresem \u015awi\u0105t Bo\u017cego Narodzenia. Tydzie\u0144 przed publikacj\u0105 ka\u017cdego z eksperyment\u00f3w b\u0119dziemy zamieszcza\u0107 list\u0119 sk\u0142adnik\u00f3w, niezb\u0119dnych do jego wykonania. Zaproponowane przez edukator\u00f3w ECN do\u015bwiadczenia b\u0119d\u0105 stanowi\u0107 doskona\u0142y impuls do wsp\u00f3lnie sp\u0119dzonego czasu w gronie najbli\u017cszych, ale tak\u017ce mog\u0105 by\u0107 podpowiedzi\u0105 na \u015bwi\u0105teczne, samodzielnie wykonane prezenty.<\/p>\n<p>Serdecznie zapraszamy do aktywnego uczestnictwa w cyklu.<\/p>\n","protected":false},"excerpt":{"rendered":"<p>Zapraszamy na cykl \u015bwi\u0105tecznych eksperyment\u00f3w online, kt\u00f3re nie tylko wprowadz\u0105 w wyj\u0105tkowy klimat, ale r\u00f3wnie\u017c pozwol\u0105 zrozumie\u0107 rozmaite zjawiska naukowe.<\/p>\n","protected":false},"author":2,"featured_media":7449,"parent":6655,"menu_order":8,"comment_status":"closed","ping_status":"closed","template":"pt_oferta_kafelki.php","meta":{"_links_to":"","_links_to_target":""},"_links":{"self":[{"href":"https:\/\/ecn.kielce.pl\/index.php\/wp-json\/wp\/v2\/pages\/7566"}],"collection":[{"href":"https:\/\/ecn.kielce.pl\/index.php\/wp-json\/wp\/v2\/pages"}],"about":[{"href":"https:\/\/ecn.kielce.pl\/index.php\/wp-json\/wp\/v2\/types\/page"}],"author":[{"embeddable":true,"href":"https:\/\/ecn.kielce.pl\/index.php\/wp-json\/wp\/v2\/users\/2"}],"replies":[{"embeddable":true,"href":"https:\/\/ecn.kielce.pl\/index.php\/wp-json\/wp\/v2\/comments?post=7566"}],"version-history":[{"count":3,"href":"https:\/\/ecn.kielce.pl\/index.php\/wp-json\/wp\/v2\/pages\/7566\/revisions"}],"predecessor-version":[{"id":7582,"href":"https:\/\/ecn.kielce.pl\/index.php\/wp-json\/wp\/v2\/pages\/7566\/revisions\/7582"}],"up":[{"embeddable":true,"href":"https:\/\/ecn.kielce.pl\/index.php\/wp-json\/wp\/v2\/pages\/6655"}],"wp:featuredmedia":[{"embeddable":true,"href":"https:\/\/ecn.kielce.pl\/index.php\/wp-json\/wp\/v2\/media\/7449"}],"wp:attachment":[{"href":"https:\/\/ecn.kielce.pl\/index.php\/wp-json\/wp\/v2\/media?parent=7566"}],"curies":[{"name":"wp","href":"https:\/\/api.w.org\/{rel}","templated":true}]}}