{"id":7498,"date":"2020-12-05T09:00:00","date_gmt":"2020-12-05T08:00:00","guid":{"rendered":"http:\/\/ecn.kielce.pl\/?page_id=7498"},"modified":"2020-12-04T15:02:50","modified_gmt":"2020-12-04T14:02:50","slug":"5-grudnia","status":"publish","type":"page","link":"https:\/\/ecn.kielce.pl\/index.php\/pl\/oferta\/ecn-on-line\/naukowy-kalendarz-adwentowy-ecn\/5-grudnia\/","title":{"rendered":"5 grudnia"},"content":{"rendered":"\n<p><strong>\u015anieg tworzy si\u0119 w chmurach silnie nasyconych par\u0105 wodn\u0105.<\/strong><\/p>\n<p><!--more-->Kiedy temperatura spada poni\u017cej zera, wok\u00f3\u0142 kr\u0105\u017c\u0105cych w powietrzu drobinek kurzu czy py\u0142ku ro\u015blin (w j\u0119zyku fizyki zwanych j\u0105drami kondensacji) zaczyna tworzy\u0107 si\u0119 kryszta\u0142ek lodu. Jak my\u015blicie, ile ramion ma p\u0142atek \u015bniegu?<\/p>\n<p><img loading=\"lazy\" class=\"size-medium wp-image-7501 aligncenter\" src=\"http:\/\/ecn.kielce.pl\/wp-content\/uploads\/2020\/12\/snowflakes-adwent-300x300.png\" alt=\"\" width=\"300\" height=\"300\" srcset=\"https:\/\/ecn.kielce.pl\/wp-content\/uploads\/2020\/12\/snowflakes-adwent-300x300.png 300w, https:\/\/ecn.kielce.pl\/wp-content\/uploads\/2020\/12\/snowflakes-adwent-1024x1024.png 1024w, https:\/\/ecn.kielce.pl\/wp-content\/uploads\/2020\/12\/snowflakes-adwent-150x150.png 150w, https:\/\/ecn.kielce.pl\/wp-content\/uploads\/2020\/12\/snowflakes-adwent-768x768.png 768w, https:\/\/ecn.kielce.pl\/wp-content\/uploads\/2020\/12\/snowflakes-adwent.png 1200w\" sizes=\"(max-width: 300px) 100vw, 300px\" \/><\/p>\n<p>Przybiera on kszta\u0142t graniastos\u0142upa sze\u015bciok\u0105tnego. Jednak wraz ze zwi\u0119kszaniem si\u0119 rozmiaru, forma kryszta\u0142u zaczyna robi\u0107 si\u0119 coraz bardziej nieregularna i niepowtarzalna. Najszybciej przyrastaj\u0105 jego wypuk\u0142e i najbardziej oddalone od \u015brodka cz\u0119\u015bci. Z sze\u015bciok\u0105tnego, prostego p\u0142atka wyrasta sze\u015bcioramienna, symetryczna gwiazdka.<\/p>\n","protected":false},"excerpt":{"rendered":"<p>\u015anieg tworzy si\u0119 w chmurach silnie nasyconych par\u0105 wodn\u0105.<\/p>\n","protected":false},"author":2,"featured_media":7499,"parent":7483,"menu_order":5,"comment_status":"closed","ping_status":"closed","template":"pt_oferta.php","meta":{"_links_to":"","_links_to_target":""},"_links":{"self":[{"href":"https:\/\/ecn.kielce.pl\/index.php\/wp-json\/wp\/v2\/pages\/7498"}],"collection":[{"href":"https:\/\/ecn.kielce.pl\/index.php\/wp-json\/wp\/v2\/pages"}],"about":[{"href":"https:\/\/ecn.kielce.pl\/index.php\/wp-json\/wp\/v2\/types\/page"}],"author":[{"embeddable":true,"href":"https:\/\/ecn.kielce.pl\/index.php\/wp-json\/wp\/v2\/users\/2"}],"replies":[{"embeddable":true,"href":"https:\/\/ecn.kielce.pl\/index.php\/wp-json\/wp\/v2\/comments?post=7498"}],"version-history":[{"count":1,"href":"https:\/\/ecn.kielce.pl\/index.php\/wp-json\/wp\/v2\/pages\/7498\/revisions"}],"predecessor-version":[{"id":7502,"href":"https:\/\/ecn.kielce.pl\/index.php\/wp-json\/wp\/v2\/pages\/7498\/revisions\/7502"}],"up":[{"embeddable":true,"href":"https:\/\/ecn.kielce.pl\/index.php\/wp-json\/wp\/v2\/pages\/7483"}],"wp:featuredmedia":[{"embeddable":true,"href":"https:\/\/ecn.kielce.pl\/index.php\/wp-json\/wp\/v2\/media\/7499"}],"wp:attachment":[{"href":"https:\/\/ecn.kielce.pl\/index.php\/wp-json\/wp\/v2\/media?parent=7498"}],"curies":[{"name":"wp","href":"https:\/\/api.w.org\/{rel}","templated":true}]}}