{"id":7485,"date":"2020-12-01T11:47:14","date_gmt":"2020-12-01T10:47:14","guid":{"rendered":"http:\/\/ecn.kielce.pl\/?page_id=7485"},"modified":"2020-12-02T09:44:25","modified_gmt":"2020-12-02T08:44:25","slug":"1-grudnia-niezwykla-zaba-lesna","status":"publish","type":"page","link":"https:\/\/ecn.kielce.pl\/index.php\/pl\/oferta\/ecn-on-line\/naukowy-kalendarz-adwentowy-ecn\/1-grudnia-niezwykla-zaba-lesna\/","title":{"rendered":"1 grudnia"},"content":{"rendered":"\n<p><strong>Strategia \u017caby le\u015bnej (Rana sylvatica) jest fascynuj\u0105cym przyk\u0142adem adaptacji organizmu do skrajnych warunk\u00f3w \u017cycia. <\/strong><\/p>\n<p>Zamieszkuje ona bowiem tereny Ameryki P\u00f3\u0142nocnej, a jej zasi\u0119g przekracza nawet obszar ko\u0142a podbiegunowego, gdzie temperatury zim\u0105 cz\u0119sto spadaj\u0105 poni\u017cej 50 stopni Celsjusza. Jak zatem radzi sobie tytu\u0142owy p\u0142az w tak niesprzyjaj\u0105cym otoczeniu? Nic prostszego &#8211; po prostu zamarza. Temperatura jej cia\u0142a mo\u017ce spada\u0107 nawet do &#8211; 8 stopni Celsjusza, co sprawia, \u017ce staje si\u0119 &#8230; lodow\u0105 bry\u0142k\u0105. Przy \u017cyciu utrzymuj\u0105 j\u0105 zebrane wcze\u015bniej zapasy. Bowiem wysoka zawarto\u015b\u0107 glukozy chroni kom\u00f3rki jej cia\u0142a przed odwodnieniem. W takim stanie ten niezwyk\u0142y p\u0142az jest w stanie przebywa\u0107 nawet 2 tygodnie! Co jest jednak najbardziej zaskakuj\u0105ce, po &#8220;rozmro\u017ceniu&#8221; \u017caba normalnie funkcjonuje, a ten osobliwy stan fikcyjnej \u015bmierci po prostu znika.<\/p>\n\n\n","protected":false},"excerpt":{"rendered":"<p>Strategia \u017caby le\u015bnej (Rana sylvatica) jest fascynuj\u0105cym przyk\u0142adem adaptacji organizmu do skrajnych warunk\u00f3w \u017cycia. Zamieszkuje ona bowiem tereny Ameryki P\u00f3\u0142nocnej, a jej zasi\u0119g przekracza nawet obszar ko\u0142a podbiegunowego, gdzie temperatury zim\u0105 cz\u0119sto spadaj\u0105 poni\u017cej 50 stopni Celsjusza. Jak zatem radzi sobie tytu\u0142owy p\u0142az w tak niesprzyjaj\u0105cym otoczeniu? Nic prostszego &#8211; po prostu zamarza. Temperatura jej [&hellip;]<\/p>\n","protected":false},"author":2,"featured_media":7486,"parent":7483,"menu_order":1,"comment_status":"closed","ping_status":"closed","template":"pt_oferta.php","meta":{"_links_to":"","_links_to_target":""},"_links":{"self":[{"href":"https:\/\/ecn.kielce.pl\/index.php\/wp-json\/wp\/v2\/pages\/7485"}],"collection":[{"href":"https:\/\/ecn.kielce.pl\/index.php\/wp-json\/wp\/v2\/pages"}],"about":[{"href":"https:\/\/ecn.kielce.pl\/index.php\/wp-json\/wp\/v2\/types\/page"}],"author":[{"embeddable":true,"href":"https:\/\/ecn.kielce.pl\/index.php\/wp-json\/wp\/v2\/users\/2"}],"replies":[{"embeddable":true,"href":"https:\/\/ecn.kielce.pl\/index.php\/wp-json\/wp\/v2\/comments?post=7485"}],"version-history":[{"count":2,"href":"https:\/\/ecn.kielce.pl\/index.php\/wp-json\/wp\/v2\/pages\/7485\/revisions"}],"predecessor-version":[{"id":7489,"href":"https:\/\/ecn.kielce.pl\/index.php\/wp-json\/wp\/v2\/pages\/7485\/revisions\/7489"}],"up":[{"embeddable":true,"href":"https:\/\/ecn.kielce.pl\/index.php\/wp-json\/wp\/v2\/pages\/7483"}],"wp:featuredmedia":[{"embeddable":true,"href":"https:\/\/ecn.kielce.pl\/index.php\/wp-json\/wp\/v2\/media\/7486"}],"wp:attachment":[{"href":"https:\/\/ecn.kielce.pl\/index.php\/wp-json\/wp\/v2\/media?parent=7485"}],"curies":[{"name":"wp","href":"https:\/\/api.w.org\/{rel}","templated":true}]}}