{"id":7483,"date":"2020-12-01T11:42:10","date_gmt":"2020-12-01T10:42:10","guid":{"rendered":"http:\/\/ecn.kielce.pl\/?page_id=7483"},"modified":"2021-01-18T11:36:00","modified_gmt":"2021-01-18T10:36:00","slug":"naukowy-kalendarz-adwentowy-ecn","status":"publish","type":"page","link":"https:\/\/ecn.kielce.pl\/index.php\/pl\/oferta\/ecn-on-line\/naukowy-kalendarz-adwentowy-ecn\/","title":{"rendered":"Naukowy kalendarz adwentowy ECN"},"content":{"rendered":"\n<p><strong>Co kryje naukowy kalendarz adwentowy ECN? Zapraszamy do wsp\u00f3lnego odliczania do \u015bwi\u0105t!<\/strong><\/p>\n<p>Od 1 do 24 grudnia na naszej stronie i w social mediach b\u0119dziemy odkrywa\u0107 przed\u015bwi\u0105teczne dni, wyczekuj\u0105c w ten spos\u00f3b pierwszej gwiazdki. W jaki spos\u00f3b b\u0119dzie przebiega\u0142 nasz projekt? Ka\u017cda data skrywa\u0107 b\u0119dzie inne wyzwanie. Nasi edukatorzy przygotowali eksperymenty, kt\u00f3re mo\u017cna wykona\u0107 w domowych warunkach, zagadki, kt\u00f3re pobudz\u0105 szare kom\u00f3rki oraz ciekawostki, kt\u00f3re poszerz\u0105 wiedz\u0105 o otaczaj\u0105cym nas \u015bwiecie. Ka\u017cdego dnia b\u0119dziemy odkrywa\u0107 coraz to nowsze zadania, jakie nale\u017cy wykona\u0107: albo jaki\u015b eksperyment, zagadk\u0119, albo ciekawostk\u0119 do zg\u0142\u0119bienia. Zach\u0119camy do poznania intryguj\u0105cych zagadnie\u0144 z naukowego kalendarza adwentowego ECN, kt\u00f3ry umili czas rodzinnego oczekiwania na \u015bwi\u0119ta.<\/p>\n","protected":false},"excerpt":{"rendered":"<p>Co kryje naukowy kalendarz adwentowy ECN? Zapraszamy do wsp\u00f3lnego odliczania do \u015bwi\u0105t! Od 1 do 24 grudnia na naszej stronie i w social mediach b\u0119dziemy odkrywa\u0107 przed\u015bwi\u0105teczne dni, wyczekuj\u0105c w ten spos\u00f3b pierwszej gwiazdki. W jaki spos\u00f3b b\u0119dzie przebiega\u0142 nasz projekt? Ka\u017cda data skrywa\u0107 b\u0119dzie inne wyzwanie. Nasi edukatorzy przygotowali eksperymenty, kt\u00f3re mo\u017cna wykona\u0107 w [&hellip;]<\/p>\n","protected":false},"author":2,"featured_media":7456,"parent":6655,"menu_order":9,"comment_status":"closed","ping_status":"closed","template":"pt_oferta_kafelki.php","meta":{"_links_to":"","_links_to_target":""},"_links":{"self":[{"href":"https:\/\/ecn.kielce.pl\/index.php\/wp-json\/wp\/v2\/pages\/7483"}],"collection":[{"href":"https:\/\/ecn.kielce.pl\/index.php\/wp-json\/wp\/v2\/pages"}],"about":[{"href":"https:\/\/ecn.kielce.pl\/index.php\/wp-json\/wp\/v2\/types\/page"}],"author":[{"embeddable":true,"href":"https:\/\/ecn.kielce.pl\/index.php\/wp-json\/wp\/v2\/users\/2"}],"replies":[{"embeddable":true,"href":"https:\/\/ecn.kielce.pl\/index.php\/wp-json\/wp\/v2\/comments?post=7483"}],"version-history":[{"count":1,"href":"https:\/\/ecn.kielce.pl\/index.php\/wp-json\/wp\/v2\/pages\/7483\/revisions"}],"predecessor-version":[{"id":7484,"href":"https:\/\/ecn.kielce.pl\/index.php\/wp-json\/wp\/v2\/pages\/7483\/revisions\/7484"}],"up":[{"embeddable":true,"href":"https:\/\/ecn.kielce.pl\/index.php\/wp-json\/wp\/v2\/pages\/6655"}],"wp:featuredmedia":[{"embeddable":true,"href":"https:\/\/ecn.kielce.pl\/index.php\/wp-json\/wp\/v2\/media\/7456"}],"wp:attachment":[{"href":"https:\/\/ecn.kielce.pl\/index.php\/wp-json\/wp\/v2\/media?parent=7483"}],"curies":[{"name":"wp","href":"https:\/\/api.w.org\/{rel}","templated":true}]}}