{"id":7374,"date":"2020-10-28T21:42:54","date_gmt":"2020-10-28T20:42:54","guid":{"rendered":"http:\/\/ecn.kielce.pl\/?page_id=7374"},"modified":"2020-10-28T21:42:55","modified_gmt":"2020-10-28T20:42:55","slug":"w-jakiej-temperaturze-wrze-woda","status":"publish","type":"page","link":"https:\/\/ecn.kielce.pl\/index.php\/pl\/oferta\/ecn-on-line\/ciekawostki-ecn\/w-jakiej-temperaturze-wrze-woda\/","title":{"rendered":"W jakiej temperaturze wrze woda?"},"content":{"rendered":"\n<div class=\"mt4\">\n<p><strong>Odpowied\u017a na to pytanie wydawa\u0107 by si\u0119 mog\u0142a dziecinnie prosta. Zgadza si\u0119 \u2013 <\/strong><em><strong>wydawa\u0107<\/strong><\/em><strong>.<\/strong><\/p>\n<span id=\"more-6427\"><\/span>\n<p>Ka\u017cda osoba, kt\u00f3rej zadano by to pytanie, z du\u017c\u0105 doz\u0105 pewno\u015bci odpowiedzia\u0142aby, \u017ce woda wrze w temperaturze 100 stopni Celsjusza. I jest to prawda, je\u015bli spe\u0142niona zostanie pewna zale\u017cno\u015b\u0107: ci\u015bnienie wyniesie 1013 hPa. Natomiast, je\u015bli jest ono mniejsze od wspomnianego, woda wrze w ni\u017cszej temperaturze. Dlatego, chc\u0105c zagotowa\u0107 wod\u0119 na szczycie Mount Everestu, wystarczy doprowadzi\u0107 j\u0105 do temperatury 68 stopni Celsjusza.<\/p>\n<\/div>\n","protected":false},"excerpt":{"rendered":"<p>Odpowied\u017a na to pytanie wydawa\u0107 by si\u0119 mog\u0142a dziecinnie prosta. Zgadza si\u0119 \u2013 wydawa\u0107. Ka\u017cda osoba, kt\u00f3rej zadano by to pytanie, z du\u017c\u0105 doz\u0105 pewno\u015bci odpowiedzia\u0142aby, \u017ce woda wrze w temperaturze 100 stopni Celsjusza. I jest to prawda, je\u015bli spe\u0142niona zostanie pewna zale\u017cno\u015b\u0107: ci\u015bnienie wyniesie 1013 hPa. Natomiast, je\u015bli jest ono mniejsze od wspomnianego, woda [&hellip;]<\/p>\n","protected":false},"author":2,"featured_media":6428,"parent":7337,"menu_order":0,"comment_status":"closed","ping_status":"closed","template":"pt_oferta.php","meta":{"_links_to":"","_links_to_target":""},"_links":{"self":[{"href":"https:\/\/ecn.kielce.pl\/index.php\/wp-json\/wp\/v2\/pages\/7374"}],"collection":[{"href":"https:\/\/ecn.kielce.pl\/index.php\/wp-json\/wp\/v2\/pages"}],"about":[{"href":"https:\/\/ecn.kielce.pl\/index.php\/wp-json\/wp\/v2\/types\/page"}],"author":[{"embeddable":true,"href":"https:\/\/ecn.kielce.pl\/index.php\/wp-json\/wp\/v2\/users\/2"}],"replies":[{"embeddable":true,"href":"https:\/\/ecn.kielce.pl\/index.php\/wp-json\/wp\/v2\/comments?post=7374"}],"version-history":[{"count":1,"href":"https:\/\/ecn.kielce.pl\/index.php\/wp-json\/wp\/v2\/pages\/7374\/revisions"}],"predecessor-version":[{"id":7375,"href":"https:\/\/ecn.kielce.pl\/index.php\/wp-json\/wp\/v2\/pages\/7374\/revisions\/7375"}],"up":[{"embeddable":true,"href":"https:\/\/ecn.kielce.pl\/index.php\/wp-json\/wp\/v2\/pages\/7337"}],"wp:featuredmedia":[{"embeddable":true,"href":"https:\/\/ecn.kielce.pl\/index.php\/wp-json\/wp\/v2\/media\/6428"}],"wp:attachment":[{"href":"https:\/\/ecn.kielce.pl\/index.php\/wp-json\/wp\/v2\/media?parent=7374"}],"curies":[{"name":"wp","href":"https:\/\/api.w.org\/{rel}","templated":true}]}}